{"id":153385,"date":"2025-09-29T13:19:40","date_gmt":"2025-09-29T13:19:40","guid":{"rendered":"https:\/\/minervashop.eu\/toode\/small-wooden-wall-shelf\/"},"modified":"2025-09-29T13:19:40","modified_gmt":"2025-09-29T13:19:40","slug":"small-wooden-wall-shelf","status":"publish","type":"product","link":"https:\/\/minervashop.eu\/en\/product\/small-wooden-wall-shelf\/","title":{"rendered":"Small wooden wall shelf"},"content":{"rendered":"","protected":false},"excerpt":{"rendered":"<div class=\"product-short-description\">\n<h3><strong>see more information <a href=\"https:\/\/rnojomku.sendsmaily.net\/templates\/9e110e04-5e30-4e8b-bb40-bf7729f773df\/html\/\">here<\/a><\/strong><\/h3>\n<p>candles not in set<\/p>\n<p>1. Materjal: k\u00f5rge kvaliteediga puit, sile, vastupidav, tugev. Siia v\u00f5ib panna kristalle, k\u00fc\u00fcnlaid, kive, eeterlikke \u00f5lisid, aroomilampi, , taimi, gooti ja Zen dekoratsioone.<br \/>\n2. moekas stiil<br \/>\n3. laia kasutusega.<br \/>\n4. hea kingi idee: sobib s\u00f5pradele, pereliikmetele, iga\u00fchele, kes armastab kristalle ja kive. <\/p>\n<p>5. lihtne paigaldada: riputa seinale v\u00f5i uksele vm. sobivasse kohta. <\/p>\n<\/div>\n","protected":false},"featured_media":153235,"template":"","meta":[],"product_brand":[],"product_cat":[343,181,636,668,446],"product_tag":[],"class_list":{"0":"post-153385","1":"product","2":"type-product","3":"status-publish","4":"has-post-thumbnail","6":"product_cat-banbha-en","7":"product_cat-ceridwen-en","8":"product_cat-felines","9":"product_cat-owls","10":"product_cat-accessories-and-product-stands","11":"product_shipping_class-m-en","13":"first","14":"instock","15":"taxable","16":"shipping-taxable","17":"purchasable","18":"product-type-variable"},"_links":{"self":[{"href":"https:\/\/minervashop.eu\/en\/wp-json\/wp\/v2\/product\/153385","targetHints":{"allow":["GET"]}}],"collection":[{"href":"https:\/\/minervashop.eu\/en\/wp-json\/wp\/v2\/product"}],"about":[{"href":"https:\/\/minervashop.eu\/en\/wp-json\/wp\/v2\/types\/product"}],"wp:featuredmedia":[{"embeddable":true,"href":"https:\/\/minervashop.eu\/en\/wp-json\/wp\/v2\/media\/153235"}],"wp:attachment":[{"href":"https:\/\/minervashop.eu\/en\/wp-json\/wp\/v2\/media?parent=153385"}],"wp:term":[{"taxonomy":"product_brand","embeddable":true,"href":"https:\/\/minervashop.eu\/en\/wp-json\/wp\/v2\/product_brand?post=153385"},{"taxonomy":"product_cat","embeddable":true,"href":"https:\/\/minervashop.eu\/en\/wp-json\/wp\/v2\/product_cat?post=153385"},{"taxonomy":"product_tag","embeddable":true,"href":"https:\/\/minervashop.eu\/en\/wp-json\/wp\/v2\/product_tag?post=153385"}],"curies":[{"name":"wp","href":"https:\/\/api.w.org\/{rel}","templated":true}]}}