{"id":153463,"date":"2025-08-23T09:03:51","date_gmt":"2025-08-23T09:03:51","guid":{"rendered":"https:\/\/minervashop.eu\/toode\/moonstone-and-colorful-stones-silver-earrings\/"},"modified":"2026-02-13T10:28:02","modified_gmt":"2026-02-13T10:28:02","slug":"moonstone-and-colorful-stones-silver-earrings","status":"publish","type":"product","link":"https:\/\/minervashop.eu\/en\/product\/moonstone-and-colorful-stones-silver-earrings\/","title":{"rendered":"Moonstone and colorful stones silver earrings"},"content":{"rendered":"<div id=\"row-1835236146\" class=\"row\">\n<div id=\"col-169537418\" class=\"col small-12 large-12\">\n<div class=\"col-inner\">\n<div class=\"woocommerce-tabs wc-tabs-wrapper container tabbed-content\">\n<div class=\"tab-panels\">\n<div id=\"tab-description\" class=\"woocommerce-Tabs-panel woocommerce-Tabs-panel--description panel entry-content active\" role=\"tabpanel\" aria-labelledby=\"tab-title-description\">\n<div id=\"row-217090586\" class=\"row\">\n<div id=\"col-823642080\" class=\"col small-12 large-12\">\n<div class=\"col-inner\">\n<div class=\"woocommerce-tabs wc-tabs-wrapper container tabbed-content\">\n<div class=\"tab-panels\">\n<div id=\"tab-description\" class=\"woocommerce-Tabs-panel woocommerce-Tabs-panel--description panel entry-content active\" role=\"tabpanel\" aria-labelledby=\"tab-title-description\">\n<p class=\"western\" align=\"justify\"><b>KUUKIVI<\/b>\u2013 (p\u00e4rljas l\u00e4bikumav, harilikult sinakas v\u00f5i h\u00f5bejas kivi.) Hall kuukivi sobib t\u00f5kete kaotamiseks, valge kuukivi meheliku ja naiseliku energia tasakaalustamiseks. Sinakas kivi teravdab kontsentreerumist ja aitab v\u00e4ltida igasugust meeltesegadust. Naiselik kivi, nagu v\u00f5luamulett \u2013 toob naiselikkust ja loob hea aura selle kandja \u00fcmber. M\u00fcstilise j\u00f5u kivi. Reisijate talisman. Rahustab ja seab meid elama loodusega r\u00fctmis. VAIM: intuitsioon; aitab unesk\u00f5ndimise vastu; annab tunnetele s\u00fcgavust; muudab vastuv\u00f5tlikuks inspiratsioonile ja impulssidele. Kuupaistena s\u00e4delevat kuukivi peetakse Indias p\u00fchaks, kuigi m\u00f5nel pool peetakse teda kurjakuulutavaks ja pahaloomuliseks. Arvatakse, et kuukivi toob \u00f5nne. S\u00fcmboliseerib \u00f5rnust, Kuud ja armunuid. Kui peig kingib pruudile kuukivi, toob see \u00f5nne. Avades s\u00fcdamet\u0161akra, aitab leida t\u00f5elise armastuse. Suurep\u00e4rane kristall armastuse jaoks. Kui inimesed t\u00f5eliselt t\u00fclitsevad, siis aitab kuukivi kahel armastaval s\u00fcdamel taas\u00fchineda. Erootika ja armastuse kivi, stimuleerides Kundalini energiat ja salajasi soove, mida ei saa realiseerida hirmude t\u00f5ttu. Naistele, kel on raskusi s\u00fcnnitada lapsi. Seotud kire, rahulikkuse, taas\u00fchinemise, soodsa saatuse, hingelise tasakaalu, isekuse k\u00e4rpimise, kaitsega kodust kaugel, ps\u00fc\u00fchiliste v\u00f5imete tugevdamise, naiseliku lummamise ja tundlikkuse suurendamisega looduse ts\u00fcklite vastu. Intuitsiooni tugevdamiseks. Avab meele erinevateks v\u00f5imalusteks. Soodustab isiklikku muutumist ja arengut. Abiks paindumatuse ja impulsiivsuse korral. Aitab parandada emotsionaalset n\u00e4gemust ja loovust. KEHA: Viib hormonaalse ts\u00fckli tasakaalu loomulike r\u00fctmidega; aitab menstruatsiooniprobleemide ja menopausi puhul ning p\u00e4rast s\u00fcnnitust. Hoiab \u00e4ra liiglihavuse. Viib v\u00e4lja m\u00fcrke. MAAGIA: Aitab s\u00e4ilitada noorust. Kandke rinnahoidja sees, s\u00fcdame l\u00e4hedal. Legendi j\u00e4rgi v\u00f5ib inimene, kes paneb t\u00e4iskuu ajal kuukivi keele alla, n\u00e4ha tulevikku. Naistel soovitatakse kanda iga p\u00e4ev, minimaalselt 3 kuud.                             <b><\/b><i>To attract love,<\/i> put on a moonlight<b> <\/b>polished stones around a pink candle. Light the candle and visualise love arriving. For protection when travelling or on the water. A moonstone ring can be worn while swimming.   <\/p>\n<\/div>\n<\/div>\n<\/div>\n<\/div>\n<\/div>\n<\/div>\n<\/div>\n<\/div>\n<\/div>\n<\/div>\n<\/div>\n<\/div>\n<div id=\"row-538427013\" class=\"row\">\n<div id=\"col-951537103\" class=\"col small-12 large-12\">\n<div class=\"col-inner\">\n<div class=\"related related-products-wrapper product-section\"><\/div>\n<\/div>\n<\/div>\n<\/div>\n","protected":false},"excerpt":{"rendered":"<p>925 sterling silver<\/p>\n<p>6&#215;8 mm natural moonstone<\/p>\n<p>35 x 10 mm<\/p>\n","protected":false},"featured_media":151165,"template":"","meta":[],"product_brand":[],"product_cat":[322,402,146],"product_tag":[],"class_list":{"0":"post-153463","1":"product","2":"type-product","3":"status-publish","4":"has-post-thumbnail","6":"product_cat-brigitta-en","7":"product_cat-925-silver-and-silver-plated-earrings","8":"product_cat-natural-stone-earrings","9":"product_shipping_class-xs-en-2","11":"first","12":"outofstock","13":"taxable","14":"shipping-taxable","15":"purchasable","16":"product-type-simple"},"_links":{"self":[{"href":"https:\/\/minervashop.eu\/en\/wp-json\/wp\/v2\/product\/153463","targetHints":{"allow":["GET"]}}],"collection":[{"href":"https:\/\/minervashop.eu\/en\/wp-json\/wp\/v2\/product"}],"about":[{"href":"https:\/\/minervashop.eu\/en\/wp-json\/wp\/v2\/types\/product"}],"wp:featuredmedia":[{"embeddable":true,"href":"https:\/\/minervashop.eu\/en\/wp-json\/wp\/v2\/media\/151165"}],"wp:attachment":[{"href":"https:\/\/minervashop.eu\/en\/wp-json\/wp\/v2\/media?parent=153463"}],"wp:term":[{"taxonomy":"product_brand","embeddable":true,"href":"https:\/\/minervashop.eu\/en\/wp-json\/wp\/v2\/product_brand?post=153463"},{"taxonomy":"product_cat","embeddable":true,"href":"https:\/\/minervashop.eu\/en\/wp-json\/wp\/v2\/product_cat?post=153463"},{"taxonomy":"product_tag","embeddable":true,"href":"https:\/\/minervashop.eu\/en\/wp-json\/wp\/v2\/product_tag?post=153463"}],"curies":[{"name":"wp","href":"https:\/\/api.w.org\/{rel}","templated":true}]}}