{"id":153469,"date":"2025-09-02T09:33:33","date_gmt":"2025-09-02T09:33:33","guid":{"rendered":"https:\/\/minervashop.eu\/toode\/misters-greeting-card\/"},"modified":"2025-09-02T09:33:33","modified_gmt":"2025-09-02T09:33:33","slug":"misters-greeting-card","status":"publish","type":"product","link":"https:\/\/minervashop.eu\/en\/product\/misters-greeting-card\/","title":{"rendered":"Misters greeting card"},"content":{"rendered":"","protected":false},"excerpt":{"rendered":"<p>handcrafted greeting card<\/p>\n<p>paper, beads, crystal<\/p>\n<p>12 x 16 cm<\/p>\n<p>Maagilise s\u00f5numiga \u00f5nnitluskaart &#8211; v\u00f5tmed, mis avavad k\u00f5ik uksed, kell s\u00fcmboliseerib aega ja selle \u00f5iget kasutamist, hirv on s\u00fcmbol v\u00e4ekusest ja j\u00f5ust ning s\u00fcgavast maagiast.<\/p>\n","protected":false},"featured_media":151463,"template":"","meta":[],"product_brand":[],"product_cat":[677,370,102],"product_tag":[],"class_list":{"0":"post-153469","1":"product","2":"type-product","3":"status-publish","4":"has-post-thumbnail","6":"product_cat-other-greeting-cards","7":"product_cat-animals-greeting-cards","8":"product_cat-unicorn-and-horses","9":"product_shipping_class-xs-en-2","11":"first","12":"instock","13":"taxable","14":"shipping-taxable","15":"purchasable","16":"product-type-simple"},"_links":{"self":[{"href":"https:\/\/minervashop.eu\/en\/wp-json\/wp\/v2\/product\/153469","targetHints":{"allow":["GET"]}}],"collection":[{"href":"https:\/\/minervashop.eu\/en\/wp-json\/wp\/v2\/product"}],"about":[{"href":"https:\/\/minervashop.eu\/en\/wp-json\/wp\/v2\/types\/product"}],"wp:featuredmedia":[{"embeddable":true,"href":"https:\/\/minervashop.eu\/en\/wp-json\/wp\/v2\/media\/151463"}],"wp:attachment":[{"href":"https:\/\/minervashop.eu\/en\/wp-json\/wp\/v2\/media?parent=153469"}],"wp:term":[{"taxonomy":"product_brand","embeddable":true,"href":"https:\/\/minervashop.eu\/en\/wp-json\/wp\/v2\/product_brand?post=153469"},{"taxonomy":"product_cat","embeddable":true,"href":"https:\/\/minervashop.eu\/en\/wp-json\/wp\/v2\/product_cat?post=153469"},{"taxonomy":"product_tag","embeddable":true,"href":"https:\/\/minervashop.eu\/en\/wp-json\/wp\/v2\/product_tag?post=153469"}],"curies":[{"name":"wp","href":"https:\/\/api.w.org\/{rel}","templated":true}]}}