{"id":153690,"date":"2025-10-09T14:23:54","date_gmt":"2025-10-09T14:23:54","guid":{"rendered":"https:\/\/minervashop.eu\/toode\/black-faceted-stone-stainless-steel-ring\/"},"modified":"2025-10-09T14:28:40","modified_gmt":"2025-10-09T14:28:40","slug":"black-faceted-stone-stainless-steel-ring","status":"publish","type":"product","link":"https:\/\/minervashop.eu\/en\/product\/black-faceted-stone-stainless-steel-ring\/","title":{"rendered":"Black faceted onyx stainless steel ring"},"content":{"rendered":"<div id=\"row-607862422\" class=\"row\">\n<div id=\"col-1934387341\" class=\"col small-12 large-12\">\n<div class=\"col-inner\">\n<div class=\"woocommerce-tabs wc-tabs-wrapper container tabbed-content\">\n<div class=\"tab-panels\">\n<div id=\"tab-description\" class=\"woocommerce-Tabs-panel woocommerce-Tabs-panel--description panel entry-content active\" role=\"tabpanel\" aria-labelledby=\"tab-title-description\">\n<p class=\"western\" align=\"justify\"><b>OON\u00dcKS<\/b> on kaitsva energia kandja, eriti must oon\u00fcks. See on k\u00f5ige iidsem kivi, mida tunti juba varajastes tsivilisatsioonides v\u00f5imsa energia poolest. See s\u00fcgav-must valgete triipudega kivi oli k\u00f5rgelt hinnatud tseremooniatel ja matustel maagilise kivina. Samuti kasutati seda amuletina m\u00f5\u00f5kadel, kilpidel ja r\u00fc\u00fcdel s\u00f5jamehe kaitseks ja vapruseks lahinguv\u00e4ljal. Kantakse negatiivsusest hoidumiseks, s\u00fcmboliseerib k\u00f5rgendatud meelt, enesekindlust ja vaimuj\u00f5udu. Seostatakse abielu\u00f5nne ja siirusega. Cupido l\u00f5ikas oma noolega magava Venuse k\u00fc\u00fcsi. K\u00fc\u00fcnet\u00fckid kukkusid Induse j\u00f5kke, vajusid p\u00f5hja ja muutusid oon\u00fcksiteks. Arvatakse, et see kivi \u00f5hutab t\u00fclisid ja vaidlusi, p\u00f5hjustab depressiooni ja veidraid unen\u00e4gusid. Oon\u00fcksi kandmine pidavat \u00f6\u00f6siti tekitama koledaid n\u00e4gemusi ja deemonite r\u00fcnnakuid, p\u00e4eval kohtusse kaebamist ja riidu. Valgete kihtidega oon\u00fcks toob muret, vaidlusi, hirmu ja \u00f5udseid fantaasiaid. K\u00f5iki neid negatiivseid efekte neutraliseerib samaaegselt kantav sardikivi. Must oon\u00fcks peegeldab iseenda k\u00f5iki aspekte, nii positiivseid kui negatiivseid. Ta pidavat tooma endaga halbu unen\u00e4gusid, tugevdama luu\u00fcdi ja suurendama s\u00fcljeeritust poistel. Silma peal hoituna v\u00e4ljutab sealt puru. Sinine oon\u00fcks vastab kurgut\u0161akrale ja teda kasutatakse k\u00f5rgema inspiratsiooni saamiseks. Maandab ja stabiliseerib emotsionaalset keha, tuues tugevust raskustes v\u00f5i segastes olukordades ning raskes vaimses ja f\u00fc\u00fcsilises stressis. Rahustab n\u00e4rvilisust ning vaigistab \u00e4revust ja hirmu. Rahustab tujukust ning taastab ratsionaalse m\u00f5tlemise ja enesekontrolli. Annab enesekontrolli energiat koos kindlustunde, fokusseerituse ja \u00f5igete otsuste tegemise oskusega.                   <\/p>\n<\/div>\n<\/div>\n<\/div>\n<\/div>\n<\/div>\n<\/div>\n<div id=\"row-1562538578\" class=\"row\">\n<div id=\"col-1134919629\" class=\"col small-12 large-12\">\n<div class=\"col-inner\">\n<div class=\"related related-products-wrapper product-section\"><\/div>\n<\/div>\n<\/div>\n<\/div>\n","protected":false},"excerpt":{"rendered":"<p>15 mm<\/p>\n","protected":false},"featured_media":153680,"template":"","meta":[],"product_brand":[],"product_cat":[190,409,192],"product_tag":[],"class_list":{"0":"post-153690","1":"product","2":"type-product","3":"status-publish","4":"has-post-thumbnail","6":"product_cat-silver-color-rings","7":"product_cat-men-rings","8":"product_cat-black-stone-rings","9":"product_shipping_class-xs-en-2","11":"first","12":"instock","13":"taxable","14":"shipping-taxable","15":"purchasable","16":"product-type-variable"},"_links":{"self":[{"href":"https:\/\/minervashop.eu\/en\/wp-json\/wp\/v2\/product\/153690","targetHints":{"allow":["GET"]}}],"collection":[{"href":"https:\/\/minervashop.eu\/en\/wp-json\/wp\/v2\/product"}],"about":[{"href":"https:\/\/minervashop.eu\/en\/wp-json\/wp\/v2\/types\/product"}],"wp:featuredmedia":[{"embeddable":true,"href":"https:\/\/minervashop.eu\/en\/wp-json\/wp\/v2\/media\/153680"}],"wp:attachment":[{"href":"https:\/\/minervashop.eu\/en\/wp-json\/wp\/v2\/media?parent=153690"}],"wp:term":[{"taxonomy":"product_brand","embeddable":true,"href":"https:\/\/minervashop.eu\/en\/wp-json\/wp\/v2\/product_brand?post=153690"},{"taxonomy":"product_cat","embeddable":true,"href":"https:\/\/minervashop.eu\/en\/wp-json\/wp\/v2\/product_cat?post=153690"},{"taxonomy":"product_tag","embeddable":true,"href":"https:\/\/minervashop.eu\/en\/wp-json\/wp\/v2\/product_tag?post=153690"}],"curies":[{"name":"wp","href":"https:\/\/api.w.org\/{rel}","templated":true}]}}