{"id":154048,"date":"2025-10-14T07:57:10","date_gmt":"2025-10-14T07:57:10","guid":{"rendered":"https:\/\/minervashop.eu\/toode\/alessandro-gelactic-gel-top-coat-10ml\/"},"modified":"2026-03-12T10:12:21","modified_gmt":"2026-03-12T10:12:21","slug":"alessandro-gelactic-gel-top-coat-10ml","status":"publish","type":"product","link":"https:\/\/minervashop.eu\/en\/product\/alessandro-gelactic-gel-top-coat-10ml\/","title":{"rendered":"Alessandro Gelactic Gel Top Coat 10ml"},"content":{"rendered":"<p>Vaid kahe lihtsa sammuga t\u00e4iuslik pikaajaline geel-efektiga kodune manik\u00fc\u00fcr.<\/p>\n<p>Avasta GELACTIC \u2013 alessandro uue p\u00f5lvkonna geel-pealislakk.<\/p>\n<p>Unikaalne kulumiskindel tehnoloogia tagab ekstra tugeva, topelt kaua p\u00fcsiva efekti.<\/p>\n<p>M\u00f5lemad tekstuurid t\u00f6\u00f6tavad koos, andes k\u00fc\u00fcntele \u00fclima s\u00e4ra ja kuni n\u00e4dalase veatu ilme.<\/p>\n<ul>\n<li>no cracking<\/li>\n<li>No need for UV\/LED lamp<\/li>\n<li>100% vegan<\/li>\n<\/ul>\n<p>ingredients<\/p>\n<div id=\"additional\" class=\"data item content\" role=\"tabpanel\" aria-labelledby=\"tab-label-additional\" data-role=\"content\" aria-hidden=\"false\">\n<div class=\"additional-attributes-wrapper table-wrapper\">\n<table id=\"product-attribute-specs-table\" class=\"data table additional-attributes\">\n<tbody>\n<tr>\n<td class=\"col data\" data-th=\"Koostis\">Ethyl Acetate, Butyl Acetate, Nitrocellulose, Acetyl Tributyl Citrate, Isopropyl Alcohol, Acrylates Copolymer, Mek, Ci 60725 (Violet 2)<\/td>\n<\/tr>\n<\/tbody>\n<\/table>\n<\/div>\n<\/div>\n<div id=\"tab-label-usage-content\" class=\"data item title\" tabindex=\"0\" role=\"tab\" data-role=\"collapsible\" data-collapsible=\"true\" aria-controls=\"usage-content\" aria-selected=\"false\" aria-expanded=\"false\">\n<p> usage<\/p>\n<div class=\"product info detailed\">\n<div class=\"product data items\" role=\"tablist\">\n<div id=\"usage-content\" class=\"data item content\" role=\"tabpanel\" aria-labelledby=\"tab-label-usage-content\" data-role=\"content\" aria-hidden=\"false\">\n<div class=\"usage-content\">apply to dried color base<\/div>\n<\/div>\n<\/div>\n<\/div>\n<div class=\"catalog-block\"><\/div>\n<\/div>\n","protected":false},"excerpt":{"rendered":"<div class=\"product attribute overview\">\n<div class=\"value\">gel efect top coat<\/div>\n<\/div>\n<div class=\"product-info-price\"><\/div>\n","protected":false},"featured_media":154046,"template":"","meta":[],"product_brand":[],"product_cat":[665,390],"product_tag":[],"class_list":{"0":"post-154048","1":"product","2":"type-product","3":"status-publish","4":"has-post-thumbnail","6":"product_cat-nail-polish","7":"product_cat-nails","8":"product_shipping_class-xs-en-2","10":"first","11":"instock","12":"taxable","13":"shipping-taxable","14":"purchasable","15":"product-type-simple"},"_links":{"self":[{"href":"https:\/\/minervashop.eu\/en\/wp-json\/wp\/v2\/product\/154048","targetHints":{"allow":["GET"]}}],"collection":[{"href":"https:\/\/minervashop.eu\/en\/wp-json\/wp\/v2\/product"}],"about":[{"href":"https:\/\/minervashop.eu\/en\/wp-json\/wp\/v2\/types\/product"}],"wp:featuredmedia":[{"embeddable":true,"href":"https:\/\/minervashop.eu\/en\/wp-json\/wp\/v2\/media\/154046"}],"wp:attachment":[{"href":"https:\/\/minervashop.eu\/en\/wp-json\/wp\/v2\/media?parent=154048"}],"wp:term":[{"taxonomy":"product_brand","embeddable":true,"href":"https:\/\/minervashop.eu\/en\/wp-json\/wp\/v2\/product_brand?post=154048"},{"taxonomy":"product_cat","embeddable":true,"href":"https:\/\/minervashop.eu\/en\/wp-json\/wp\/v2\/product_cat?post=154048"},{"taxonomy":"product_tag","embeddable":true,"href":"https:\/\/minervashop.eu\/en\/wp-json\/wp\/v2\/product_tag?post=154048"}],"curies":[{"name":"wp","href":"https:\/\/api.w.org\/{rel}","templated":true}]}}