{"id":154055,"date":"2025-10-14T08:13:22","date_gmt":"2025-10-14T08:13:22","guid":{"rendered":"https:\/\/minervashop.eu\/toode\/sdl-style-care-extreme-hairspray-500ml\/"},"modified":"2025-10-14T08:13:22","modified_gmt":"2025-10-14T08:13:22","slug":"sdl-style-care-extreme-hairspray-500ml","status":"publish","type":"product","link":"https:\/\/minervashop.eu\/en\/product\/sdl-style-care-extreme-hairspray-500ml\/","title":{"rendered":"SDL Style &amp; Care Extreme Hairspray &#8211; 500ml"},"content":{"rendered":"<p><img loading=\"lazy\" decoding=\"async\" src=\"https:\/\/depile.ee\/media\/wysiwyg\/Kuvat_mmis_2024-11-05_131454.png\" alt=\"\" width=\"106\" height=\"138\"><\/p>\n<p>Stylish packaging that fits in any salon.<\/p>\n<p><strong>Wonderful fragrance<\/strong> &#8211; positively influences mood and evokes emotions.<\/p>\n<p><img loading=\"lazy\" decoding=\"async\" src=\"https:\/\/depile.ee\/media\/wysiwyg\/Kuvat_mmis_2024-11-04_130707.png\" alt=\"\" width=\"299\" height=\"286\"><\/p>\n<p class=\"x_elementToProof\" align=\"center\"><span data-olk-copy-source=\"MessageBody\">Tipunoodiks <\/span><strong>mahlane pirn<\/strong>, <strong>v\u00fcrtsikas roosa pipar<\/strong> ja v\u00e4rske <strong>musts\u00f5star<\/strong>,<br \/>\navab end lummava s\u00fcdamega, kus <strong>\u00f5rn roos<\/strong>, <strong>sensuaalne jasmiin ja magus heliotroop.<\/strong><br \/>\nAluseks <strong>sooja seedripuu ja vanilli<\/strong> rikkalik harmoonia.<\/p>\n<p><strong>Olulised toimeained:<\/strong><\/p>\n<p><strong><img loading=\"lazy\" decoding=\"async\" src=\"https:\/\/depile.ee\/media\/wysiwyg\/thumbnail_image008.png\" alt=\"\" width=\"45\" height=\"33\">Urban Defence Pro<\/strong>: kaitseb juukseid v\u00e4liskeskkonna kahjulike m\u00f5jude<br \/>\nja raskmetallide eest, vabade radikaalide vastane.<br \/>\nBiotehnoloogiline aktiivaine p\u00e4rineb fermenteeritud suhkrute makromolekulidest.<\/p>\n<p><strong><img loading=\"lazy\" decoding=\"async\" src=\"https:\/\/depile.ee\/media\/wysiwyg\/thumbnail_image009.png\" alt=\"\" width=\"44\" height=\"42\">Shine Fix Complex:<\/strong> linaseemne ekstraktiga kompleks sisaldab<br \/>\nrikkalikult omega-3 ja -6 rasvhappeid, silub juuksekarva pealispinda,<br \/>\nannab juustele kauni s\u00e4ra. Toimeaine astmeline vabanemine kindlustab kauakestva s\u00e4ra. <\/p>\n<p><strong><img loading=\"lazy\" decoding=\"async\" src=\"https:\/\/depile.ee\/media\/wysiwyg\/thumbnail_image004.png\" alt=\"\" width=\"49\" height=\"45\">Colour Fix Complex: <\/strong>UV-filter, antioks\u00fcdant, kaitseb t\u00f5husalt<br \/>\nkosmeetilist juuksev\u00e4rvi ja hoiab juuste s\u00e4ra.<br \/>\nPikaajalise efektiga, aitab s\u00e4ilitada v\u00e4rvi s\u00e4ra ja intensiivsust.<\/p>\n<p><strong><img loading=\"lazy\" decoding=\"async\" src=\"https:\/\/depile.ee\/media\/wysiwyg\/climateproofcomplex.png\" alt=\"\" width=\"51\" height=\"48\">Climate Proof Complex: <\/strong>hoiab optimaalset niiskuse tasakaalu,<br \/>\nkaitseb juukseid kliimatingimuste muutumisel.<\/p>\n<p><strong><img loading=\"lazy\" decoding=\"async\" src=\"https:\/\/depile.ee\/media\/wysiwyg\/Kuvat_mmis_2024-11-04_162046.png\" alt=\"\" width=\"54\" height=\"49\">Style Guard tehnoloogia:<\/strong> kaitseb juuksekiudu kuumuse p\u00f5hjustatud kahjustuste eest<br \/>\nja taltsutab kahu, muutes soengute tegemise lihtsamaks.<\/p>\n<table id=\"product-attribute-specs-table\" class=\"data table additional-attributes\">\n<tbody>\n<tr>\n<th class=\"col label\" scope=\"row\">ingredients<\/th>\n<td class=\"col data\" data-th=\"Koostis\">Alcohol Denat., Butane, Propane, Methyllal, Isobutane, Acrylates\/Octylacrylamide Copolymer, Aminomethyl Propanol, Parfum (Fragrance), Ethylhexyl Palmitate, Dimethicone, Triethyl Citrate, Tetramethyl Acetyloctahydronaphthalenes, Aqua (Water), Acetyl Cedrene, Hexyl Cinnamal, Linalool, Hydroxycitronellal, Alpha-Isomethyl Ionone, Citrus Limon Peel Oil, Limonene, Benzyl Salicylate, Carnosine, Ethylhexyl Methoxycinnamate, Trimethylbenzenepropanol, Geranyl Acetate, Citronellol, Juniperus Virginiana Oil, Glycerin, Terpineol, Polyimide-1, Pinene, Vanillin, Fructose, Isoeugenyl Acetate, Pentylene Glycol, Sodium Citrate, Linum Usitatissimum (Linseed) Seed Extract, Phenoxyethanol, Biosaccharide Gum-4, Caesalpinia Spinosa Gum, Sodium Hyaluronate, Potassium Sorbate, Sodium Benzoate, Polyporus Umbellatus (Mushroom) Extract<\/td>\n<\/tr>\n<\/tbody>\n<\/table>\n","protected":false},"excerpt":{"rendered":"<p>Kahuvastane eriti tugeva hoidvusega juukselakk.<\/p>\n<p>Tagab kauakestva s\u00e4ra ja soengu p\u00fcsivuse, ei muuda juukseid raskeks.<\/p>\n<p>Lakk on juukseid harjates kergesti eemaldatav.<\/p>\n<p>Pihustage niisketele v\u00f5i kuivadele juustele ca 25-30 cm kauguselt.<\/p>\n","protected":false},"featured_media":154051,"template":"","meta":[],"product_brand":[],"product_cat":[593],"product_tag":[],"class_list":{"0":"post-154055","1":"product","2":"type-product","3":"status-publish","4":"has-post-thumbnail","6":"product_cat-hair-care-finishing","7":"product_shipping_class-s-en","9":"first","10":"outofstock","11":"taxable","12":"shipping-taxable","13":"purchasable","14":"product-type-simple"},"_links":{"self":[{"href":"https:\/\/minervashop.eu\/en\/wp-json\/wp\/v2\/product\/154055","targetHints":{"allow":["GET"]}}],"collection":[{"href":"https:\/\/minervashop.eu\/en\/wp-json\/wp\/v2\/product"}],"about":[{"href":"https:\/\/minervashop.eu\/en\/wp-json\/wp\/v2\/types\/product"}],"wp:featuredmedia":[{"embeddable":true,"href":"https:\/\/minervashop.eu\/en\/wp-json\/wp\/v2\/media\/154051"}],"wp:attachment":[{"href":"https:\/\/minervashop.eu\/en\/wp-json\/wp\/v2\/media?parent=154055"}],"wp:term":[{"taxonomy":"product_brand","embeddable":true,"href":"https:\/\/minervashop.eu\/en\/wp-json\/wp\/v2\/product_brand?post=154055"},{"taxonomy":"product_cat","embeddable":true,"href":"https:\/\/minervashop.eu\/en\/wp-json\/wp\/v2\/product_cat?post=154055"},{"taxonomy":"product_tag","embeddable":true,"href":"https:\/\/minervashop.eu\/en\/wp-json\/wp\/v2\/product_tag?post=154055"}],"curies":[{"name":"wp","href":"https:\/\/api.w.org\/{rel}","templated":true}]}}