{"id":154060,"date":"2025-10-14T08:20:54","date_gmt":"2025-10-14T08:20:54","guid":{"rendered":"https:\/\/minervashop.eu\/toode\/alfaparf-style-stories-sculpting-extra-strong-hold-250ml\/"},"modified":"2025-10-14T08:20:54","modified_gmt":"2025-10-14T08:20:54","slug":"alfaparf-style-stories-sculpting-extra-strong-hold-250ml","status":"publish","type":"product","link":"https:\/\/minervashop.eu\/en\/product\/alfaparf-style-stories-sculpting-extra-strong-hold-250ml\/","title":{"rendered":"Alfaparf Style Stories Sculpting Extra Strong Hold &#8211; 250ml"},"content":{"rendered":"<p>K\u00f5ikidele juukset\u00fc\u00fcpidele ja erineva pikkusega juustele.<\/p>\n<p>Tagab kauakestva s\u00e4ra ja soengu p\u00fcsivuse, ei muuda juukseid raskeks.<\/p>\n<p><span data-olk-copy-source=\"MessageBody\"><img loading=\"lazy\" decoding=\"async\" src=\"https:\/\/depile.ee\/media\/wysiwyg\/Kuvat_mmis_2025-02-27_163611.png\" alt=\"\" width=\"133\" height=\"78\"><\/span><\/p>\n<p><span data-olk-copy-source=\"MessageBody\">+46%* s\u00e4ravamad juuksed.<\/span><\/p>\n<p>UV-protection.<\/p>\n<p><img loading=\"lazy\" decoding=\"async\" src=\"https:\/\/depile.ee\/media\/wysiwyg\/Kuvat_mmis_2025-02-27_163622.png\" alt=\"\" width=\"196\" height=\"68\"><\/p>\n<p class=\"x_MsoNormal\">&#8211; Fotoprotektiivsed omadused, kaitseb juukseid UV-kiirguse ja vabade radikaalide eest.<\/p>\n<p class=\"x_MsoNormal\">&#8211; Neutraliseerib ebameeldivaid aroome, juuksed p\u00fcsivad kauem puhtad ja v\u00e4rsked.<\/p>\n<p>Juuksed on siidised ja s\u00e4ravad.<\/p>\n<p><em>* Instrumentaalne test, v\u00f5rreldes viimistlusvahendiga hooldamata juustega.<\/em><\/p>\n<p><img loading=\"lazy\" decoding=\"async\" src=\"https:\/\/depile.ee\/media\/wysiwyg\/Kuvat_mmis_2025-02-27_164340.png\" alt=\"\" width=\"163\" height=\"54\"><\/p>\n<p><strong>stylist advice<\/strong><\/p>\n<p>Uudne pihusti v\u00f5imaldab veelgi paremini pihustada toodet juustele laiemalt ja \u00fchtlasemalt.<br \/>\nIdeaalne abivahend keerukamate komplekssemate soengute loomisel.<\/p>\n<p>Composition<\/p>\n<div id=\"additional\" class=\"data item content\" role=\"tabpanel\" aria-labelledby=\"tab-label-additional\" data-role=\"content\" aria-hidden=\"false\">\n<div class=\"additional-attributes-wrapper table-wrapper\">\n<table id=\"product-attribute-specs-table\" class=\"data table additional-attributes\">\n<tbody>\n<tr>\n<td class=\"col data\" data-th=\"Koostis\">Alcohol Denat., Va\/Crotonates\/Vinyl Neodecanoate Copolymer, Aminomethyl Propanol, Parfum (Fragrance), Caprylyl Trimethicone, Glycerin, Hexyl Cinnamal, Aqua (Water), Linalool, Citral, Phenoxyethanol, Linum Usitatissimum (Linseed) Seed Oil, Moringa Pterygosperma Seed Extract<\/td>\n<\/tr>\n<\/tbody>\n<\/table>\n<\/div>\n<\/div>\n<div id=\"tab-label-usage-content\" class=\"data item title\" tabindex=\"0\" role=\"tab\" data-role=\"collapsible\" data-collapsible=\"true\" aria-controls=\"usage-content\" aria-selected=\"false\" aria-expanded=\"false\"><\/div>\n","protected":false},"excerpt":{"rendered":"<div class=\"product attribute overview\">\n<div class=\"value\">\n<p><span data-olk-copy-source=\"MessageBody\">Kujundav ja hooldav UV-kaitsega s\u00e4ralakk.<\/span><\/p>\n<p>Pihustage niisketele v\u00f5i kuivadele juustele ca 25-30 cm kauguselt.<\/p>\n<p>Kui soovite lisada juustele tekstuuri, pihustage niisketele juustele salkude kaupa.<\/p>\n<\/div>\n<\/div>\n<div class=\"product-info-price\"><\/div>\n","protected":false},"featured_media":154058,"template":"","meta":[],"product_brand":[],"product_cat":[593],"product_tag":[],"class_list":{"0":"post-154060","1":"product","2":"type-product","3":"status-publish","4":"has-post-thumbnail","6":"product_cat-hair-care-finishing","7":"product_shipping_class-s-en","9":"first","10":"instock","11":"taxable","12":"shipping-taxable","13":"purchasable","14":"product-type-simple"},"_links":{"self":[{"href":"https:\/\/minervashop.eu\/en\/wp-json\/wp\/v2\/product\/154060","targetHints":{"allow":["GET"]}}],"collection":[{"href":"https:\/\/minervashop.eu\/en\/wp-json\/wp\/v2\/product"}],"about":[{"href":"https:\/\/minervashop.eu\/en\/wp-json\/wp\/v2\/types\/product"}],"wp:featuredmedia":[{"embeddable":true,"href":"https:\/\/minervashop.eu\/en\/wp-json\/wp\/v2\/media\/154058"}],"wp:attachment":[{"href":"https:\/\/minervashop.eu\/en\/wp-json\/wp\/v2\/media?parent=154060"}],"wp:term":[{"taxonomy":"product_brand","embeddable":true,"href":"https:\/\/minervashop.eu\/en\/wp-json\/wp\/v2\/product_brand?post=154060"},{"taxonomy":"product_cat","embeddable":true,"href":"https:\/\/minervashop.eu\/en\/wp-json\/wp\/v2\/product_cat?post=154060"},{"taxonomy":"product_tag","embeddable":true,"href":"https:\/\/minervashop.eu\/en\/wp-json\/wp\/v2\/product_tag?post=154060"}],"curies":[{"name":"wp","href":"https:\/\/api.w.org\/{rel}","templated":true}]}}