{"id":154069,"date":"2025-10-14T08:52:33","date_gmt":"2025-10-14T08:52:33","guid":{"rendered":"https:\/\/minervashop.eu\/toode\/trooja\/"},"modified":"2025-10-14T08:52:33","modified_gmt":"2025-10-14T08:52:33","slug":"trooja","status":"publish","type":"product","link":"https:\/\/minervashop.eu\/en\/product\/trooja\/","title":{"rendered":"Trooja"},"content":{"rendered":"<ul class=\"two-cols-text\">\n<li>Originaalpealkiri:Troy: The Siege of Troy Retold<\/li>\n<li class=\"product_dimensions\">size: 145 \u00d7 203 mm<\/li>\n<li>637 pages 360<\/li>\n<\/ul>\n","protected":false},"excerpt":{"rendered":"<p>Stephen Fry Kreeka m\u00fc\u00fctide sarja kolmas raamat.<\/p>\n<p>Jumalad on s\u00fcndinud ja v\u00f5imsaks saanud, maailma on ilmunud ka surelikud kangelased, kelle v\u00e4giteod ei j\u00e4\u00e4 jumalate omadele palju alla. Kuid tulevikus terendab midagi s\u00fcnget: ahnus, armastus ja verejanu t\u00f5ukavad maailma selle seni k\u00f5ige suurema konflikti poole. Juba on s\u00fcndinud naine, kelle pale saadab Trooja poole teele tuhat laeva, ja juba ootab kusagil \u00fcks \u00fcsna s\u00fc\u00fctu v\u00e4ljan\u00e4gemisega \u00f5un \u2026  <\/p>\n<p>Kreeka m\u00fc\u00fcdid on kaunid, verised, romantilised, siivutud ja l\u00f5putult traagilised. Tuntud koomiku Stephen Fry jutustatuna saavad need veelgi enam v\u00e4rve ja muutuvad veelgi haaravamaks. <\/p>\n","protected":false},"featured_media":154068,"template":"","meta":[],"product_brand":[],"product_cat":[670,431],"product_tag":[],"class_list":{"0":"post-154069","1":"product","2":"type-product","3":"status-publish","4":"has-post-thumbnail","6":"product_cat-sale","7":"product_cat-learning-books","8":"product_shipping_class-xs-en-2","10":"first","11":"instock","12":"sale","13":"taxable","14":"shipping-taxable","15":"purchasable","16":"product-type-simple"},"_links":{"self":[{"href":"https:\/\/minervashop.eu\/en\/wp-json\/wp\/v2\/product\/154069","targetHints":{"allow":["GET"]}}],"collection":[{"href":"https:\/\/minervashop.eu\/en\/wp-json\/wp\/v2\/product"}],"about":[{"href":"https:\/\/minervashop.eu\/en\/wp-json\/wp\/v2\/types\/product"}],"wp:featuredmedia":[{"embeddable":true,"href":"https:\/\/minervashop.eu\/en\/wp-json\/wp\/v2\/media\/154068"}],"wp:attachment":[{"href":"https:\/\/minervashop.eu\/en\/wp-json\/wp\/v2\/media?parent=154069"}],"wp:term":[{"taxonomy":"product_brand","embeddable":true,"href":"https:\/\/minervashop.eu\/en\/wp-json\/wp\/v2\/product_brand?post=154069"},{"taxonomy":"product_cat","embeddable":true,"href":"https:\/\/minervashop.eu\/en\/wp-json\/wp\/v2\/product_cat?post=154069"},{"taxonomy":"product_tag","embeddable":true,"href":"https:\/\/minervashop.eu\/en\/wp-json\/wp\/v2\/product_tag?post=154069"}],"curies":[{"name":"wp","href":"https:\/\/api.w.org\/{rel}","templated":true}]}}