{"id":154074,"date":"2025-10-14T09:07:24","date_gmt":"2025-10-14T09:07:24","guid":{"rendered":"https:\/\/minervashop.eu\/toode\/natsid-ja-vandenouteooriad\/"},"modified":"2025-10-14T09:07:24","modified_gmt":"2025-10-14T09:07:24","slug":"natsid-ja-vandenouteooriad","status":"publish","type":"product","link":"https:\/\/minervashop.eu\/en\/product\/natsid-ja-vandenouteooriad\/","title":{"rendered":"Natsid ja vanden\u00f5uteooriad"},"content":{"rendered":"<p>Selles raamatus uuritakse p\u00f5hjalikult viit v\u00e4idetavat vanden\u00f5u, mida nii ajaloolased kui ka konspiroloogid on seni k\u00e4sitlenud eraldi: 1) juudid sepitsesid vanden\u00f5u inimkonna allutamiseks; 2) Esimese ilmas\u00f5ja l\u00f5pul l\u00f5id sotsialistid ja juudid Saksa armeele noa selga; 3) natsid s\u00fc\u00fctasid v\u00f5imu haaramiseks Riigip\u00e4evahoone; 4) Rudolf Hess lendas Suurbritanniasse Hitleri korraldusel, et esitada rahutingimused, mille Churchill maha vaikis; 5) Hitler ei surnud 1945. aastal Berliinis, vaid elas veel pikki aastaid L\u00f5una-Ameerikas.      <\/p>\n<p>Cambridge\u2019i \u00fclikooli emeriitprofessor Richard J. Evans n\u00e4itab neid v\u00e4iteid meile uues valguses ja paljastab m\u00f5ned \u00fcllatavad \u00fchisjooned.<\/p>\n<ul class=\"two-cols-text\">\n<li>Originaalpealkiri:The Hitler Conspiracies: The Third Reich and the Paranoid Imagination<\/li>\n<li class=\"product_dimensions\">Dimensions: 150 \u00d7 230 mm<\/li>\n<li>637 pages 272<\/li>\n<li>hardcover<\/li>\n<\/ul>\n","protected":false},"excerpt":{"rendered":"<p>Kolmas Riik ja paranoilised kujutelmad<\/p>\n<p>K\u00e4situs, et juhusel ei ole ajaloos kohta, et k\u00f5ik toimuv on kurja plaanivate inimr\u00fchmade salasepitsuste tagaj\u00e4rg, on sama vana nagu ajalugu ise. Ent 21. sajandil levivad vanden\u00f5uteooriad \u00fcha laiemalt, ammutades j\u00f5udu internetist ja suhtlusmeediast ning saades kannustust \u201et\u00f5ej\u00e4rgse ajastu alternatiivsetest faktidest\u201c.  <\/p>\n<p>&nbsp;<\/p>\n","protected":false},"featured_media":154073,"template":"","meta":[],"product_brand":[],"product_cat":[670,431],"product_tag":[],"class_list":{"0":"post-154074","1":"product","2":"type-product","3":"status-publish","4":"has-post-thumbnail","6":"product_cat-sale","7":"product_cat-learning-books","8":"product_shipping_class-xs-en-2","10":"first","11":"instock","12":"sale","13":"taxable","14":"shipping-taxable","15":"purchasable","16":"product-type-simple"},"_links":{"self":[{"href":"https:\/\/minervashop.eu\/en\/wp-json\/wp\/v2\/product\/154074","targetHints":{"allow":["GET"]}}],"collection":[{"href":"https:\/\/minervashop.eu\/en\/wp-json\/wp\/v2\/product"}],"about":[{"href":"https:\/\/minervashop.eu\/en\/wp-json\/wp\/v2\/types\/product"}],"wp:featuredmedia":[{"embeddable":true,"href":"https:\/\/minervashop.eu\/en\/wp-json\/wp\/v2\/media\/154073"}],"wp:attachment":[{"href":"https:\/\/minervashop.eu\/en\/wp-json\/wp\/v2\/media?parent=154074"}],"wp:term":[{"taxonomy":"product_brand","embeddable":true,"href":"https:\/\/minervashop.eu\/en\/wp-json\/wp\/v2\/product_brand?post=154074"},{"taxonomy":"product_cat","embeddable":true,"href":"https:\/\/minervashop.eu\/en\/wp-json\/wp\/v2\/product_cat?post=154074"},{"taxonomy":"product_tag","embeddable":true,"href":"https:\/\/minervashop.eu\/en\/wp-json\/wp\/v2\/product_tag?post=154074"}],"curies":[{"name":"wp","href":"https:\/\/api.w.org\/{rel}","templated":true}]}}