{"id":154092,"date":"2025-09-24T11:26:33","date_gmt":"2025-09-24T11:26:33","guid":{"rendered":"https:\/\/minervashop.eu\/toode\/armastuse-joud\/"},"modified":"2025-10-14T14:17:58","modified_gmt":"2025-10-14T14:17:58","slug":"armastuse-joud","status":"publish","type":"product","link":"https:\/\/minervashop.eu\/en\/product\/armastuse-joud\/","title":{"rendered":"Armastuse j\u00f5ud"},"content":{"rendered":"<p>Armumine on \u00fcks t\u00e4htsamaid kogemusi meie elus, ometi ei \u00f5pi me selle kohta koolis mitte midagi. Selle asemel suruvad \u00fchiskond ja religioon meile peale m\u00f5tteviise ja reegleid, milles armastus ja abielu nende defineerimise asemel on religioosse ja rahvusliku kuuluvuse poolt institutsiooniks muudetud ja on n\u00f5nda tihtipeale armastuse orgaanilise mudeliga vastuolus. Selle tulemusel s\u00fcndinud armastus on enamikule inimestest kogu elu valusaks v\u00e4ljakutseks.  <\/p>\n<ul>\n<li class=\"styles_detailsItem__7EWGU\"><span class=\"styles_greyText__YH_WO\">Vorm <\/span>Pehmekaaneline<\/li>\n<li class=\"styles_detailsItem__7EWGU\"><span class=\"styles_greyText__YH_WO\">Ilmumis aasta <\/span>2018<\/li>\n<li class=\"styles_detailsItem__7EWGU\">estonian language<\/li>\n<\/ul>\n<p>&nbsp;<\/p>\n","protected":false},"excerpt":{"rendered":"<p>Raamatus \u201e<strong>Armastuse j\u00f5ud<\/strong>\u201c aitab Osho armastuse otsinguid suunata meie silmapiiri avardamise kaudu, n\u00e4idates meile, et armastusel on mitu ilmutamise viisi ja see pole ainult teise inimesega seotud. \u00dcks armastuse manifeste on meditatsioon, elumuutev kogemus, mis laseb t\u00f5elisel armastusel inimese sees \u00f5ide puhkeda ja ka teistel sellest osa saada. <\/p>\n<p>&#8220;T\u00e4htsaim, mis mehe v\u00f5i naisega elu ja surma vahel juhtuda saab, on armastus. Ja armastusel on palju ilmutamisviise: \u00fcheks neist on meditatsioon.\u201c Osho<\/p>\n<ul>\n<li class=\"styles_detailsItem__7EWGU\">80 pages<\/li>\n<li class=\"styles_detailsItem__7EWGU\"><span class=\"styles_definition__R5cl8\">size <\/span><span class=\"styles_definition__R5cl8\">138 x 210 x 13 mm<\/span><\/li>\n<\/ul>\n","protected":false},"featured_media":153003,"template":"","meta":[],"product_brand":[],"product_cat":[358,138,431],"product_tag":[],"class_list":{"0":"post-154092","1":"product","2":"type-product","3":"status-publish","4":"has-post-thumbnail","6":"product_cat-rhiannon-en","7":"product_cat-beloved","8":"product_cat-learning-books","9":"product_shipping_class-xs-en-2","11":"first","12":"instock","13":"taxable","14":"shipping-taxable","15":"purchasable","16":"product-type-simple"},"_links":{"self":[{"href":"https:\/\/minervashop.eu\/en\/wp-json\/wp\/v2\/product\/154092","targetHints":{"allow":["GET"]}}],"collection":[{"href":"https:\/\/minervashop.eu\/en\/wp-json\/wp\/v2\/product"}],"about":[{"href":"https:\/\/minervashop.eu\/en\/wp-json\/wp\/v2\/types\/product"}],"wp:featuredmedia":[{"embeddable":true,"href":"https:\/\/minervashop.eu\/en\/wp-json\/wp\/v2\/media\/153003"}],"wp:attachment":[{"href":"https:\/\/minervashop.eu\/en\/wp-json\/wp\/v2\/media?parent=154092"}],"wp:term":[{"taxonomy":"product_brand","embeddable":true,"href":"https:\/\/minervashop.eu\/en\/wp-json\/wp\/v2\/product_brand?post=154092"},{"taxonomy":"product_cat","embeddable":true,"href":"https:\/\/minervashop.eu\/en\/wp-json\/wp\/v2\/product_cat?post=154092"},{"taxonomy":"product_tag","embeddable":true,"href":"https:\/\/minervashop.eu\/en\/wp-json\/wp\/v2\/product_tag?post=154092"}],"curies":[{"name":"wp","href":"https:\/\/api.w.org\/{rel}","templated":true}]}}