{"id":154351,"date":"2025-10-15T09:35:09","date_gmt":"2025-10-15T09:35:09","guid":{"rendered":"https:\/\/minervashop.eu\/?post_type=product&#038;p=154351"},"modified":"2025-11-28T15:04:54","modified_gmt":"2025-11-28T15:04:54","slug":"kolme-jalaga-alus-paike-ja-kaed","status":"publish","type":"product","link":"https:\/\/minervashop.eu\/en\/toode\/kolme-jalaga-alus-paike-ja-kaed\/","title":{"rendered":"Kolme jalaga alus P\u00e4ike ja k\u00e4ed"},"content":{"rendered":"<div class=\"term-description\">\n<p align=\"justify\"><strong>P\u00e4ike on eluj\u00f5ud, mis tagab k\u00f5ikide asjade tunglemise ja kasvu ning elu meie p\u00e4ikeses\u00fcsteemis. Suures universumi s\u00fcsteemis on p\u00e4ike v\u00e4ike osa, kuid meie planeedi jaoks t\u00e4hendab see k\u00f5ike . Kehastab elu, kirge ja noorust ning jumalikku valgustatust. Kuninglikkuse ja ainuvalitsemise s\u00fcmbol. T\u00e4hendab lakkamatut s\u00e4ra.<\/strong><\/p>\n<\/div>\n","protected":false},"excerpt":{"rendered":"<table class=\"properties\">\n<tbody>\n<tr class=\"\">\n<td class=\"small\">p\u00e4ritolumaa<\/td>\n<td><img decoding=\"async\" title=\"IND\" src=\"https:\/\/www.awgifts.eu\/art\/flags\/in.png\" alt=\"\" data-country_key=\"72\" \/>\u00a0India<\/td>\n<\/tr>\n<tr class=\"\">\n<td class=\"small\">kaal<\/td>\n<td>0.157Kg<\/td>\n<\/tr>\n<tr class=\"Package_Weight_Container \">\n<td class=\"small\"><\/td>\n<td class=\"Package_Weight\"><\/td>\n<\/tr>\n<tr class=\"\">\n<td class=\"small\">m\u00f5\u00f5dud<\/td>\n<td>16&#215;4 (cm)<\/td>\n<\/tr>\n<tr class=\"\">\n<td class=\"small\">Materjal<\/td>\n<td>Alumiinium<\/td>\n<\/tr>\n<\/tbody>\n<\/table>\n","protected":false},"featured_media":154352,"template":"","meta":[],"product_brand":[],"product_cat":[661,265,646,268],"product_tag":[],"class_list":{"0":"post-154351","1":"product","2":"type-product","3":"status-publish","4":"has-post-thumbnail","6":"product_cat-allahindlus","7":"product_cat-ker","8":"product_cat-kuu-ja-paike","9":"product_cat-alused-kandikud-kausid","10":"product_shipping_class-s","12":"first","13":"instock","14":"sale","15":"taxable","16":"shipping-taxable","17":"purchasable","18":"product-type-simple"},"_links":{"self":[{"href":"https:\/\/minervashop.eu\/en\/wp-json\/wp\/v2\/product\/154351","targetHints":{"allow":["GET"]}}],"collection":[{"href":"https:\/\/minervashop.eu\/en\/wp-json\/wp\/v2\/product"}],"about":[{"href":"https:\/\/minervashop.eu\/en\/wp-json\/wp\/v2\/types\/product"}],"wp:featuredmedia":[{"embeddable":true,"href":"https:\/\/minervashop.eu\/en\/wp-json\/wp\/v2\/media\/154352"}],"wp:attachment":[{"href":"https:\/\/minervashop.eu\/en\/wp-json\/wp\/v2\/media?parent=154351"}],"wp:term":[{"taxonomy":"product_brand","embeddable":true,"href":"https:\/\/minervashop.eu\/en\/wp-json\/wp\/v2\/product_brand?post=154351"},{"taxonomy":"product_cat","embeddable":true,"href":"https:\/\/minervashop.eu\/en\/wp-json\/wp\/v2\/product_cat?post=154351"},{"taxonomy":"product_tag","embeddable":true,"href":"https:\/\/minervashop.eu\/en\/wp-json\/wp\/v2\/product_tag?post=154351"}],"curies":[{"name":"wp","href":"https:\/\/api.w.org\/{rel}","templated":true}]}}