{"id":154440,"date":"2025-10-15T11:45:01","date_gmt":"2025-10-15T11:45:01","guid":{"rendered":"https:\/\/minervashop.eu\/?post_type=product&#038;p=154440"},"modified":"2025-12-02T13:15:40","modified_gmt":"2025-12-02T13:15:40","slug":"seleniit-rituaalinuga","status":"publish","type":"product","link":"https:\/\/minervashop.eu\/en\/toode\/seleniit-rituaalinuga\/","title":{"rendered":"Seleniit rituaalinuga"},"content":{"rendered":"<div id=\"row-1467119492\" class=\"row\">\n<div id=\"col-826659897\" class=\"col small-12 large-12\">\n<div class=\"col-inner\">\n<div class=\"woocommerce-tabs wc-tabs-wrapper container tabbed-content\">\n<div class=\"tab-panels\">\n<div id=\"tab-description\" class=\"woocommerce-Tabs-panel woocommerce-Tabs-panel--description panel entry-content active\" role=\"tabpanel\" aria-labelledby=\"tab-title-description\">\n<p><b>SELENIIT<\/b>\u2013 Nimi tuleneb Kreeka kuujumalannalt Selenelt. K\u00f5rge vibratsiooniga kivi. Aitab s\u00e4ilitada kontrolli, kui te puhkate. V\u00e4hendab pinget. Aitab \u00e4ra tunda ja lahendada probleeme meie sees. Kaitseb v\u00e4lism\u00f5jutuste ja meeltesegaduse eest. Kiviteraapias kasutatakse kaitseks. Selle abil n\u00e4eme end \u00fcmbritsevat teadlikumalt ja murda traditsioonilisi k\u00e4itumismustreid. Kontroll saavutatakse ja tugevdatakse l\u00e4bi omaenda elu. \u00dchendub kolmanda silmaga, kroont\u0161akraga ja eetert\u0161akraga. Loob puhtust ja ausust. MAAGIA: Paranormaalsete v\u00f5imete arendamiseks. Mida suurem kivi, seda parem. Pange kivi igasse kodu nurka \u2013 see loob turvalise keskkonna. Annab uskumatult v\u00f5imast energeetikat ning aitab \u00fchenduda surnute maailmaga. Selleks pange seleniit voodi alla. Ekstrasensoorsete v\u00f5imete kiiremaks avaldumiseks t\u00f6\u00f6tada koos musta obsidiaaniga \u2013 te ei l\u00e4he segi n\u00e4gemustest ning suudate hoida sisemist tasakaalu. Kui tunnete raskust, tehke 2-3 n\u00e4dalat pausi. VAIM: kontroll, kaitsmine, tugev m\u00f5juv\u00f5im; rahustab \u00e4rritust ja h\u00fcperaktiivsust, annab inspiratsiooni, kaitseb kontrolli kaotamise ja negatiivse energia eest; aitab tagasi t\u00f5mbuda; sobib kuumaagiaks. KEHA: tugevdab kudesid ja v\u00e4hendab valu.<b>\u00a0<\/b>\u00dcks v\u00f5imsamaid tervendajaid.<\/p>\n<p><strong>MAAGIA: Paranormaalsete v\u00f5imete arendamiseks. Mida suurem kivi, seda parem. Pange kivi igasse kodu nurka \u2013 see loob turvalise keskkonna. Annab uskumatult v\u00f5imast energeetikat ning aitab \u00fchenduda surnute maailmaga. Selleks pange seleniit voodi alla. Ekstrasensoorsete v\u00f5imete kiiremaks avaldumiseks t\u00f6\u00f6tada koos musta obsidiaaniga \u2013 te ei l\u00e4he segi n\u00e4gemustest ning suudate hoida sisemist tasakaalu. Kui tunnete raskust, tehke 2-3 n\u00e4dalat pausi.<\/strong><\/p>\n<h3><strong>vaata lisaks\u00a0<a href=\"https:\/\/minervashop.eu\/uudised\/naturaalsete-kivide-vagi\/\">siit<\/a><\/strong><\/h3>\n<p><strong>seleniidist rituaalinuga<\/strong> on unikaalne ja v\u00f5imas t\u00f6\u00f6riist, mis aitab l\u00e4bi viia spirituaalseid praktikaid, tervendada energiaid ja mediteerida.\u00a0 Iga nuga on k\u00e4sitsi valmistatud ja graveeritud s\u00fcmbolitega. Rituaalinoa abil saab l\u00f5igata l\u00e4bi soovimatuid sidemeid inimeste ja olukordade vahel, luua tervendavat energiat positiivsuse ja uute alguste valguses. Kasuta spirituaalsetel praktikatel energiate liigutamiseks.<\/p>\n<\/div>\n<\/div>\n<\/div>\n<\/div>\n<\/div>\n<\/div>\n","protected":false},"excerpt":{"rendered":"<p>198 g<\/p>\n<p>20 x 4 cm<\/p>\n<p>graveeritud mustriga<\/p>\n","protected":false},"featured_media":154471,"template":"","meta":[],"product_brand":[],"product_cat":[661,261,260,238,444],"product_tag":[],"class_list":{"0":"post-154440","1":"product","2":"type-product","3":"status-publish","4":"has-post-thumbnail","6":"product_cat-allahindlus","7":"product_cat-brigitta","8":"product_cat-danu","9":"product_cat-maagia-tooriistad","10":"product_cat-erikujulised-lihvitud-kivid","11":"product_shipping_class-xs","13":"first","14":"instock","15":"sale","16":"taxable","17":"shipping-taxable","18":"purchasable","19":"product-type-variable"},"_links":{"self":[{"href":"https:\/\/minervashop.eu\/en\/wp-json\/wp\/v2\/product\/154440","targetHints":{"allow":["GET"]}}],"collection":[{"href":"https:\/\/minervashop.eu\/en\/wp-json\/wp\/v2\/product"}],"about":[{"href":"https:\/\/minervashop.eu\/en\/wp-json\/wp\/v2\/types\/product"}],"wp:featuredmedia":[{"embeddable":true,"href":"https:\/\/minervashop.eu\/en\/wp-json\/wp\/v2\/media\/154471"}],"wp:attachment":[{"href":"https:\/\/minervashop.eu\/en\/wp-json\/wp\/v2\/media?parent=154440"}],"wp:term":[{"taxonomy":"product_brand","embeddable":true,"href":"https:\/\/minervashop.eu\/en\/wp-json\/wp\/v2\/product_brand?post=154440"},{"taxonomy":"product_cat","embeddable":true,"href":"https:\/\/minervashop.eu\/en\/wp-json\/wp\/v2\/product_cat?post=154440"},{"taxonomy":"product_tag","embeddable":true,"href":"https:\/\/minervashop.eu\/en\/wp-json\/wp\/v2\/product_tag?post=154440"}],"curies":[{"name":"wp","href":"https:\/\/api.w.org\/{rel}","templated":true}]}}