{"id":154744,"date":"2025-10-16T10:06:09","date_gmt":"2025-10-16T10:06:09","guid":{"rendered":"https:\/\/minervashop.eu\/?post_type=product&#038;p=154744"},"modified":"2025-11-28T15:14:34","modified_gmt":"2025-11-28T15:14:34","slug":"seene-kujuga-klaasist-kuunlaalus","status":"publish","type":"product","link":"https:\/\/minervashop.eu\/en\/toode\/seene-kujuga-klaasist-kuunlaalus\/","title":{"rendered":"Seene kujuga klaasist k\u00fc\u00fcnlaalus"},"content":{"rendered":"","protected":false},"excerpt":{"rendered":"<p>sobib kasutamiseks kahel moel \u2013 pikale k\u00fc\u00fcnlale l\u00e4bim\u00f5\u00f5duga 2,5 cm ja \u00fcmberp\u00f6\u00f6ratult teek\u00fc\u00fcnlale<\/p>\n<p>valmistatud k\u00f5rge kvaliteediga klaasist<\/p>\n<p><strong>vaata lisaks\u00a0<a href=\"https:\/\/minervashop.eu\/uudised\/tuleviku-ennustamine\/\">siit<\/a><\/strong><\/p>\n<table class=\"properties\">\n<tbody>\n<tr class=\"\">\n<td class=\"small\">p\u00e4ritolumaa<\/td>\n<td><img decoding=\"async\" title=\"CHN\" src=\"https:\/\/www.awgifts.eu\/art\/flags\/cn.png\" alt=\"\" data-country_key=\"94\" \/>\u00a0Hiina<\/td>\n<\/tr>\n<tr class=\"\">\n<td class=\"small\">kaal<\/td>\n<td>0,195 Kg<\/td>\n<\/tr>\n<tr class=\"Package_Weight_Container \">\n<td class=\"small\"><\/td>\n<td class=\"Package_Weight\"><\/td>\n<\/tr>\n<tr class=\"\">\n<td class=\"small\">m\u00f5\u00f5dud<\/td>\n<td>7\u00d76.2\u00a0 (cm)<\/td>\n<\/tr>\n<tr class=\"\">\n<td class=\"small\">materjal<\/td>\n<td>pressitud klaas<\/td>\n<\/tr>\n<\/tbody>\n<\/table>\n","protected":false},"featured_media":154759,"template":"","meta":[],"product_brand":[],"product_cat":[262,266,171,260,264,265,263,55],"product_tag":[],"class_list":{"0":"post-154744","1":"product","2":"type-product","3":"status-publish","4":"has-post-thumbnail","6":"product_cat-artha","7":"product_cat-banbha","8":"product_cat-ceridwen","9":"product_cat-danu","10":"product_cat-domnu","11":"product_cat-ker","12":"product_cat-rhiannon","13":"product_cat-muust-materjalist-kuunlaalused","14":"product_shipping_class-s","16":"first","17":"instock","18":"taxable","19":"shipping-taxable","20":"purchasable","21":"product-type-variable"},"_links":{"self":[{"href":"https:\/\/minervashop.eu\/en\/wp-json\/wp\/v2\/product\/154744","targetHints":{"allow":["GET"]}}],"collection":[{"href":"https:\/\/minervashop.eu\/en\/wp-json\/wp\/v2\/product"}],"about":[{"href":"https:\/\/minervashop.eu\/en\/wp-json\/wp\/v2\/types\/product"}],"wp:featuredmedia":[{"embeddable":true,"href":"https:\/\/minervashop.eu\/en\/wp-json\/wp\/v2\/media\/154759"}],"wp:attachment":[{"href":"https:\/\/minervashop.eu\/en\/wp-json\/wp\/v2\/media?parent=154744"}],"wp:term":[{"taxonomy":"product_brand","embeddable":true,"href":"https:\/\/minervashop.eu\/en\/wp-json\/wp\/v2\/product_brand?post=154744"},{"taxonomy":"product_cat","embeddable":true,"href":"https:\/\/minervashop.eu\/en\/wp-json\/wp\/v2\/product_cat?post=154744"},{"taxonomy":"product_tag","embeddable":true,"href":"https:\/\/minervashop.eu\/en\/wp-json\/wp\/v2\/product_tag?post=154744"}],"curies":[{"name":"wp","href":"https:\/\/api.w.org\/{rel}","templated":true}]}}