{"id":154921,"date":"2025-10-20T07:43:23","date_gmt":"2025-10-20T07:43:23","guid":{"rendered":"https:\/\/minervashop.eu\/toode\/hobe-must-kuuskedega-kinkekarp\/"},"modified":"2025-11-28T15:20:08","modified_gmt":"2025-11-28T15:20:08","slug":"hobe-must-kuuskedega-kinkekarp","status":"publish","type":"product","link":"https:\/\/minervashop.eu\/en\/product\/hobe-must-kuuskedega-kinkekarp\/","title":{"rendered":"H\u00f5be\/must kuuskedega kinkekarp"},"content":{"rendered":"","protected":false},"excerpt":{"rendered":"<p>k\u00e4sit\u00f6\u00f6na valminud kinkekarp<\/p>\n<p>samet sees, all kangas, paber \u00fcmbris ja kaunistused, p\u00e4rlikett<\/p>\n<p>sisu m\u00f5\u00f5t 27 x 20 x 10 cm<\/p>\n<p>v\u00e4lis m\u00f5\u00f5t 21 x 28 x 11 cm + kaunistused ca 6 cm<\/p>\n","protected":false},"featured_media":154920,"template":"","meta":[],"product_brand":[],"product_cat":[277,452,336],"product_tag":[],"class_list":{"0":"post-154921","1":"product","2":"type-product","3":"status-publish","4":"has-post-thumbnail","6":"product_cat-danu-en","7":"product_cat-textile-boxes","8":"product_cat-cardboard-boxes","9":"product_shipping_class-m-en","11":"first","12":"instock","13":"taxable","14":"shipping-taxable","15":"purchasable","16":"product-type-simple"},"_links":{"self":[{"href":"https:\/\/minervashop.eu\/en\/wp-json\/wp\/v2\/product\/154921","targetHints":{"allow":["GET"]}}],"collection":[{"href":"https:\/\/minervashop.eu\/en\/wp-json\/wp\/v2\/product"}],"about":[{"href":"https:\/\/minervashop.eu\/en\/wp-json\/wp\/v2\/types\/product"}],"wp:featuredmedia":[{"embeddable":true,"href":"https:\/\/minervashop.eu\/en\/wp-json\/wp\/v2\/media\/154920"}],"wp:attachment":[{"href":"https:\/\/minervashop.eu\/en\/wp-json\/wp\/v2\/media?parent=154921"}],"wp:term":[{"taxonomy":"product_brand","embeddable":true,"href":"https:\/\/minervashop.eu\/en\/wp-json\/wp\/v2\/product_brand?post=154921"},{"taxonomy":"product_cat","embeddable":true,"href":"https:\/\/minervashop.eu\/en\/wp-json\/wp\/v2\/product_cat?post=154921"},{"taxonomy":"product_tag","embeddable":true,"href":"https:\/\/minervashop.eu\/en\/wp-json\/wp\/v2\/product_tag?post=154921"}],"curies":[{"name":"wp","href":"https:\/\/api.w.org\/{rel}","templated":true}]}}