{"id":154952,"date":"2025-10-21T11:49:25","date_gmt":"2025-10-21T11:49:25","guid":{"rendered":"https:\/\/minervashop.eu\/?post_type=product&#038;p=154952"},"modified":"2026-03-24T13:38:36","modified_gmt":"2026-03-24T13:38:36","slug":"puriit-kristallipuu-kupli-all","status":"publish","type":"product","link":"https:\/\/minervashop.eu\/en\/toode\/puriit-kristallipuu-kupli-all\/","title":{"rendered":"P\u00fcriit kristallipuu kupli all"},"content":{"rendered":"<div id=\"row-770569285\" class=\"row\">\n<div id=\"col-1047725400\" class=\"col small-12 large-12\">\n<div class=\"col-inner\">\n<div class=\"woocommerce-tabs wc-tabs-wrapper container tabbed-content\">\n<div class=\"tab-panels\">\n<div id=\"tab-description\" class=\"woocommerce-Tabs-panel woocommerce-Tabs-panel--description panel entry-content active\" role=\"tabpanel\" aria-labelledby=\"tab-title-description\">\n<div class=\"product-short-description\">\n<div class=\"product-short-description\">\n<div class=\"product-short-description\">\n<p><strong>vaata lisa\u00a0<a href=\"https:\/\/rnojomku.sendsmaily.net\/templates\/acafb176-ee1f-4e4a-bba3-5c57e9a8e0e3\/html\/\">siit<\/a><\/strong><\/p>\n<\/div>\n<\/div>\n<\/div>\n<p class=\"western\" align=\"justify\"><b>P\u00dcRIIT<\/b>\u2013 (metalne l\u00e4ige) tulekivi v\u00f5i narrikuld; enese tunnustamine, toob v\u00e4lja saladused ja allasurutud m\u00e4lestused; annab eluj\u00f5udu; tugevdab tahet; muudab avatuks, otsekoheseks ja ausaks; v\u00e4hendab kindlate olukordade ja haiguste p\u00f5hjusi. Leevendab \u00e4revust, nurjumistunnet ja depressiooni. Kaitseb negatiivse energia eest. Stimuleerides aju v\u00e4hendab n\u00e4rvilisust ja v\u00e4simust. Ideaalne kivi uuteks ideedeks, projektideks ja finantsotsusteks, aidates vastu v\u00f5tta kindlaid otsuseid ja tegutseda kiiresti. Naistel aitab v\u00e4hendada ebakindlust ja hirme, meestele annab j\u00f5udu ning arendab liidri omadusi. Sobib \u00f5pilastele, kellel on raskusi \u00f5ppimisega. Aitab arendada m\u00e4lu ja meeles pidada \u00f5ppematerjali. KEHA: reguleerib seedes\u00fcsteemi \u2013 stimuleerib maksa, soolestikku, m\u00fcrkide kahjutustamist ja v\u00e4ljutamist; ergutab vereringet. Vabastab kehast m\u00fcrke, kaitstes organismi saastumise ja negatiivse energia eest. Sisaldab rauda ja v\u00e4\u00e4vlit. Raud on oluline vere koostisosa, ilma milleta ei suuda rakud hapnikku omastada. V\u00e4\u00e4vel kuulub aminohapete ja proteiinide koostisse.<\/p>\n<\/div>\n<\/div>\n<\/div>\n<\/div>\n<\/div>\n<\/div>\n<div id=\"row-1482681088\" class=\"row\">\n<div id=\"col-105982368\" class=\"col small-12 large-12\">\n<div class=\"col-inner\">\n<div class=\"related related-products-wrapper product-section\"><\/div>\n<\/div>\n<\/div>\n<\/div>\n<table class=\"properties\">\n<tbody>\n<tr class=\"\">\n<td class=\"small\">p\u00e4ritolumaa<\/td>\n<td><img decoding=\"async\" title=\"IND\" src=\"https:\/\/www.awgifts.eu\/art\/flags\/in.png\" alt=\"\" data-country_key=\"72\" \/>\u00a0India<\/td>\n<\/tr>\n<tr class=\"\">\n<td class=\"small\">kaal<\/td>\n<td>0.23Kg<\/td>\n<\/tr>\n<tr class=\"Package_Weight_Container \">\n<td class=\"small\"><\/td>\n<td class=\"Package_Weight\"><\/td>\n<\/tr>\n<tr class=\"\">\n<td class=\"small\">m\u00f5\u00f5dud<\/td>\n<td>8&#215;12 (cm)<\/td>\n<\/tr>\n<tr class=\"\">\n<td class=\"small\">materjal<\/td>\n<td>akaatsia puu, h\u00f5betatud traat, naturaalsest kivist chipsid, klaas<\/td>\n<\/tr>\n<\/tbody>\n<\/table>\n","protected":false},"excerpt":{"rendered":"<p>See suurep\u00e4rane k\u00e4sitsi valmistatud p\u00fcriit puu on kaunis dekoratsiooniks, s\u00fcmboliseerides k\u00fcllust<b>, <\/b>kaitset,\u00a0 ja enesekindlust.\u00a0 Puu on puidust alusel, kaetud kristallipuruga ja eemaldatava klaaskupliga n\u00f5us.<\/p>\n<p>Puus on 30 k\u00e4sitsi vlitud kivi. P\u00fcriit on tuntud k\u00fclluse kivina ning usutakse, et see t\u00f5mbab ligi j\u00f5ukust, edukust ja motivatsiooni. Siledal taastuvast loodusest korjatud puidust alusel kristallipuu on kaunis kingitus. Klaaskupli all tulevad esile p\u00fcriidi s\u00e4ra ja kuldne helk.<\/p>\n<h4><strong>vaata lisaks\u00a0<a href=\"https:\/\/minervashop.eu\/uudised\/naturaalsete-kivide-vagi\/\">siit<\/a><\/strong><\/h4>\n<p>&nbsp;<\/p>\n","protected":false},"featured_media":154953,"template":"","meta":[],"product_brand":[],"product_cat":[240],"product_tag":[],"class_list":{"0":"post-154952","1":"product","2":"type-product","3":"status-publish","4":"has-post-thumbnail","6":"product_cat-kivist-puud","7":"product_shipping_class-s","9":"first","10":"outofstock","11":"taxable","12":"shipping-taxable","13":"purchasable","14":"product-type-simple"},"_links":{"self":[{"href":"https:\/\/minervashop.eu\/en\/wp-json\/wp\/v2\/product\/154952","targetHints":{"allow":["GET"]}}],"collection":[{"href":"https:\/\/minervashop.eu\/en\/wp-json\/wp\/v2\/product"}],"about":[{"href":"https:\/\/minervashop.eu\/en\/wp-json\/wp\/v2\/types\/product"}],"wp:featuredmedia":[{"embeddable":true,"href":"https:\/\/minervashop.eu\/en\/wp-json\/wp\/v2\/media\/154953"}],"wp:attachment":[{"href":"https:\/\/minervashop.eu\/en\/wp-json\/wp\/v2\/media?parent=154952"}],"wp:term":[{"taxonomy":"product_brand","embeddable":true,"href":"https:\/\/minervashop.eu\/en\/wp-json\/wp\/v2\/product_brand?post=154952"},{"taxonomy":"product_cat","embeddable":true,"href":"https:\/\/minervashop.eu\/en\/wp-json\/wp\/v2\/product_cat?post=154952"},{"taxonomy":"product_tag","embeddable":true,"href":"https:\/\/minervashop.eu\/en\/wp-json\/wp\/v2\/product_tag?post=154952"}],"curies":[{"name":"wp","href":"https:\/\/api.w.org\/{rel}","templated":true}]}}