{"id":155103,"date":"2025-10-25T07:32:31","date_gmt":"2025-10-25T07:32:31","guid":{"rendered":"https:\/\/minervashop.eu\/toode\/smokey-quartz-bronze-drop-earrings\/"},"modified":"2025-10-25T07:32:31","modified_gmt":"2025-10-25T07:32:31","slug":"smokey-quartz-bronze-drop-earrings","status":"publish","type":"product","link":"https:\/\/minervashop.eu\/en\/product\/smokey-quartz-bronze-drop-earrings\/","title":{"rendered":"Smokey quartz bronze drop earrings"},"content":{"rendered":"<p align=\"JUSTIFY\"><b>SUITSUKVARTS <\/b>\u2013 (pruun kristalne kvarts); l\u00f5\u00f5gastus, v\u00e4hendab pinget ja stressi ning vihkamist, kurjust ja hirmusid, muutes selle negatiivse energia positiivseks; soodustab ratsionaalset ja realistlikku m\u00f5tlemisprotsessi; sobib tasakaalu leidmiseks ja maandamiseks. Keskendumist soodustav ja maandav energia. Tugevdab juurt\u0161akra maandavat toimet, aidates keskenduda t\u00f5eliselt olulisele. Hajutab hirme ja teisi negatiivseid meeleseisundeid, kuna ta tasakaalustab k\u00f5iki keha s\u00fcsteeme, kasvab turvatunne. M\u00f5jub rahustavalt m\u00f5tlemisele ja mediteerimisele. Suurep\u00e4rase maandava kivina kasutatakse laialdaselt tervendamisel ja meditatsioonil. Puhastab teed negatiivsuse eemaldamiseks, viies selle Maasse tagasi loomulikul moel. Kasutatakse ka palvetes esiisade poole, maandades vaimu ja tuues esivanem siia maailma. KEHA: peavalu, pinguldab \u00f5lgasid ja selga; v\u00e4hendab valu ja tugevdab n\u00e4rve. Koos kr\u00fcsopraasiga ravitseb seen-nakkusi. Eemaldab neerudest m\u00fcrke. Lastetuse puhul. Spasmide vastu menstruatsiooni ajal. V\u00e4higa v\u00f5itlejatel, keemiaravi ajal ja p\u00e4rast seda kanda alati kaasas suitsukvartsi.             <a id=\"Must ahhaat\" name=\"Must%20ahhaat\" data-cke-saved-name=\"Must ahhaat\"><\/a><\/p>\n","protected":false},"excerpt":{"rendered":"<p>alloy, glass beads, natural faceted smokey quartz<\/p>\n<p>Hand crafted &#8211; one piece only!<\/p>\n<p>8,5 x 3 cm<\/p>\n","protected":false},"featured_media":155100,"template":"","meta":[],"product_brand":[],"product_cat":[277,359,188,146],"product_tag":[],"class_list":{"0":"post-155103","1":"product","2":"type-product","3":"status-publish","4":"has-post-thumbnail","6":"product_cat-danu-en","7":"product_cat-domnu-en","8":"product_cat-other-material-earrings","9":"product_cat-natural-stone-earrings","10":"product_shipping_class-xs-en-2","12":"first","13":"instock","14":"taxable","15":"shipping-taxable","16":"purchasable","17":"product-type-simple"},"_links":{"self":[{"href":"https:\/\/minervashop.eu\/en\/wp-json\/wp\/v2\/product\/155103","targetHints":{"allow":["GET"]}}],"collection":[{"href":"https:\/\/minervashop.eu\/en\/wp-json\/wp\/v2\/product"}],"about":[{"href":"https:\/\/minervashop.eu\/en\/wp-json\/wp\/v2\/types\/product"}],"wp:featuredmedia":[{"embeddable":true,"href":"https:\/\/minervashop.eu\/en\/wp-json\/wp\/v2\/media\/155100"}],"wp:attachment":[{"href":"https:\/\/minervashop.eu\/en\/wp-json\/wp\/v2\/media?parent=155103"}],"wp:term":[{"taxonomy":"product_brand","embeddable":true,"href":"https:\/\/minervashop.eu\/en\/wp-json\/wp\/v2\/product_brand?post=155103"},{"taxonomy":"product_cat","embeddable":true,"href":"https:\/\/minervashop.eu\/en\/wp-json\/wp\/v2\/product_cat?post=155103"},{"taxonomy":"product_tag","embeddable":true,"href":"https:\/\/minervashop.eu\/en\/wp-json\/wp\/v2\/product_tag?post=155103"}],"curies":[{"name":"wp","href":"https:\/\/api.w.org\/{rel}","templated":true}]}}