{"id":155278,"date":"2025-10-27T12:35:58","date_gmt":"2025-10-27T12:35:58","guid":{"rendered":"https:\/\/minervashop.eu\/?post_type=product&#038;p=155278"},"modified":"2025-11-28T15:48:12","modified_gmt":"2025-11-28T15:48:12","slug":"tume-sinine-sametine-vikerkaare-ruuziga-kotike","status":"publish","type":"product","link":"https:\/\/minervashop.eu\/en\/toode\/tume-sinine-sametine-vikerkaare-ruuziga-kotike\/","title":{"rendered":"Tume sinine sametine vikerkaare r\u00fc\u00fc\u017eiga kotike"},"content":{"rendered":"","protected":false},"excerpt":{"rendered":"<p>tugev sametine kangas, organza pael, kanga n\u00f6\u00f6p, pol\u00fcester pael<\/p>\n<p>suletuna 16,5x 14cm<\/p>\n<p>K\u00e4sit\u00f6\u00f6 \u2013 ainus eksemplar!<\/p>\n","protected":false},"featured_media":155281,"template":"","meta":[],"product_brand":[],"product_cat":[264,155],"product_tag":[],"class_list":{"0":"post-155278","1":"product","2":"type-product","3":"status-publish","4":"has-post-thumbnail","6":"product_cat-domnu","7":"product_cat-kangast-kotid","8":"product_shipping_class-xs","10":"first","11":"instock","12":"taxable","13":"shipping-taxable","14":"purchasable","15":"product-type-simple"},"_links":{"self":[{"href":"https:\/\/minervashop.eu\/en\/wp-json\/wp\/v2\/product\/155278","targetHints":{"allow":["GET"]}}],"collection":[{"href":"https:\/\/minervashop.eu\/en\/wp-json\/wp\/v2\/product"}],"about":[{"href":"https:\/\/minervashop.eu\/en\/wp-json\/wp\/v2\/types\/product"}],"wp:featuredmedia":[{"embeddable":true,"href":"https:\/\/minervashop.eu\/en\/wp-json\/wp\/v2\/media\/155281"}],"wp:attachment":[{"href":"https:\/\/minervashop.eu\/en\/wp-json\/wp\/v2\/media?parent=155278"}],"wp:term":[{"taxonomy":"product_brand","embeddable":true,"href":"https:\/\/minervashop.eu\/en\/wp-json\/wp\/v2\/product_brand?post=155278"},{"taxonomy":"product_cat","embeddable":true,"href":"https:\/\/minervashop.eu\/en\/wp-json\/wp\/v2\/product_cat?post=155278"},{"taxonomy":"product_tag","embeddable":true,"href":"https:\/\/minervashop.eu\/en\/wp-json\/wp\/v2\/product_tag?post=155278"}],"curies":[{"name":"wp","href":"https:\/\/api.w.org\/{rel}","templated":true}]}}