{"id":156001,"date":"2025-11-04T15:14:44","date_gmt":"2025-11-04T15:14:44","guid":{"rendered":"https:\/\/minervashop.eu\/?post_type=product&#038;p=156001"},"modified":"2025-12-18T10:56:23","modified_gmt":"2025-12-18T10:56:23","slug":"sulgedega-granaat-kiviga-pikad-korvarongad","status":"publish","type":"product","link":"https:\/\/minervashop.eu\/en\/toode\/sulgedega-granaat-kiviga-pikad-korvarongad\/","title":{"rendered":"Sulgedega granaat kiviga pikad k\u00f5rvar\u00f5ngad"},"content":{"rendered":"<div id=\"row-1810248795\" class=\"row\">\n<div id=\"col-539343895\" class=\"col small-12 large-12\">\n<div class=\"col-inner\">\n<div class=\"woocommerce-tabs wc-tabs-wrapper container tabbed-content\">\n<div class=\"tab-panels\">\n<div id=\"tab-description\" class=\"woocommerce-Tabs-panel woocommerce-Tabs-panel--description panel entry-content active\" role=\"tabpanel\" aria-labelledby=\"tab-title-description\">\n<p class=\"western\" align=\"justify\"><b>GRANAAT\u00a0<\/b>on populaarne v\u00e4\u00e4riskivi juba pronksiajast. Vastupidavuse ja tahtej\u00f5u tugevdamiseks. Aitab ideede realiseerimisel vaatamata suurele vastupanule. Kaitseb oma kandjat negatiivsuse ja depressiooni eest ning sisendab julgust. Parandab eneseusku. Aitab rahuneda inimestel, kes alati kiirustavad ja n\u00e4rveerivad eesoleva p\u00e4rast ning teadvustada elu t\u00f5elisi v\u00e4\u00e4rtusi. S\u00fcmboliseerib energiat, p\u00fchendumist ja ustavust. Elavdab kujutlusv\u00f5imet, sobib r\u00f5\u00f5muks, kaitseks, kaastundeks, puhastamiseks, tervendamiseks, armuloitsudeks, toob \u00f5nne. Kanda neil, kel on probleeme laste s\u00fcndimisega. Suurendab potentsi ja m\u00f5jub positiivselt suguorganitele. Avaldab m\u00f5ju vastassugupoolele. Soodustab julgust teha esimene samm tutvumiseks ning soodustab romantilist suhtlemist. Armastuse kivi. Tugevdab aurat, annab j\u00f5udu maagilistes toimingutes, muudab ausaks ja truuks, annab armastusele p\u00fcsivust ja aitab suunata kundalini energiat. KEHA: Puhastab verd, parandab vereringet ja endokriinset metabolismi. Muudab naha ilusaks. Ravitakse depressiooni ja s\u00fcdamepekslemist, hoiab tervise stabiilse ja teeb l\u00f5pu vere k\u00f6himisele. Tuligranaat \u00f5hutab armastajate vahel nii r\u00f5\u00f5mu kui lahkhelisid, tugevdab tervist, peletab depressiooni ja vaigistab s\u00fcdamepekslemist. MAAGIA: Eduka \u00e4ri ja karj\u00e4\u00e4ri t\u00f5usu talisman. Asetades t\u00f6\u00f6lauale v\u00e4hemalt 3 kivi, avate rahakanali. Padja all hoides ravite stressi ja depressiooni. Ehtena kandes tugevdab teie populaarsust ja enesehinnangut, toob emotsionaalsetesse suhetesse vaimset m\u00f5istmist ja empaatiat.<\/p>\n<\/div>\n<\/div>\n<\/div>\n<\/div>\n<\/div>\n<\/div>\n<div id=\"row-183248089\" class=\"row\">\n<div id=\"col-325616199\" class=\"col small-12 large-12\">\n<div class=\"col-inner\">\n<div class=\"related related-products-wrapper product-section\"><\/div>\n<\/div>\n<\/div>\n<\/div>\n","protected":false},"excerpt":{"rendered":"<div class=\"product-short-description\">\n<p>naturaalsed v\u00e4rvitud suled, klaas kristallid, naturaalne granaat kivi<\/p>\n<p>pikkus ca 10-13 cm<\/p>\n<\/div>\n<div class=\"add-to-cart-container form-normal is-normal\"><\/div>\n","protected":false},"featured_media":156008,"template":"","meta":[],"product_brand":[],"product_cat":[515],"product_tag":[],"class_list":{"0":"post-156001","1":"product","2":"type-product","3":"status-publish","4":"has-post-thumbnail","6":"product_cat-sulgedega-korvarongad","7":"product_shipping_class-xs","9":"first","10":"instock","11":"taxable","12":"shipping-taxable","13":"purchasable","14":"product-type-variable"},"_links":{"self":[{"href":"https:\/\/minervashop.eu\/en\/wp-json\/wp\/v2\/product\/156001","targetHints":{"allow":["GET"]}}],"collection":[{"href":"https:\/\/minervashop.eu\/en\/wp-json\/wp\/v2\/product"}],"about":[{"href":"https:\/\/minervashop.eu\/en\/wp-json\/wp\/v2\/types\/product"}],"wp:featuredmedia":[{"embeddable":true,"href":"https:\/\/minervashop.eu\/en\/wp-json\/wp\/v2\/media\/156008"}],"wp:attachment":[{"href":"https:\/\/minervashop.eu\/en\/wp-json\/wp\/v2\/media?parent=156001"}],"wp:term":[{"taxonomy":"product_brand","embeddable":true,"href":"https:\/\/minervashop.eu\/en\/wp-json\/wp\/v2\/product_brand?post=156001"},{"taxonomy":"product_cat","embeddable":true,"href":"https:\/\/minervashop.eu\/en\/wp-json\/wp\/v2\/product_cat?post=156001"},{"taxonomy":"product_tag","embeddable":true,"href":"https:\/\/minervashop.eu\/en\/wp-json\/wp\/v2\/product_tag?post=156001"}],"curies":[{"name":"wp","href":"https:\/\/api.w.org\/{rel}","templated":true}]}}