{"id":156333,"date":"2025-11-13T14:47:43","date_gmt":"2025-11-13T14:47:43","guid":{"rendered":"https:\/\/minervashop.eu\/?post_type=product&#038;p=156333"},"modified":"2026-01-20T14:55:50","modified_gmt":"2026-01-20T14:55:50","slug":"ayurvenat-toothpaste-with-miswak-organic-75ml","status":"publish","type":"product","link":"https:\/\/minervashop.eu\/en\/toode\/ayurvenat-toothpaste-with-miswak-organic-75ml\/","title":{"rendered":"Ayurvenat toothpaste with miswak Organic 75ml"},"content":{"rendered":"<p>Hambapasta on taimse baasiga tuubis, valmistatud suhkruroost, plastiku vaba! Ei ole papist karbis ja seega ei teki pakendi j\u00e4\u00e4tmeid! Koostises on tehtud muudatusi, j\u00e4ttes efektiivsuse samaks samade aktiivainetega (miswak) ja sama aroomiga aniisist ja lagritsast. Muutused on abrasiivsuse osas, enam ei kasutata mineraal r\u00e4ni, vaid puhastajana 100% taimset p\u00e4ritolu ja taastuvast allikast. See aktiivaine, mikrokristalliline tselluloos tagab\u00a0 \u00f5rna, kuid efektiivse puhastuse s\u00e4ilitades hamba emaili ja dentiini. Selle sertifitseeritud orgaanilise hambapastaga teed panuse\u00a0 loodusele ning pakud oma hammastele optimaalset kombinatsiooni puhastamisest, poleerimisest ja igap\u00e4evasest v\u00e4rskusest.<\/p>\n<p><b>tootest <\/b>Hambapasta on naturaalne hammaste hooldus ja suuh\u00fcgieen, ECOCERT sertifikaat, taimsel baasil suhkruroost tuub,\u00a0 titaanium dioksiidi vaba,\u00a0 hom\u00f6opaatiaga sobiv, \u00f5rna maitsega,\u00a0 plastiku vaba.<\/p>\n<p><b>n\u00f5uanne heaks h\u00fcgieeniks &#8211; <\/b>pane pisut pastat hambaharjale ja puhasta hambaid ja igemeid 3 minutit. Soovitatavalt pese hambaid iga toidukorra j\u00e4rel. Uuenda hambaharja regulaarselt.<\/p>\n<p><strong>NB!<\/strong><br \/>\nEi sobi lastele alla 7 aasta. \u00c4ra neela alla. S\u00e4ilita toatemperatuuril. Sulge tuub p\u00e4rast kasutamist, et v\u00e4ltida kuivamist.<\/p>\n<div>\n<div><b>koostis &#8211; <\/b>HYDROGENATED STARCH HYDROLYSATE, SALVIA OFFICINALIS (SAGE) LEAF WATER*, MICROCRISTALLINE CELLULOSE, AQUA (WATER), GLYCERIN, AROMA (FLAVOR), SALVADORA PERSICA STEM EXTRACT, SODIUM COCOAMPHOACETATE, XANTHAN GUM, LEVULINIC ACID, SODIUM COCOYL GLUTAMATE, SODIUM CHLORIDE, SODIUM LEVULINATE, STEVIA REBAUDIANA EXTRACT*, SODIUM HYDROXIDE, CITRIC ACID, POTASSIUM SORBATE, SODIUM BENZOATE.<\/div>\n<div><em>* orgaanilisest tootmisest<\/em><br \/>\n<em>99% kogu koostisest on naturaalset p\u00e4ritolu<br \/>\n23% kogu koostisest on orgaanilisest tootmisest<br \/>\nNaturaalne ja orgaaniline sertifitseeritud kosmeetika-\u00a0 Ecocert Greenlife vastavalt Ecocert standardile<\/em><\/div>\n<\/div>\n","protected":false},"excerpt":{"rendered":"<p>Prantsusmaalt<\/p>\n","protected":false},"featured_media":156334,"template":"","meta":[],"product_brand":[],"product_cat":[234],"product_tag":[],"class_list":{"0":"post-156333","1":"product","2":"type-product","3":"status-publish","4":"has-post-thumbnail","6":"product_cat-tervisetooted","7":"product_shipping_class-xs","9":"first","10":"instock","11":"taxable","12":"shipping-taxable","13":"purchasable","14":"product-type-simple"},"_links":{"self":[{"href":"https:\/\/minervashop.eu\/en\/wp-json\/wp\/v2\/product\/156333","targetHints":{"allow":["GET"]}}],"collection":[{"href":"https:\/\/minervashop.eu\/en\/wp-json\/wp\/v2\/product"}],"about":[{"href":"https:\/\/minervashop.eu\/en\/wp-json\/wp\/v2\/types\/product"}],"wp:featuredmedia":[{"embeddable":true,"href":"https:\/\/minervashop.eu\/en\/wp-json\/wp\/v2\/media\/156334"}],"wp:attachment":[{"href":"https:\/\/minervashop.eu\/en\/wp-json\/wp\/v2\/media?parent=156333"}],"wp:term":[{"taxonomy":"product_brand","embeddable":true,"href":"https:\/\/minervashop.eu\/en\/wp-json\/wp\/v2\/product_brand?post=156333"},{"taxonomy":"product_cat","embeddable":true,"href":"https:\/\/minervashop.eu\/en\/wp-json\/wp\/v2\/product_cat?post=156333"},{"taxonomy":"product_tag","embeddable":true,"href":"https:\/\/minervashop.eu\/en\/wp-json\/wp\/v2\/product_tag?post=156333"}],"curies":[{"name":"wp","href":"https:\/\/api.w.org\/{rel}","templated":true}]}}