{"id":156343,"date":"2025-11-14T09:08:34","date_gmt":"2025-11-14T09:08:34","guid":{"rendered":"https:\/\/minervashop.eu\/toode\/orgonite-sphere-moonstone-with-moon\/"},"modified":"2025-11-14T09:08:34","modified_gmt":"2025-11-14T09:08:34","slug":"orgonite-sphere-moonstone-with-moon","status":"publish","type":"product","link":"https:\/\/minervashop.eu\/en\/product\/orgonite-sphere-moonstone-with-moon\/","title":{"rendered":"Orgonite sphere moonstone with moon<br>"},"content":{"rendered":"<p class=\"western\" align=\"justify\">Orgonite is a cast blend of resin, metal and quartz that is believed to help balance ambient energy by converting disruptive electromagnetic fields into a steadier flow of \u201corgone\u201d (life-force, chi, or prana). Many users place orgonite in living or work areas as a subtle aid to relaxation and wellbeing.               <\/p>\n<p>A moon emblem anchors the design. The crescent symbol represents reflection, change and the passage of time. Practitioners say it amplifies the receptive, calming qualities attributed to moonstone, giving the piece a coherent energetic \u201csignature.\u201d  <\/p>\n<div id=\"row-1835236146\" class=\"row\">\n<div id=\"col-169537418\" class=\"col small-12 large-12\">\n<div class=\"col-inner\">\n<div class=\"woocommerce-tabs wc-tabs-wrapper container tabbed-content\">\n<div class=\"tab-panels\">\n<div id=\"tab-description\" class=\"woocommerce-Tabs-panel woocommerce-Tabs-panel--description panel entry-content active\" role=\"tabpanel\" aria-labelledby=\"tab-title-description\">\n<div id=\"row-217090586\" class=\"row\">\n<div id=\"col-823642080\" class=\"col small-12 large-12\">\n<div class=\"col-inner\">\n<div class=\"woocommerce-tabs wc-tabs-wrapper container tabbed-content\">\n<div class=\"tab-panels\">\n<div id=\"tab-description\" class=\"woocommerce-Tabs-panel woocommerce-Tabs-panel--description panel entry-content active\" role=\"tabpanel\" aria-labelledby=\"tab-title-description\">\n<p class=\"western\" align=\"justify\"><b>KUUKIVI<\/b>\u2013 (p\u00e4rljas l\u00e4bikumav, harilikult sinakas v\u00f5i h\u00f5bejas kivi.) Hall kuukivi sobib t\u00f5kete kaotamiseks, valge kuukivi meheliku ja naiseliku energia tasakaalustamiseks. Sinakas kivi teravdab kontsentreerumist ja aitab v\u00e4ltida igasugust meeltesegadust. Naiselik kivi, nagu v\u00f5luamulett \u2013 toob naiselikkust ja loob hea aura selle kandja \u00fcmber. M\u00fcstilise j\u00f5u kivi. Reisijate talisman. Rahustab ja seab meid elama loodusega r\u00fctmis. VAIM: intuitsioon; aitab unesk\u00f5ndimise vastu; annab tunnetele s\u00fcgavust; muudab vastuv\u00f5tlikuks inspiratsioonile ja impulssidele. Kuupaistena s\u00e4delevat kuukivi peetakse Indias p\u00fchaks, kuigi m\u00f5nel pool peetakse teda kurjakuulutavaks ja pahaloomuliseks. Arvatakse, et kuukivi toob \u00f5nne. S\u00fcmboliseerib \u00f5rnust, Kuud ja armunuid. Kui peig kingib pruudile kuukivi, toob see \u00f5nne. Avades s\u00fcdamet\u0161akra, aitab leida t\u00f5elise armastuse. Suurep\u00e4rane kristall armastuse jaoks. Kui inimesed t\u00f5eliselt t\u00fclitsevad, siis aitab kuukivi kahel armastaval s\u00fcdamel taas\u00fchineda. Erootika ja armastuse kivi, stimuleerides Kundalini energiat ja salajasi soove, mida ei saa realiseerida hirmude t\u00f5ttu. Naistele, kel on raskusi s\u00fcnnitada lapsi. Seotud kire, rahulikkuse, taas\u00fchinemise, soodsa saatuse, hingelise tasakaalu, isekuse k\u00e4rpimise, kaitsega kodust kaugel, ps\u00fc\u00fchiliste v\u00f5imete tugevdamise, naiseliku lummamise ja tundlikkuse suurendamisega looduse ts\u00fcklite vastu. Intuitsiooni tugevdamiseks. Avab meele erinevateks v\u00f5imalusteks. Soodustab isiklikku muutumist ja arengut. Abiks paindumatuse ja impulsiivsuse korral. Aitab parandada emotsionaalset n\u00e4gemust ja loovust. KEHA: Viib hormonaalse ts\u00fckli tasakaalu loomulike r\u00fctmidega; aitab menstruatsiooniprobleemide ja menopausi puhul ning p\u00e4rast s\u00fcnnitust. Hoiab \u00e4ra liiglihavuse. Viib v\u00e4lja m\u00fcrke. MAAGIA: Aitab s\u00e4ilitada noorust. Kandke rinnahoidja sees, s\u00fcdame l\u00e4hedal. Legendi j\u00e4rgi v\u00f5ib inimene, kes paneb t\u00e4iskuu ajal kuukivi keele alla, n\u00e4ha tulevikku. Naistel soovitatakse kanda iga p\u00e4ev, minimaalselt 3 kuud.                             <b><\/b><i>To attract love,<\/i> put on a moonlight lamp<b> <\/b>polished stones around a pink candle. Light the candle and visualise love arriving. For protection when travelling or on the water. A moonstone ring can be worn while swimming.   <\/p>\n<\/div>\n<\/div>\n<\/div>\n<\/div>\n<\/div>\n<\/div>\n<\/div>\n<\/div>\n<\/div>\n<\/div>\n<\/div>\n<\/div>\n<div class=\"product-short-description\">\n<div class=\"product-short-description\">\n<h4><strong>see more <a href=\"https:\/\/minervashop.eu\/uudised\/naturaalsete-kivide-vagi\/\">here<\/a><\/strong><\/h4>\n<p align=\"justify\"><strong>The moon is a symbol of hope and inspiration. It is associated with birth, death and resurrection. The invisible side of the moon is associated with occultism. The feminine qualities of the Moon link it to the mother goddess.   <\/strong><\/p>\n<\/div>\n<\/div>\n","protected":false},"excerpt":{"rendered":"<p>7 cm<\/p>\n<p>Inside this orgonite sphere, small chips of moonstone are suspended within the resin matrix. Moonstone is prized by crystal therapists for fostering intuition and emotional rhythm. Its pearly sheen mirrors the waxing and waning lunar cycle and is often linked to the sacral and third-eye chakras, where instinct and imagination meet.<\/p>\n","protected":false},"featured_media":156341,"template":"","meta":[],"product_brand":[],"product_cat":[322,277,239,647,200],"product_tag":[],"class_list":{"0":"post-156343","1":"product","2":"type-product","3":"status-publish","4":"has-post-thumbnail","6":"product_cat-brigitta-en","7":"product_cat-danu-en","8":"product_cat-ritual-wands-and-walking-sticks","9":"product_cat-moon-and-sun","10":"product_cat-orgonite-en","11":"product_shipping_class-s-en","13":"first","14":"instock","15":"taxable","16":"shipping-taxable","17":"purchasable","18":"product-type-simple"},"_links":{"self":[{"href":"https:\/\/minervashop.eu\/en\/wp-json\/wp\/v2\/product\/156343","targetHints":{"allow":["GET"]}}],"collection":[{"href":"https:\/\/minervashop.eu\/en\/wp-json\/wp\/v2\/product"}],"about":[{"href":"https:\/\/minervashop.eu\/en\/wp-json\/wp\/v2\/types\/product"}],"wp:featuredmedia":[{"embeddable":true,"href":"https:\/\/minervashop.eu\/en\/wp-json\/wp\/v2\/media\/156341"}],"wp:attachment":[{"href":"https:\/\/minervashop.eu\/en\/wp-json\/wp\/v2\/media?parent=156343"}],"wp:term":[{"taxonomy":"product_brand","embeddable":true,"href":"https:\/\/minervashop.eu\/en\/wp-json\/wp\/v2\/product_brand?post=156343"},{"taxonomy":"product_cat","embeddable":true,"href":"https:\/\/minervashop.eu\/en\/wp-json\/wp\/v2\/product_cat?post=156343"},{"taxonomy":"product_tag","embeddable":true,"href":"https:\/\/minervashop.eu\/en\/wp-json\/wp\/v2\/product_tag?post=156343"}],"curies":[{"name":"wp","href":"https:\/\/api.w.org\/{rel}","templated":true}]}}