{"id":156452,"date":"2025-08-18T10:55:22","date_gmt":"2025-08-18T10:55:22","guid":{"rendered":"https:\/\/minervashop.eu\/toode\/aroma-oil-inglass-bottle-5ml\/"},"modified":"2026-01-09T11:37:36","modified_gmt":"2026-01-09T11:37:36","slug":"aroma-oil-inglass-bottle-5ml","status":"publish","type":"product","link":"https:\/\/minervashop.eu\/en\/product\/aroma-oil-inglass-bottle-5ml\/","title":{"rendered":"Aroma oil inglass bottle 5ml"},"content":{"rendered":"<p><strong>koostis:<\/strong> Parfum (Fragrance), Hexyl Cinnamal, Benzyl Salicylate, Butylphenyl Methylpropional, Linalool, Alpha Isomethyl Ionone, Citronellol, Geraniol, Hydroxycitronellal, Benzyl Benzoate.<\/p>\n<p>How to open: Dip the neck of your artistic handmade bottle in lukewarm water for 30 seconds. Gently twist to open the lid. Remove the seal from the lid while it is still wet. A great amount of care is required while handling and opening of this bottle. <\/p>\n<p><strong>NB! Mitte alla neelata. Kui see juhtub, p\u00f6\u00f6rdu arsti poole. Loputa suu korralikult ja korja kokku mahakukkunud j\u00e4\u00e4gid. Kui tekib naha\u00e4rritus, pese hoolikalt vee ja seebiga. Kui naha\u00e4rritus kestab, p\u00f6\u00f6rdu arsti poole.     <\/strong><\/p>\n<p>Song of India Natural Fragrant Oil is made with pure Essential Oils extracted from flowers, leaves, roots and wood. These are the most long lasting fragrances in the world. Their shelf life is very long, 5-10-15 years. As they get older they mature and become darker, thicker and more pleasant in fragrance. Enjoy the beautiful fragrance. Pat gently on your casual clothes, bed sheet or curtains.<\/p>\n<p>meelik\u00f6itev parf\u00fc\u00fcm sensuaalseks elamuseks.<\/p>\n<p>In handblown artistic glass bottle.<\/p>\n<h3><strong>see more information <a href=\"https:\/\/rnojomku.sendsmaily.net\/templates\/9e110e04-5e30-4e8b-bb40-bf7729f773df\/html\/\">here<\/a><\/strong><\/h3>\n","protected":false},"excerpt":{"rendered":"<p>Song of India Natural parf\u00fc\u00fcm\u00f5li on valmistatud puhastest eeterlikest \u00f5lidest, kasutades lilli, \u00fcrte, lehti, juuri ja puitu. See on kaunis s\u00fcmfoonia k\u00f5ige \u00f5rnematest ja meeldivamatest looduse l\u00f5hnadest. Need on k\u00f5ige kestvamad l\u00f5hnad maailmas. Ei sisalda alkoholi. S\u00e4ilivusaeg on v\u00e4ga pikk, 5-10-15 aastat. Vananedes muutub nende v\u00e4rv tumedamaks, konsistents tihedamaks ja l\u00f5hn meeldivamaks. Naudi meeldivat l\u00f5hna. Pane \u00f5li kergelt oma nahale ja patsuda pisut, kanna seda ka riietele, voodipesule ja kardinatele.       <\/p>\n<div class=\"product-short-description\">\n<div class=\"product-short-description\">\n<h3><strong>Orgonite is a cast blend of resin, metal and quartz that is believed to help balance ambient energy by converting disruptive electromagnetic fields into a steadier flow of \u201corgone\u201d (life-force, chi, or prana). Many users place orgonite in living or work areas as a subtle aid to relaxation and wellbeing.<br \/>see more <a href=\"https:\/\/minervashop.eu\/uudised\/ruumide-lohnastamine\/\">here<\/a><\/strong><\/h3>\n<\/div>\n<\/div>\n","protected":false},"featured_media":150814,"template":"","meta":[],"product_brand":[],"product_cat":[178,358],"product_tag":[],"class_list":{"0":"post-156452","1":"product","2":"type-product","3":"status-publish","4":"has-post-thumbnail","6":"product_cat-aroma-blends","7":"product_cat-rhiannon-en","8":"product_shipping_class-xs-en-2","10":"first","11":"instock","12":"taxable","13":"shipping-taxable","14":"purchasable","15":"product-type-variable"},"_links":{"self":[{"href":"https:\/\/minervashop.eu\/en\/wp-json\/wp\/v2\/product\/156452","targetHints":{"allow":["GET"]}}],"collection":[{"href":"https:\/\/minervashop.eu\/en\/wp-json\/wp\/v2\/product"}],"about":[{"href":"https:\/\/minervashop.eu\/en\/wp-json\/wp\/v2\/types\/product"}],"wp:featuredmedia":[{"embeddable":true,"href":"https:\/\/minervashop.eu\/en\/wp-json\/wp\/v2\/media\/150814"}],"wp:attachment":[{"href":"https:\/\/minervashop.eu\/en\/wp-json\/wp\/v2\/media?parent=156452"}],"wp:term":[{"taxonomy":"product_brand","embeddable":true,"href":"https:\/\/minervashop.eu\/en\/wp-json\/wp\/v2\/product_brand?post=156452"},{"taxonomy":"product_cat","embeddable":true,"href":"https:\/\/minervashop.eu\/en\/wp-json\/wp\/v2\/product_cat?post=156452"},{"taxonomy":"product_tag","embeddable":true,"href":"https:\/\/minervashop.eu\/en\/wp-json\/wp\/v2\/product_tag?post=156452"}],"curies":[{"name":"wp","href":"https:\/\/api.w.org\/{rel}","templated":true}]}}