{"id":156493,"date":"2026-04-21T13:48:29","date_gmt":"2026-04-21T13:48:29","guid":{"rendered":"https:\/\/minervashop.eu\/toode\/rudraksha-rose-quartz-bracelet-elastic\/"},"modified":"2026-04-21T10:44:40","modified_gmt":"2026-04-21T10:44:40","slug":"rudraksha-rose-quartz-bracelet-elastic","status":"publish","type":"product","link":"https:\/\/minervashop.eu\/en\/product\/rudraksha-rose-quartz-bracelet-elastic\/","title":{"rendered":"Rudraksha\/natural stone beads elastic bracelet"},"content":{"rendered":"<p>ROOSA KVARTS \u2013 Roosa kvarts on pere ja kodu kaitseks, lisab enesekindlust ning vabastab s\u00fcdamevalust. Armastuse, soojuse ja s\u00f5pruse kivi. Aitab kurbuse, stressi ja pingete korral. Ravitseb emotsionaalseid haavu ja valu, alustades kibestumuse taandamisega.    Rose quartz promotes gentleness and love, stimulating positive emotional interactions.* <br \/> Related to friendship, love spells, spiritual balance, getting rid of loneliness, successful court cases and learning to love yourself. If amethyst is for the spirit, pink quartz is for the heart. It gives self-love, self-approval and a sense of personal usefulness.   Suurendab igasugust armastust: enda vastu, emaarmastust, hoolimist, headust, platoonilist ja romantilist armastust. Headus: avama s\u00fcdame ja julgustama \u00f5rnusele ja rahule. \u00d5petab andestamist ja tolerantsi. Veetlus: kiirgama tingimusteta armastust ja hellust. Aitab tuua positiivset ja \u00f5rna armastust meie ellu.    VAIM: tundlikkus; suurendab empaatiat, aitab seksuaalraskuste puhul, valgustab selgelt isiklikke vajadusi ja ootusi. KEHA: harmoniseerib s\u00fcdame t\u00f6\u00f6d, tugevdab seksuaalorganeid ja viljakust. MAAGIA: P\u00e4rast traumaatilist s\u00fcndmust, nt. lahkuminekut v\u00f5i f\u00fc\u00fcsilist r\u00fcnnakut, pane tassi teed tehes sinna sisse t\u00fckike roosat kvartsi, mis aitab l\u00f5\u00f5gastuda ja halba unustada. <b>T\u00e4htkuju<\/b>: V\u00e4hk, Kaljukits, S\u00f5nn, Kaalud, Veevalaja   <\/p>\n<p class=\"western\" align=\"justify\"><b>rock crystal <\/b> Kristalli l\u00e4bipaistvus ja puhtus annab kristallile peegel-kvaliteedi, millest on k\u00f5ik selgelt n\u00e4ha. * The characteristics of all mineral stones on our website are not scientifically proven; they are based on experiences of users and gemstone therapists. Any healing properties outlined are in no way meant to replace diagnosis or treatment by a qualified therapist or physician. If in doubt about your health, consult a physician.           M\u00e4ekristalli peetakse puhtuse s\u00fcmboliks. Suudab salvestada ja edastada energiat ning seet\u00f5ttu kasutatakse tervendamisel ja mediteerimisel. Sakilise v\u00f5i teravaotsalise tipuga kristalli kasutatakse sujuvama ja harmoonilisema energia saavutamiseks. Pannakse halbade energiav\u00f5ngetega kohtadesse, lastakse veidi aega seista ja negatiivsust endasse koguda, seej\u00e4rel v\u00f5etakse \u00e4ra ja pestakse puhtaks -see parandab paiga energiat. Seotud selguse, tugevuse, eluj\u00f5u, ps\u00fc\u00fchilise tegevuse ja vaimse stimulatsiooniga. Suure kristalli asetamine kolmandale silmale suurendab ps\u00fc\u00fchilisi v\u00f5imeid. * The characteristics of all mineral stones on our website are not scientifically proven; they are based on experiences of users and gemstone therapists. Any healing properties outlined are in no way meant to replace diagnosis or treatment by a qualified therapist or physician. If in doubt about your health, consult a physician.      Rose quartz is known as the stone of unconditional love and compassion. It is often associated with the heart chakra and is believed to promote emotional healing, self-love, and harmony in relationships. The gentle pink hue of rose quartz symbolizes peace, tenderness, and a deep connection to one&#8217;s own emotions.* \u00d5petab iga\u00fchte tema omal tasandil ja kiirusel. K\u00f5iki vaimseid p\u00fc\u00fcdlusi saab stimuleerida selle kivi energiaga. Aitab olla vastuv\u00f5tlik k\u00f5rgemalt tulevale juhatusele.   KEHA: tugevdab energia liikumist, n\u00e4rve, aju, n\u00e4\u00e4rmeid; kergendab valu ja turset; ravitakse voolmeid, k\u00f5hulahtisust, podagrat, neerukive, vedelikupeetust. M\u00e4ekristallide loomus on kootav. Mees leotatud m\u00e4ekristallid pidavat suurendama piimaeritust. MAAGIA: V\u00f5imas kivi igasuguseks maagiaks \u2013 t\u00f5mbab ligi positiivset energiat, t\u00f5stab enesekindlust ja annab lisaenergiat, kui oled v\u00e4sinud, tunned end kehvalt v\u00f5i taastud haigusest. M\u00e4ekristall suurendab energiat ning t\u00f5mbab t\u00e4helepanu. *Peret\u00fclide korral pane eluruumi k\u00e4idavamatesse kohtadesse m\u00e4ekristall, mis muudab negatiivse energia positiivseks. *Kanna kuldketi otsas selget m\u00e4ekristalli, nii, et see puudutab ihu s\u00fcdame kohal. Kristallist saad j\u00f5udu ja energiat, kuld annab samuti energiat ja annab p\u00e4ikesejumala kaitset. * Kanna kurgut\u0161akra kohal m\u00e4ekristalli \u2013 see aitab t\u00f5sta enesekindlust.<b> * <\/b>lauba vastas hoituna aktiveerib kolmanda silma ning annab m\u00f5tlemiseks loovenergiat. Suurep\u00e4rane palvete ja afirmatsioonide fokusseerimiseks. Stimuleerib ps\u00fc\u00fchilist ettekujutust. V\u00f5imendab palveid, soove ja positiivseid visualisatsioone. Hoiab sind \u00fchenduses sinu vaimse poolega, meenutades sulle, et sa oled vaimne olend f\u00fc\u00fcsilises inimkehas. Kanda iga p\u00e4ev. Puhasta magedas vees ja laadi seda kvartsikuhjas v\u00f5i p\u00e4ikese k\u00e4es.      <b>Supplied with 1 metre waxed cord of 1 mm.<\/b><\/p>\n","protected":false},"excerpt":{"rendered":"<p>Elastic bracelet with 7mm beads of rudraksha seeds and rock crystal (clear quartz).<\/p>\n<p>7 mm rudraksha seeds<\/p>\n<p>6g<\/p>\n<p><strong>see more <a href=\"https:\/\/rnojomku.sendsmaily.net\/templates\/acafb176-ee1f-4e4a-bba3-5c57e9a8e0e3\/html\/\">here<\/a><\/strong><\/p>\n<div class=\"product-short-description\">\n<div class=\"product-short-description\">\n<div class=\"product-short-description\">\n<p>17-20 cm wrist<\/p>\n<\/div>\n<\/div>\n<\/div>\n","protected":false},"featured_media":156492,"template":"","meta":[],"product_brand":[],"product_cat":[117,358,244],"product_tag":[],"class_list":{"0":"post-156493","1":"product","2":"type-product","3":"status-publish","4":"has-post-thumbnail","6":"product_cat-coming-soon-2","7":"product_cat-rhiannon-en","8":"product_cat-round-beads-bracelets","9":"product_shipping_class-xs-en-2","11":"first","12":"instock","13":"taxable","14":"shipping-taxable","15":"purchasable","16":"product-type-variable"},"_links":{"self":[{"href":"https:\/\/minervashop.eu\/en\/wp-json\/wp\/v2\/product\/156493","targetHints":{"allow":["GET"]}}],"collection":[{"href":"https:\/\/minervashop.eu\/en\/wp-json\/wp\/v2\/product"}],"about":[{"href":"https:\/\/minervashop.eu\/en\/wp-json\/wp\/v2\/types\/product"}],"wp:featuredmedia":[{"embeddable":true,"href":"https:\/\/minervashop.eu\/en\/wp-json\/wp\/v2\/media\/156492"}],"wp:attachment":[{"href":"https:\/\/minervashop.eu\/en\/wp-json\/wp\/v2\/media?parent=156493"}],"wp:term":[{"taxonomy":"product_brand","embeddable":true,"href":"https:\/\/minervashop.eu\/en\/wp-json\/wp\/v2\/product_brand?post=156493"},{"taxonomy":"product_cat","embeddable":true,"href":"https:\/\/minervashop.eu\/en\/wp-json\/wp\/v2\/product_cat?post=156493"},{"taxonomy":"product_tag","embeddable":true,"href":"https:\/\/minervashop.eu\/en\/wp-json\/wp\/v2\/product_tag?post=156493"}],"curies":[{"name":"wp","href":"https:\/\/api.w.org\/{rel}","templated":true}]}}