{"id":156689,"date":"2025-11-17T13:50:17","date_gmt":"2025-11-17T13:50:17","guid":{"rendered":"https:\/\/minervashop.eu\/toode\/mini-lucky-chinese-coins-tree\/"},"modified":"2026-03-20T15:20:51","modified_gmt":"2026-03-20T15:20:51","slug":"mini-lucky-chinese-coins-tree","status":"publish","type":"product","link":"https:\/\/minervashop.eu\/en\/product\/mini-lucky-chinese-coins-tree\/","title":{"rendered":"Mini Lucky Chinese coins tree"},"content":{"rendered":"","protected":false},"excerpt":{"rendered":"<p>M\u00e4ekristallist puruga alusel seisev traadist punutud Hiina \u00f5nnem\u00fcntidega rahapuu, kristallid peegeldamas rahasid ja seega t\u00f5mbab ligi raha energiat. Kuldsete \u00f5nne m\u00fcntidega rahapuu on inspireeritud iidsest legendist, mis r\u00e4\u00e4gib puust, millel on kulla ja m\u00fcntidega oksad. Selle puu raputamine s\u00fcmboliseerib kulla nagu vihma sadamist taevast. S\u00e4delevad kristallid ja peegline l\u00e4ige mitmekordistab \u00f5nne, mida ligi meelitada.   <\/p>\n<div class=\"product-short-description\">\n<div class=\"product-short-description\">\n<div class=\"product-short-description\">\n<p><strong>vaata lisa <a href=\"https:\/\/rnojomku.sendsmaily.net\/templates\/acafb176-ee1f-4e4a-bba3-5c57e9a8e0e3\/html\/\">siit<\/a><\/strong><\/p>\n<p>rock crystals base ca 3 x 3 x 1,5 cm + tree ca 5 cm<\/p>\n<\/div>\n<\/div>\n<\/div>\n","protected":false},"featured_media":156688,"template":"","meta":[],"product_brand":[],"product_cat":[348,325,241],"product_tag":[],"class_list":{"0":"post-156689","1":"product","2":"type-product","3":"status-publish","4":"has-post-thumbnail","6":"product_cat-eastern-amulets","7":"product_cat-ker-en","8":"product_cat-stone-trees","9":"product_shipping_class-xs-en-2","11":"first","12":"instock","13":"taxable","14":"shipping-taxable","15":"purchasable","16":"product-type-simple"},"_links":{"self":[{"href":"https:\/\/minervashop.eu\/en\/wp-json\/wp\/v2\/product\/156689","targetHints":{"allow":["GET"]}}],"collection":[{"href":"https:\/\/minervashop.eu\/en\/wp-json\/wp\/v2\/product"}],"about":[{"href":"https:\/\/minervashop.eu\/en\/wp-json\/wp\/v2\/types\/product"}],"wp:featuredmedia":[{"embeddable":true,"href":"https:\/\/minervashop.eu\/en\/wp-json\/wp\/v2\/media\/156688"}],"wp:attachment":[{"href":"https:\/\/minervashop.eu\/en\/wp-json\/wp\/v2\/media?parent=156689"}],"wp:term":[{"taxonomy":"product_brand","embeddable":true,"href":"https:\/\/minervashop.eu\/en\/wp-json\/wp\/v2\/product_brand?post=156689"},{"taxonomy":"product_cat","embeddable":true,"href":"https:\/\/minervashop.eu\/en\/wp-json\/wp\/v2\/product_cat?post=156689"},{"taxonomy":"product_tag","embeddable":true,"href":"https:\/\/minervashop.eu\/en\/wp-json\/wp\/v2\/product_tag?post=156689"}],"curies":[{"name":"wp","href":"https:\/\/api.w.org\/{rel}","templated":true}]}}