{"id":157224,"date":"2025-11-19T14:57:46","date_gmt":"2025-11-19T14:57:46","guid":{"rendered":"https:\/\/minervashop.eu\/toode\/tiger-eye-pyramid-with-tree-of-life\/"},"modified":"2025-11-19T14:57:46","modified_gmt":"2025-11-19T14:57:46","slug":"tiger-eye-pyramid-with-tree-of-life","status":"publish","type":"product","link":"https:\/\/minervashop.eu\/en\/product\/tiger-eye-pyramid-with-tree-of-life\/","title":{"rendered":"Tiger eye pyramid with tree of life<br>"},"content":{"rendered":"<p class=\"western\" align=\"justify\">Orgonite is a cast blend of resin, metal and quartz that is believed to help balance ambient energy by converting disruptive electromagnetic fields into a steadier flow of \u201corgone\u201d (life-force, chi, or prana). Many users place orgonite in living or work areas as a subtle aid to relaxation and wellbeing.               <\/p>\n<p>A moon emblem anchors the design. The crescent symbol represents reflection, change and the passage of time. Practitioners say it amplifies the receptive, calming qualities attributed to moonstone, giving the piece a coherent energetic \u201csignature.\u201d  <\/p>\n<div id=\"row-1835236146\" class=\"row\">\n<div id=\"col-169537418\" class=\"col small-12 large-12\">\n<div class=\"col-inner\">\n<div class=\"woocommerce-tabs wc-tabs-wrapper container tabbed-content\">\n<div class=\"tab-panels\">\n<div id=\"tab-description\" class=\"woocommerce-Tabs-panel woocommerce-Tabs-panel--description panel entry-content active\" role=\"tabpanel\" aria-labelledby=\"tab-title-description\">\n<div id=\"row-217090586\" class=\"row\">\n<div id=\"col-823642080\" class=\"col small-12 large-12\">\n<div class=\"col-inner\">\n<div class=\"woocommerce-tabs wc-tabs-wrapper container tabbed-content\">\n<div class=\"tab-panels\">\n<div id=\"tab-description\" class=\"woocommerce-Tabs-panel woocommerce-Tabs-panel--description panel entry-content active\" role=\"tabpanel\" aria-labelledby=\"tab-title-description\">\n<div id=\"row-1152547318\" class=\"row\">\n<div id=\"col-1792787063\" class=\"col small-12 large-12\">\n<div class=\"col-inner\">\n<div class=\"woocommerce-tabs wc-tabs-wrapper container tabbed-content\">\n<div class=\"tab-panels\">\n<div id=\"tab-description\" class=\"woocommerce-Tabs-panel woocommerce-Tabs-panel--description panel entry-content active\" role=\"tabpanel\" aria-labelledby=\"tab-title-description\">\n<p align=\"justify\"><strong>Tree of life e. The weather tree &#8211; all-embracing cohesion. A mysterious and magical tree that has been well known through many cultures going back to ancient times. Different races and religions call it by different names, each with its own tree in its own mythology. They all have a similar meaning as a source of life. It has all the characteristics and meanings of a tree. All parts of the tree are represented symbolically: the root deep in the earth, the trunk creating the base, the branches reaching out, the leaves gathering strength and the fruit giving fruit. The Tree of Life represents all aspects of humanity and the universe. Trees represent the values people aspire to: beauty, nobility, strength and resilience. Humans are fragments of an air tree. The tree of the air must obey the yoke of time and mortality, but shelters men and gods with its protective canopy. Although trees cannot move, their strength, their elongation, their participation in the changing seasons, their longevity and, finally, their death by disease, fire or the axe of the axe-maker make them a powerful metaphor for human life. The tree of life represents all 4 elements, earth, air, fire, water. All of these are connected by the life-giving power of the tree of life. Elupuu mitmetes erinevates religioonides ja spirituaalsetes traditsioonides on v\u00f5imas s\u00fcmbol, mis on eksisteerinud sajandeid erinevates maailma traditsioonides. Elupuu iidses Iraanis on seotud elu, tervendamise ja igavikuga. Ta esineb taimede kaitsjana, puude ja surematuse jumalannana. <span lang=\"en-GB\">Elupuu budismis<\/span><span lang=\"en-GB\"> \u2013 vastavalt budismi traditsioonile on Bodhi puu, v\u00f5i Bo puu<\/span> (<em>Ficus religiosa<\/em> ), mille all prints Siddharta istus, kui ta valgustatuks sai ca 2.500 aastat tagasi Bodh Gayas, Indias, ja seega sai ta Buddhaks (\u00c4rganuks). Elupuu Hiinas \u2013 elupuu graveeringuna sageli kujutab f\u00f6\u00f6niksit ja draakonit, kus draakon esindab surematust. Tao ajalugu r\u00e4\u00e4gib puust, kes kasvatab surematuse vilju iga 3000 aasta tagant ja iga\u00fcks, kes seda vilja s\u00f6\u00f6b, saab surematuse. Elupuu Euroopas \u2013 kuulus kirjanik ja alkeemik 18ndal sajandil, Antoine-Joseph Pernety, seostas elupuu Elueliksiiriga ja Filosoofi kiviga.l Elupuu Saksamaa paganismis ja Norra m\u00fctolooogias \u2013 Saksamaa paganismis m\u00e4ngivad puud t\u00e4htsat rolli, ilmudes erinevates aspektides s\u00e4ilinud tekstides ja isegi jumalate nimedes. Elupuu Norra religioonis ilmneb Ygdrasilina, maailmapuuna, mis ulatub 9sse maailma, hoides kolme maagilist elu l\u00e4tet. \u2013 tarkuse ja teadmiste allikat, minevikku ja kosmost, maailmaruumi. Elupuu Islamis m\u00e4ngib samuti t\u00e4htsat rolli. Selle puu all Maria \u2013 Allahi j\u00e4rgi \u2013 s\u00fcnnias Jeesuse. Oliivipuu kohta kirjutatakse: \u201cTa n\u00e4itas puhast j\u00f5ge eluveega, puhast, nagu kristall, mis algab Jumala troonist. Tee keskel ja j\u00f5est teisel pool kasvab elu puu, mis annab 12 korvi vilju iga kuu. Ja selle puu lehed ravivad inimesi.\u201c Keskameerika elupuu \u2013 Maiade kultuuris keskne maailma puu on ceiba puu. See esindab axis mundi-t, stabiilset maailma keset. *Judaismi elupuu* \u2013 seda minitakse Genesis-e raamatus. K\u00f5ige tuntum puu Eedeni aias on tuntud kui hea ja kurja tundmise puu, millelt Aadam ja Eva s\u00f5id vilja ja seet\u00f5ttu visati v\u00e4lja paradiisist. Judaismis peetakse seda nii elupuuks kui ka hingepuuks. See puu toodab hingi ja seet\u00f5ttu ka elu ise. Elupuu p\u00f5lisameeriklastele \u2013 elupuu motiivi on palju kujundatud nende traditsioonides, v\u00e4ljendudes Ojibway seosena. Elupuu esindab k\u00f5ike elavat sellel planeedil ja universumis. See on elur\u00fctm, p\u00e4ev p\u00e4eva j\u00e4rel, aasta aasta j\u00e4rel, elu elu j\u00e4rel. P\u00f5lisameeriklased on k\u00f5rgelt hinnanud k\u00f5ike elavat ja nad on meistrid tasakaalu hoidmisel nende vajadustel ja sellel, mida loodus toodab.   <\/strong><strong>see more <a href=\"https:\/\/rnojomku.sendsmaily.net\/templates\/fa8c9798-4982-4a6f-92ae-1bb24ff3661e\/html\/\">here<\/a><\/strong><\/p>\n<div class=\"add-to-cart-container form-normal is-normal\"><\/div>\n<\/div>\n<\/div>\n<\/div>\n<\/div>\n<\/div>\n<\/div>\n<div id=\"row-758150284\" class=\"row\">\n<div id=\"col-709537748\" class=\"col small-12 large-12\">\n<div class=\"col-inner\"><\/div>\n<\/div>\n<\/div>\n<\/div>\n<\/div>\n<\/div>\n<\/div>\n<\/div>\n<\/div>\n<\/div>\n<\/div>\n<\/div>\n<\/div>\n<\/div>\n<\/div>\n","protected":false},"excerpt":{"rendered":"<p>7 x 7 x 6 cm<\/p>\n<p>200g<\/p>\n","protected":false},"featured_media":157222,"template":"","meta":[],"product_brand":[],"product_cat":[343,642,239,241,200],"product_tag":[],"class_list":{"0":"post-157224","1":"product","2":"type-product","3":"status-publish","4":"has-post-thumbnail","6":"product_cat-banbha-en","7":"product_cat-life-tree","8":"product_cat-ritual-wands-and-walking-sticks","9":"product_cat-stone-trees","10":"product_cat-orgonite-en","11":"product_shipping_class-s-en","13":"first","14":"outofstock","15":"taxable","16":"shipping-taxable","17":"purchasable","18":"product-type-simple"},"_links":{"self":[{"href":"https:\/\/minervashop.eu\/en\/wp-json\/wp\/v2\/product\/157224","targetHints":{"allow":["GET"]}}],"collection":[{"href":"https:\/\/minervashop.eu\/en\/wp-json\/wp\/v2\/product"}],"about":[{"href":"https:\/\/minervashop.eu\/en\/wp-json\/wp\/v2\/types\/product"}],"wp:featuredmedia":[{"embeddable":true,"href":"https:\/\/minervashop.eu\/en\/wp-json\/wp\/v2\/media\/157222"}],"wp:attachment":[{"href":"https:\/\/minervashop.eu\/en\/wp-json\/wp\/v2\/media?parent=157224"}],"wp:term":[{"taxonomy":"product_brand","embeddable":true,"href":"https:\/\/minervashop.eu\/en\/wp-json\/wp\/v2\/product_brand?post=157224"},{"taxonomy":"product_cat","embeddable":true,"href":"https:\/\/minervashop.eu\/en\/wp-json\/wp\/v2\/product_cat?post=157224"},{"taxonomy":"product_tag","embeddable":true,"href":"https:\/\/minervashop.eu\/en\/wp-json\/wp\/v2\/product_tag?post=157224"}],"curies":[{"name":"wp","href":"https:\/\/api.w.org\/{rel}","templated":true}]}}