{"id":157280,"date":"2025-11-20T10:33:09","date_gmt":"2025-11-20T10:33:09","guid":{"rendered":"https:\/\/minervashop.eu\/?post_type=product&#038;p=157280"},"modified":"2026-01-29T11:32:40","modified_gmt":"2026-01-29T11:32:40","slug":"sodaliit-ripatsiga-unepuudja-%c2%b113x45cm","status":"publish","type":"product","link":"https:\/\/minervashop.eu\/en\/toode\/sodaliit-ripatsiga-unepuudja-%c2%b113x45cm\/","title":{"rendered":"Sodaliit ripatsiga unep\u00fc\u00fcdja \u00b113x45cm"},"content":{"rendered":"<div id=\"row-649735427\" class=\"row\">\n<div id=\"col-1255798543\" class=\"col small-12 large-12\">\n<div class=\"col-inner\">\n<div class=\"woocommerce-tabs wc-tabs-wrapper container tabbed-content\">\n<div class=\"tab-panels\">\n<div id=\"tab-description\" class=\"woocommerce-Tabs-panel woocommerce-Tabs-panel--description panel entry-content active\" role=\"tabpanel\" aria-labelledby=\"tab-title-description\">\n<p><b>SODALIIT<\/b>\u2013 (harilikult sinine mineraal); R\u00e4\u00e4gitakse, et pikim teekond, mida eales ette v\u00f5tta, on retk oma peast s\u00fcdameni. Selleks kingituseks on sodaliit. Selgindab vaimset segadust ning taastab sisemise rahu. Tugevdab meele j\u00f5udu keha \u00fcle ning loob silla m\u00f5tete ja tunnete vahel. V\u00e4hendab hirmu ja s\u00fc\u00fctunnet paremini kui m\u00f5ni muu kivi! Edendab teadmisi, \u00f5ppimisvilumust, teadlikkust, suhtlemist ja elutarkust. Kasutatakse energia saamiseks ja depressiooni leevendamiseks. Siniset\u00e4hniline sodaliit sobib muutumiseks, keha tervendamiseks ja kurgut\u0161akra avamiseks. See on suhtlemise kivi, rahustab segaseid tundeid. Inimestele, kes kardavad rahvahulka ja avalikke esinemisi, soovitatakse kanda seda kivi alati endaga kaasas. Ta muudab suhtumist nii endasse kui ka \u00fcmbritsevatesse inimestesse. Aitab suhelda ja grupit\u00f6\u00f6s. Sobib vahemeestele ja rahusobitajatele. Hea l\u00f5hede tervendamiseks suhetes ja partnerluses, aidates l\u00f5pule viia vaidlused ja ebak\u00f5lad. Suurep\u00e4rane igasuguseks suhtlemiseks. Aitab \u00fchendada loogilise spirituaalsega. Aitab vabaneda vanadest k\u00e4itumismustritest, mis meid enam ei teeni. Imeline kivi loomeinimestele, aidates ideede emotsionaalsel v\u00e4ljendusel f\u00fc\u00fcsilises vormis. Vabastab kriitika harjumusest ja \u00fcmbritsevate inimeste arvamuse p\u00e4rast muretsemisest. VAIM: t\u00f5eotsingud, hajutab s\u00fc\u00fcd, aitab enda eest seista; suurendab teadlikkust, idealismi ja t\u00f5e poole p\u00fc\u00fcdlemist. KEHA: kiirendab vedelike omandamist; aitab h\u00e4\u00e4le kadumise, k\u00e4hisemise, palaviku, liigse kehakaalu ja k\u00f5rge verer\u00f5hu puhul. Kergendab peavalu.<\/p>\n<\/div>\n<\/div>\n<\/div>\n<\/div>\n<\/div>\n<\/div>\n<div id=\"row-2060056523\" class=\"row\">\n<div id=\"col-771030969\" class=\"col small-12 large-12\">\n<div class=\"col-inner\">\n<p><strong>Pane unen\u00e4op\u00fc\u00fcdja oma voodi otsa v\u00f5i selle l\u00e4hedale, kui sa magad. Head unen\u00e4od teavad, kuidas v\u00f5rgust l\u00e4bi p\u00e4\u00e4seda, halvad aga ei tea ja j\u00e4\u00e4vad l\u00f5ksu. Head unen\u00e4od tulevad l\u00e4bi unen\u00e4op\u00fc\u00fcdja, libisedes l\u00e4bi sulgede sinu meeltesse magamise ajal. Halvad unen\u00e4od hajuvad esimeste koidukiirtega. Unen\u00e4op\u00fc\u00fcdja \u00fcmar raam s\u00fcmboliseerib tugevust ja \u00fchtsust.<\/strong><\/p>\n<\/div>\n<\/div>\n<\/div>\n","protected":false},"excerpt":{"rendered":"<h3>vaata ka <a href=\"https:\/\/rnojomku.sendsmaily.net\/templates\/acafb176-ee1f-4e4a-bba3-5c57e9a8e0e3\/html\/\">siia\u00a0<\/a><\/h3>\n<p>40g<\/p>\n","protected":false},"featured_media":157285,"template":"","meta":[],"product_brand":[],"product_cat":[264,225],"product_tag":[],"class_list":{"0":"post-157280","1":"product","2":"type-product","3":"status-publish","4":"has-post-thumbnail","6":"product_cat-domnu","7":"product_cat-unepuudjad","8":"product_shipping_class-xs","10":"first","11":"instock","12":"taxable","13":"shipping-taxable","14":"purchasable","15":"product-type-simple"},"_links":{"self":[{"href":"https:\/\/minervashop.eu\/en\/wp-json\/wp\/v2\/product\/157280","targetHints":{"allow":["GET"]}}],"collection":[{"href":"https:\/\/minervashop.eu\/en\/wp-json\/wp\/v2\/product"}],"about":[{"href":"https:\/\/minervashop.eu\/en\/wp-json\/wp\/v2\/types\/product"}],"wp:featuredmedia":[{"embeddable":true,"href":"https:\/\/minervashop.eu\/en\/wp-json\/wp\/v2\/media\/157285"}],"wp:attachment":[{"href":"https:\/\/minervashop.eu\/en\/wp-json\/wp\/v2\/media?parent=157280"}],"wp:term":[{"taxonomy":"product_brand","embeddable":true,"href":"https:\/\/minervashop.eu\/en\/wp-json\/wp\/v2\/product_brand?post=157280"},{"taxonomy":"product_cat","embeddable":true,"href":"https:\/\/minervashop.eu\/en\/wp-json\/wp\/v2\/product_cat?post=157280"},{"taxonomy":"product_tag","embeddable":true,"href":"https:\/\/minervashop.eu\/en\/wp-json\/wp\/v2\/product_tag?post=157280"}],"curies":[{"name":"wp","href":"https:\/\/api.w.org\/{rel}","templated":true}]}}