{"id":157393,"date":"2025-11-24T11:02:13","date_gmt":"2025-11-24T11:02:13","guid":{"rendered":"https:\/\/minervashop.eu\/toode\/yodeyma-nya-eau-de-parfum-50ml\/"},"modified":"2025-12-10T10:31:59","modified_gmt":"2025-12-10T10:31:59","slug":"yodeyma-nya-eau-de-parfum-50ml","status":"publish","type":"product","link":"https:\/\/minervashop.eu\/en\/product\/yodeyma-nya-eau-de-parfum-50ml\/","title":{"rendered":"YODEYMA Nya Eau de Parfum"},"content":{"rendered":"<p><strong><span style=\"color: #ff0000;\">2026 a. NEW! <\/span><\/strong><\/p>\n<p><strong>Main fragrance notes:  <\/strong><\/p>\n<div class=\"notas-img clearfix\">\n<div class=\"nota\">\n<p>Algnoodid<\/p>\n<p><b>cognac extract<\/b><\/p>\n<\/div>\n<div class=\"nota\">\n<p>heart notes<\/p>\n<p>tonca bean<\/p>\n<\/div>\n<div class=\"nota\">\n<p>Key scores<\/p>\n<p><b>T\u00e4iuslik tammepuit<\/b><\/p>\n<p>ingredients: ALCOHOL DENAT.. PARFUM (FRAGRANCE). AQUA (WATER). COUMARIN. CINNAMYL ALCOHOL. LIMONENE. CINNAMAL. EUGENOL. LINALOOL. ANISE ALCOHOL. CI 15985 (YELLOW 6). CI 14700 (RED 4). CI 60730 (EXT. VIOLET 2).Enne toote kasutamist soovitame kontrollida pakendil olevate koostisosade loetelu<\/p>\n<div class=\"box-info-product\">\n<div id=\"short_description_block\">\n<div class=\"rte align_justify\">\n<p>FLAMMABLE: DO NOT SPRAY ON NAKED FLAME OR ANY GLOWING MATERIAL. AVOID USE NEAR EYES OR ON SENSITIVE OR IRRITATED SKIN, RINSE IMMEDIATELY WITH PLENTY OF WATER. DO NOT USE FOR PURPOSES OTHER THAN THOSE FOR WHICH THE PRODUCT IS INTENDED. KEEP OUT OF THE REACH OF CHILDREN.   <\/p>\n<h3><strong>see more <a href=\"https:\/\/minervashop.eu\/uudised\/ruumide-lohnastamine\/\">here<\/a><\/strong><\/h3>\n<\/div>\n<\/div>\n<\/div>\n<\/div>\n<\/div>\n","protected":false},"excerpt":{"rendered":"<div class=\"product-short-description\">\n<div id=\"short_description_content\" class=\"rte align_justify\">\n<div class=\"product-short-description\">\n<div class=\"product-short-description\">\n<div class=\"product-short-description\">\n<h3><span style=\"color: #555555; font-size: 14.4px;\">See tekitab intiimse ja rafineeritud \u00f5hkkonna koos lik\u00f6\u00f6ri soojusega kaminatule k\u00f5rval. See on ideaalne aroom \u00f5htuks, erilisteks s\u00fcndmusteks v\u00f5i k\u00fclmadeks aastaaegadeks, t\u00e4nu oma magusale karakterile v\u00fcrtsika ja joovastava n\u00fcansiga. <\/span><\/h3>\n<p><strong>see more <a href=\"https:\/\/rnojomku.sendsmaily.net\/templates\/acafb176-ee1f-4e4a-bba3-5c57e9a8e0e3\/html\/\">here<\/a><\/strong><\/p>\n<\/div>\n<\/div>\n<\/div>\n<\/div>\n<\/div>\n","protected":false},"featured_media":157840,"template":"","meta":[],"product_brand":[],"product_cat":[416],"product_tag":[],"class_list":{"0":"post-157393","1":"product","2":"type-product","3":"status-publish","4":"has-post-thumbnail","6":"product_cat-women-perfumes","7":"product_shipping_class-xs-en-2","9":"first","10":"instock","11":"taxable","12":"shipping-taxable","13":"purchasable","14":"product-type-variable"},"_links":{"self":[{"href":"https:\/\/minervashop.eu\/en\/wp-json\/wp\/v2\/product\/157393","targetHints":{"allow":["GET"]}}],"collection":[{"href":"https:\/\/minervashop.eu\/en\/wp-json\/wp\/v2\/product"}],"about":[{"href":"https:\/\/minervashop.eu\/en\/wp-json\/wp\/v2\/types\/product"}],"wp:featuredmedia":[{"embeddable":true,"href":"https:\/\/minervashop.eu\/en\/wp-json\/wp\/v2\/media\/157840"}],"wp:attachment":[{"href":"https:\/\/minervashop.eu\/en\/wp-json\/wp\/v2\/media?parent=157393"}],"wp:term":[{"taxonomy":"product_brand","embeddable":true,"href":"https:\/\/minervashop.eu\/en\/wp-json\/wp\/v2\/product_brand?post=157393"},{"taxonomy":"product_cat","embeddable":true,"href":"https:\/\/minervashop.eu\/en\/wp-json\/wp\/v2\/product_cat?post=157393"},{"taxonomy":"product_tag","embeddable":true,"href":"https:\/\/minervashop.eu\/en\/wp-json\/wp\/v2\/product_tag?post=157393"}],"curies":[{"name":"wp","href":"https:\/\/api.w.org\/{rel}","templated":true}]}}