{"id":158702,"date":"2025-12-27T10:29:10","date_gmt":"2025-12-27T10:29:10","guid":{"rendered":"https:\/\/minervashop.eu\/toode\/adjustable-necklace-amethyst-with-sun-pendant\/"},"modified":"2025-12-27T10:29:10","modified_gmt":"2025-12-27T10:29:10","slug":"adjustable-necklace-amethyst-with-sun-pendant","status":"publish","type":"product","link":"https:\/\/minervashop.eu\/en\/product\/adjustable-necklace-amethyst-with-sun-pendant\/","title":{"rendered":"Adjustable necklace Amethyst with sun pendant<br>"},"content":{"rendered":"<div id=\"row-1071162223\" class=\"row\">\n<div id=\"col-2056419599\" class=\"col small-12 large-12\">\n<div class=\"col-inner\">\n<div class=\"woocommerce-tabs wc-tabs-wrapper container tabbed-content\">\n<div class=\"tab-panels\">\n<div id=\"tab-description\" class=\"woocommerce-Tabs-panel woocommerce-Tabs-panel--description panel entry-content active\" role=\"tabpanel\" aria-labelledby=\"tab-title-description\">\n<div class=\"term-description\">\n<p align=\"justify\"><strong>The sun is the life force that makes all things thrive and grow, and life in our solar system. In the grand scheme of the universe, the sun is a small part, but for our planet it means everything. It embodies life, passion, youth and divine enlightenment. A symbol of royalty and sole rule. It signifies endless radiance.    <\/strong><\/p>\n<\/div>\n<\/div>\n<\/div>\n<\/div>\n<\/div>\n<\/div>\n<\/div>\n<div id=\"row-238619411\" class=\"row\">\n<div id=\"col-122423886\" class=\"col small-12 large-12\">\n<div class=\"col-inner\">\n<div class=\"related related-products-wrapper product-section\">\n<div id=\"row-16004803\" class=\"row\">\n<div id=\"col-139221056\" class=\"col small-12 large-12\">\n<div class=\"col-inner\">\n<div class=\"woocommerce-tabs wc-tabs-wrapper container tabbed-content\">\n<div class=\"tab-panels\">\n<div id=\"tab-description\" class=\"woocommerce-Tabs-panel woocommerce-Tabs-panel--description panel entry-content active\" role=\"tabpanel\" aria-labelledby=\"tab-title-description\">\n<p class=\"western\" align=\"justify\">Gemstone: Amethyst \u2013 spiritual awareness, tranquillity, focus     Amet\u00fcst on kainuse s\u00fcmbol, sest amet\u00fcstkannu valatud vesi n\u00e4eb v\u00e4lja nagu vein, ent purju ei tee. A delicate gemstone necklace combining polished 3 mm natural stone beads with a gold-toned sun pendant, representing strength, vitality, and creative energy. Adjustable with a \u00b15 cm extension chain, the necklace offers flexibility and universal fit Kaitsev ja vaimne kivi, annab meelerahu. Seostatud rahulikkuse, tasakaalu, rahu, \u00f5nne, kaitse, mediteerimise, hingelisuse\/vaimsuse, muundumise, inspiratsiooni, tervendamise, viljakuse, m\u00f5\u00f5dukuse, vooruslikkuse, kainuse, une, valvsuse, jahi, julguse, puhtuse, endeunen\u00e4gude, jumaliku armastuse, n\u00e4gemuslike \u00fclesannete, ps\u00fchholoogilise paranemise, meelte vaigistamise, v\u00f5iduga vaenlaste \u00fcle, keeleosavuse ja tunnetatavate asjade m\u00f5istmisega. Usutakse, et amet\u00fcst l\u00f6\u00f6b m\u00f5tted klaariks, teravdab m\u00f5istust, teeb asjatundjaks \u00e4rialal, summutab kirge, kaitseb s\u00f5dureid, kahandab himu alkoholi j\u00e4rele, tekitab vastikust veini ja joobnud oleku suhtes, p\u00f5rgatab tagasi \u00f5elad m\u00f5tted. The characteristics of all mineral stones on our website are not scientifically proven; they are based on experiences of users and gemstone therapists. Any healing properties outlined are in no way meant to replace diagnosis or treatment by a qualified therapist or physician. If in doubt about your health, consult a physician.  Aseta arvuti l\u00e4hedale v\u00f5i arvutikasti peale amet\u00fcst- see v\u00e4hendab t\u00f5rkeid ning takistab arvutit kokku jooksmast. Amet\u00fcsti kaasas kandmine aitab \u00f5pingutel. Chevron amet\u00fcst aitab eemaldada karmalised mustrid ja tuua v\u00e4lja spirituaalset n\u00e4gemust ja intuitsiooni. <\/p>\n<\/div>\n<\/div>\n<\/div>\n<\/div>\n<\/div>\n<\/div>\n<div id=\"row-1967170121\" class=\"row\">\n<div id=\"col-819534155\" class=\"col small-12 large-12\">\n<div class=\"col-inner\"><\/div>\n<\/div>\n<\/div>\n<\/div>\n<\/div>\n<\/div>\n<\/div>\n","protected":false},"excerpt":{"rendered":"<p>Pendant: sun \u2013 strength, vitality, and creative energy<br \/>\nAdjustable length (\u00b137 cm) with extension chain<br \/>\nNatural 3 mm gemstone beads with smooth finish<br \/>Lightweight and comfortable for daily wear<\/p>\n","protected":false},"featured_media":158699,"template":"","meta":[],"product_brand":[],"product_cat":[400,647],"product_tag":[],"class_list":{"0":"post-158702","1":"product","2":"type-product","3":"status-publish","4":"has-post-thumbnail","6":"product_cat-natural-material-necklaces","7":"product_cat-moon-and-sun","8":"product_shipping_class-xs-en-2","10":"first","11":"outofstock","12":"taxable","13":"shipping-taxable","14":"purchasable","15":"product-type-simple"},"_links":{"self":[{"href":"https:\/\/minervashop.eu\/en\/wp-json\/wp\/v2\/product\/158702","targetHints":{"allow":["GET"]}}],"collection":[{"href":"https:\/\/minervashop.eu\/en\/wp-json\/wp\/v2\/product"}],"about":[{"href":"https:\/\/minervashop.eu\/en\/wp-json\/wp\/v2\/types\/product"}],"wp:featuredmedia":[{"embeddable":true,"href":"https:\/\/minervashop.eu\/en\/wp-json\/wp\/v2\/media\/158699"}],"wp:attachment":[{"href":"https:\/\/minervashop.eu\/en\/wp-json\/wp\/v2\/media?parent=158702"}],"wp:term":[{"taxonomy":"product_brand","embeddable":true,"href":"https:\/\/minervashop.eu\/en\/wp-json\/wp\/v2\/product_brand?post=158702"},{"taxonomy":"product_cat","embeddable":true,"href":"https:\/\/minervashop.eu\/en\/wp-json\/wp\/v2\/product_cat?post=158702"},{"taxonomy":"product_tag","embeddable":true,"href":"https:\/\/minervashop.eu\/en\/wp-json\/wp\/v2\/product_tag?post=158702"}],"curies":[{"name":"wp","href":"https:\/\/api.w.org\/{rel}","templated":true}]}}