{"id":158953,"date":"2025-12-31T10:50:29","date_gmt":"2025-12-31T10:50:29","guid":{"rendered":"https:\/\/minervashop.eu\/toode\/aine-the-faery-queen-of-summer-23cm\/"},"modified":"2026-01-19T13:50:49","modified_gmt":"2026-01-19T13:50:49","slug":"aine-the-faery-queen-of-summer-23cm","status":"publish","type":"product","link":"https:\/\/minervashop.eu\/en\/product\/aine-the-faery-queen-of-summer-23cm\/","title":{"rendered":"Aine The Faery Queen of Summer 23cm"},"content":{"rendered":"<p><strong>Elves are supernatural beings with magical powers. They can change their appearance and always reach out to the innocent. They help to create purity, sincerity and truth, as well as assisting you in magical work as you work with your senses, communication and consciousness. They symbolise nature and in their own way represent the secrets of human life. They purify and enhance thought and intelligence and give us the power of clairvoyance. Although they are known as light and airy creatures, they have powerful energy and usually inspire renowned healers, visionaries and other mystics. They have the ability to push back negative energy, raise vibrations and bring positive results.       see more <a href=\"https:\/\/rnojomku.sendsmaily.net\/templates\/adba39df-6b35-4ebe-a7a1-ce66ee4cb3a2\/html\/\">here<\/a><\/strong><\/p>\n<div class=\"term-description\">\n<p align=\"justify\"><strong>Luik s\u00fcmboliseerib usaldust ja kuulekust. Ilu ja graatsia s\u00fcmbol. Luik on nii valguse solaarne kui ka ilu ja puhtuse lunaarne s\u00fcmbol. Luige elegantset ja ikoonilist ilu kasutataks sageli kadunud armastuse v\u00f5i melanhoolse kire s\u00fcmbolina. M\u00fc\u00fctides veavad luiged Venuse vankrit. Luik- monogaamsus, intelligentsus, elegantsus. Nad loovad paare eluks ajaks, mist\u00f5ttu on romantilise armastuse s\u00fcmboliks. Nende omadus on jumalikkus ja truudus.       <\/strong><\/p>\n<\/div>\n","protected":false},"excerpt":{"rendered":"<ul class=\"description\">\n<li class=\"product attribute \">\n<div class=\"value\">size 23*18*12cm<\/div>\n<\/li>\n<li>resin<\/li>\n<\/ul>\n<div class=\"product__resin-message\"><\/div>\n","protected":false},"featured_media":158939,"template":"","meta":[],"product_brand":[],"product_cat":[670,322,635,362,415,757],"product_tag":[],"class_list":{"0":"post-158953","1":"product","2":"type-product","3":"status-publish","4":"has-post-thumbnail","6":"product_cat-sale","7":"product_cat-brigitta-en","8":"product_cat-fairies-en","9":"product_cat-fairies","10":"product_cat-birds-figures","11":"product_cat-swans","12":"product_shipping_class-l-en","14":"first","15":"outofstock","16":"sale","17":"taxable","18":"shipping-taxable","19":"purchasable","20":"product-type-simple"},"_links":{"self":[{"href":"https:\/\/minervashop.eu\/en\/wp-json\/wp\/v2\/product\/158953","targetHints":{"allow":["GET"]}}],"collection":[{"href":"https:\/\/minervashop.eu\/en\/wp-json\/wp\/v2\/product"}],"about":[{"href":"https:\/\/minervashop.eu\/en\/wp-json\/wp\/v2\/types\/product"}],"wp:featuredmedia":[{"embeddable":true,"href":"https:\/\/minervashop.eu\/en\/wp-json\/wp\/v2\/media\/158939"}],"wp:attachment":[{"href":"https:\/\/minervashop.eu\/en\/wp-json\/wp\/v2\/media?parent=158953"}],"wp:term":[{"taxonomy":"product_brand","embeddable":true,"href":"https:\/\/minervashop.eu\/en\/wp-json\/wp\/v2\/product_brand?post=158953"},{"taxonomy":"product_cat","embeddable":true,"href":"https:\/\/minervashop.eu\/en\/wp-json\/wp\/v2\/product_cat?post=158953"},{"taxonomy":"product_tag","embeddable":true,"href":"https:\/\/minervashop.eu\/en\/wp-json\/wp\/v2\/product_tag?post=158953"}],"curies":[{"name":"wp","href":"https:\/\/api.w.org\/{rel}","templated":true}]}}