{"id":160032,"date":"2026-01-05T13:55:39","date_gmt":"2026-01-05T13:55:39","guid":{"rendered":"https:\/\/minervashop.eu\/toode\/triple-moon-goddess-bronze-incense-burner\/"},"modified":"2026-01-05T13:55:39","modified_gmt":"2026-01-05T13:55:39","slug":"triple-moon-goddess-bronze-incense-burner","status":"publish","type":"product","link":"https:\/\/minervashop.eu\/en\/product\/triple-moon-goddess-bronze-incense-burner\/","title":{"rendered":"Triple Moon Goddess Bronze Incense Burner<br>"},"content":{"rendered":"","protected":false},"excerpt":{"rendered":"<p><strong>Kolmene kuu viitab kolmesele jumalannale. See esindab Neitsit, Ema ja Vanurit, sama nagu kasvav kuu, t\u00e4iskuu ja kahanev kuu, mis on sageli seostatud naiseliku energia ja ps\u00fc\u00fchikaga. <\/strong><\/p>\n<p>Cast in the finest resin<br \/>Expertly hand-painted<\/p>\n<p>23 cm<\/p>\n","protected":false},"featured_media":160030,"template":"","meta":[],"product_brand":[],"product_cat":[670,99,325,651,643],"product_tag":[],"class_list":{"0":"post-160032","1":"product","2":"type-product","3":"status-publish","4":"has-post-thumbnail","6":"product_cat-sale","7":"product_cat-incense-holders","8":"product_cat-ker-en","9":"product_cat-gods-and-goddesses","10":"product_cat-triple-moon","11":"product_shipping_class-m-en","13":"first","14":"instock","15":"sale","16":"taxable","17":"shipping-taxable","18":"purchasable","19":"product-type-simple"},"_links":{"self":[{"href":"https:\/\/minervashop.eu\/en\/wp-json\/wp\/v2\/product\/160032","targetHints":{"allow":["GET"]}}],"collection":[{"href":"https:\/\/minervashop.eu\/en\/wp-json\/wp\/v2\/product"}],"about":[{"href":"https:\/\/minervashop.eu\/en\/wp-json\/wp\/v2\/types\/product"}],"wp:featuredmedia":[{"embeddable":true,"href":"https:\/\/minervashop.eu\/en\/wp-json\/wp\/v2\/media\/160030"}],"wp:attachment":[{"href":"https:\/\/minervashop.eu\/en\/wp-json\/wp\/v2\/media?parent=160032"}],"wp:term":[{"taxonomy":"product_brand","embeddable":true,"href":"https:\/\/minervashop.eu\/en\/wp-json\/wp\/v2\/product_brand?post=160032"},{"taxonomy":"product_cat","embeddable":true,"href":"https:\/\/minervashop.eu\/en\/wp-json\/wp\/v2\/product_cat?post=160032"},{"taxonomy":"product_tag","embeddable":true,"href":"https:\/\/minervashop.eu\/en\/wp-json\/wp\/v2\/product_tag?post=160032"}],"curies":[{"name":"wp","href":"https:\/\/api.w.org\/{rel}","templated":true}]}}