{"id":160285,"date":"2026-01-06T11:21:47","date_gmt":"2026-01-06T11:21:47","guid":{"rendered":"https:\/\/minervashop.eu\/toode\/spiral-goddess-incense-holder\/"},"modified":"2026-01-06T11:21:47","modified_gmt":"2026-01-06T11:21:47","slug":"spiral-goddess-incense-holder","status":"publish","type":"product","link":"https:\/\/minervashop.eu\/en\/product\/spiral-goddess-incense-holder\/","title":{"rendered":"Spiral Goddess Incense Holder"},"content":{"rendered":"","protected":false},"excerpt":{"rendered":"<p>Cast in the finest resin<br \/>Expertly hand-painted<\/p>\n<p>23,7 cm<\/p>\n<div class=\"term-description\">\n<div class=\"product-short-description\">\n<p align=\"left\"><strong>Kolmene kuu viitab kolmesele jumalannale. See esindab Neitsit, Ema ja Vanurit, sama nagu kasvav kuu, t\u00e4iskuu ja kahanev kuu, mis on sageli seostatud naiseliku energia ja ps\u00fc\u00fchikaga. <\/strong><\/p>\n<\/div>\n<\/div>\n","protected":false},"featured_media":160272,"template":"","meta":[],"product_brand":[],"product_cat":[670,99,394,343,322,181,277,359,325,358,651,643],"product_tag":[],"class_list":{"0":"post-160285","1":"product","2":"type-product","3":"status-publish","4":"has-post-thumbnail","6":"product_cat-sale","7":"product_cat-incense-holders","8":"product_cat-artha-en","9":"product_cat-banbha-en","10":"product_cat-brigitta-en","11":"product_cat-ceridwen-en","12":"product_cat-danu-en","13":"product_cat-domnu-en","14":"product_cat-ker-en","15":"product_cat-rhiannon-en","16":"product_cat-gods-and-goddesses","17":"product_cat-triple-moon","18":"product_shipping_class-m-en","20":"first","21":"instock","22":"sale","23":"taxable","24":"shipping-taxable","25":"purchasable","26":"product-type-simple"},"_links":{"self":[{"href":"https:\/\/minervashop.eu\/en\/wp-json\/wp\/v2\/product\/160285","targetHints":{"allow":["GET"]}}],"collection":[{"href":"https:\/\/minervashop.eu\/en\/wp-json\/wp\/v2\/product"}],"about":[{"href":"https:\/\/minervashop.eu\/en\/wp-json\/wp\/v2\/types\/product"}],"wp:featuredmedia":[{"embeddable":true,"href":"https:\/\/minervashop.eu\/en\/wp-json\/wp\/v2\/media\/160272"}],"wp:attachment":[{"href":"https:\/\/minervashop.eu\/en\/wp-json\/wp\/v2\/media?parent=160285"}],"wp:term":[{"taxonomy":"product_brand","embeddable":true,"href":"https:\/\/minervashop.eu\/en\/wp-json\/wp\/v2\/product_brand?post=160285"},{"taxonomy":"product_cat","embeddable":true,"href":"https:\/\/minervashop.eu\/en\/wp-json\/wp\/v2\/product_cat?post=160285"},{"taxonomy":"product_tag","embeddable":true,"href":"https:\/\/minervashop.eu\/en\/wp-json\/wp\/v2\/product_tag?post=160285"}],"curies":[{"name":"wp","href":"https:\/\/api.w.org\/{rel}","templated":true}]}}