{"id":160854,"date":"2026-01-08T11:23:21","date_gmt":"2026-01-08T11:23:21","guid":{"rendered":"https:\/\/minervashop.eu\/toode\/mala-amethyst-aventurine-rock-crystal-ohm\/"},"modified":"2026-01-08T11:23:21","modified_gmt":"2026-01-08T11:23:21","slug":"mala-amethyst-aventurine-rock-crystal-ohm","status":"publish","type":"product","link":"https:\/\/minervashop.eu\/en\/product\/mala-amethyst-aventurine-rock-crystal-ohm\/","title":{"rendered":"Mala amethyst\/ aventurine\/ rock crystal + ohm<br>"},"content":{"rendered":"<p align=\"justify\"><span style=\"font-family: Arial, sans-serif;\"><span style=\"font-size: small;\">Ohm&#8217; is considered the primordial sound or the sound of creation in various spiritual traditions, including Hinduism and Buddhism. &#8211; It is believed to be the sound that resonated at the beginning of the universe and is said to be the essence of all sounds in existence.The ancient mantra &#8216;Om Mani Peme Hung&#8217; permits the seeker contact with the sacred and mysterious Still Centre of Being. Om is worn to impart spiritual wisdom and inner calm.      *This product is nickel, lead and cadmium free; meaning therefore that such elements are not present or in the limited quantities allowed within the European product safety standards (REACH). <\/span><\/span><\/p>\n<p class=\"western\" align=\"justify\">Gemstone: Amethyst \u2013 spiritual awareness, tranquillity, focus     Amet\u00fcst on kainuse s\u00fcmbol, sest amet\u00fcstkannu valatud vesi n\u00e4eb v\u00e4lja nagu vein, ent purju ei tee. A delicate gemstone necklace combining polished 3 mm natural stone beads with a gold-toned sun pendant, representing strength, vitality, and creative energy. Adjustable with a \u00b15 cm extension chain, the necklace offers flexibility and universal fit Amethyst has a spiritual quality that can be used to help tap into higher levels of consciousness. It can serve as a bridge between the physical and ethereal realms. Amethyst has a spiritual quality that can be used to help tap into higher levels of consciousness. It can serve as a bridge between the physical and ethereal realms. Usutakse, et amet\u00fcst l\u00f6\u00f6b m\u00f5tted klaariks, teravdab m\u00f5istust, teeb asjatundjaks \u00e4rialal, summutab kirge, kaitseb s\u00f5dureid, kahandab himu alkoholi j\u00e4rele, tekitab vastikust veini ja joobnud oleku suhtes, p\u00f5rgatab tagasi \u00f5elad m\u00f5tted. The characteristics of all mineral stones on our website are not scientifically proven; they are based on experiences of users and gemstone therapists. Any healing properties outlined are in no way meant to replace diagnosis or treatment by a qualified therapist or physician. If in doubt about your health, consult a physician.  Aseta arvuti l\u00e4hedale v\u00f5i arvutikasti peale amet\u00fcst- see v\u00e4hendab t\u00f5rkeid ning takistab arvutit kokku jooksmast. Amet\u00fcsti kaasas kandmine aitab \u00f5pingutel. Chevron amet\u00fcst aitab eemaldada karmalised mustrid ja tuua v\u00e4lja spirituaalset n\u00e4gemust ja intuitsiooni. <\/p>\n<p class=\"western\" align=\"justify\"><b>M\u00c4EKRISTALL e. KVARTS &#8211; <\/b> Kristalli l\u00e4bipaistvus ja puhtus annab kristallile peegel-kvaliteedi, millest on k\u00f5ik selgelt n\u00e4ha. Energia edasiandja nii vastuv\u00f5tjana kui edasikandjana. Kaitseks v\u00e4liste negatiivsete vibratsioonide eest. Toob harmooniat ja hoolitseb hea tervise eest. KEHA: puhastab ja v\u00f5imendab elundeid. Auto k\u00fctusetorustiku k\u00fclge kinnitatuna v\u00e4hendab kvartsi tipp k\u00fctusekulu. T\u00f5stab energia k\u00f5rgeima tasandini. Suurendab ps\u00fc\u00fchilist v\u00f5imekust, aitab kontsentreeruda. K\u00f5ige v\u00f5imsam ja mitmek\u00fclgsem ravi-kivi, eriti, mis puudutab enesev\u00e4\u00e4rikust, hoolimatu ja teotava lapsep\u00f5lve haavadest paranemiseks. See kivi ei lase sul langeda enesehaletsusse sellest, mida sa muuta ei saa. V\u00f5imaldab n\u00e4ha asju selgemalt ja objektiivsemalt, et teha \u00f5igeid otsuseid ja organiseerida ideesid. Kristall, mis imab ja v\u00f5imendab energiat.            M\u00e4ekristalli peetakse puhtuse s\u00fcmboliks. Suudab salvestada ja edastada energiat ning seet\u00f5ttu kasutatakse tervendamisel ja mediteerimisel. Sakilise v\u00f5i teravaotsalise tipuga kristalli kasutatakse sujuvama ja harmoonilisema energia saavutamiseks. Pannakse halbade energiav\u00f5ngetega kohtadesse, lastakse veidi aega seista ja negatiivsust endasse koguda, seej\u00e4rel v\u00f5etakse \u00e4ra ja pestakse puhtaks -see parandab paiga energiat. Seotud selguse, tugevuse, eluj\u00f5u, ps\u00fc\u00fchilise tegevuse ja vaimse stimulatsiooniga. Suure kristalli asetamine kolmandale silmale suurendab ps\u00fc\u00fchilisi v\u00f5imeid. M\u00e4ekristallist kuuliga v\u00f5ib p\u00e4ikesekiirega s\u00fc\u00fcdata p\u00fcha tuld &#8211; pange kristallkuul puulaastudele p\u00e4ikese k\u00e4tte. Rock crystal or clear quartz is a powerful healing stone and energiser. It stimulates clear thinking and perception. It supports you to connect with your inner wisdom. Purifies and strengthens both the energetic and physical body, such as the immune system.     VAIM: selgus, neutraalsus; tugevdab isiklikku seisukohta, parandab m\u00e4lu ja tajumisv\u00f5imet; suurendab teadlikkust ja toob m\u00f5tlemisse selgust. \u00d5petab iga\u00fchte tema omal tasandil ja kiirusel. K\u00f5iki vaimseid p\u00fc\u00fcdlusi saab stimuleerida selle kivi energiaga. Aitab olla vastuv\u00f5tlik k\u00f5rgemalt tulevale juhatusele.   KEHA: tugevdab energia liikumist, n\u00e4rve, aju, n\u00e4\u00e4rmeid; kergendab valu ja turset; ravitakse voolmeid, k\u00f5hulahtisust, podagrat, neerukive, vedelikupeetust. M\u00e4ekristallide loomus on kootav. Mees leotatud m\u00e4ekristallid pidavat suurendama piimaeritust. MAAGIA: V\u00f5imas kivi igasuguseks maagiaks \u2013 t\u00f5mbab ligi positiivset energiat, t\u00f5stab enesekindlust ja annab lisaenergiat, kui oled v\u00e4sinud, tunned end kehvalt v\u00f5i taastud haigusest. M\u00e4ekristall suurendab energiat ning t\u00f5mbab t\u00e4helepanu. *Peret\u00fclide korral pane eluruumi k\u00e4idavamatesse kohtadesse m\u00e4ekristall, mis muudab negatiivse energia positiivseks. *Kanna kuldketi otsas selget m\u00e4ekristalli, nii, et see puudutab ihu s\u00fcdame kohal. Kristallist saad j\u00f5udu ja energiat, kuld annab samuti energiat ja annab p\u00e4ikesejumala kaitset. * Kanna kurgut\u0161akra kohal m\u00e4ekristalli \u2013 see aitab t\u00f5sta enesekindlust.<b> * <\/b>lauba vastas hoituna aktiveerib kolmanda silma ning annab m\u00f5tlemiseks loovenergiat. Suurep\u00e4rane palvete ja afirmatsioonide fokusseerimiseks. Stimuleerib ps\u00fc\u00fchilist ettekujutust. V\u00f5imendab palveid, soove ja positiivseid visualisatsioone. Hoiab sind \u00fchenduses sinu vaimse poolega, meenutades sulle, et sa oled vaimne olend f\u00fc\u00fcsilises inimkehas. Kanda iga p\u00e4ev. Puhasta magedas vees ja laadi seda kvartsikuhjas v\u00f5i p\u00e4ikese k\u00e4es.      <b>Pisces, Leo, Capricorn, Taurus, Libra, Aries, Gemini.<\/b><\/p>\n<p class=\"western\" align=\"justify\"><b>Aventurine helps you to make your dreams come true. It stimulates deciscion making, enthusiastic effort and creativity. <\/b> Blue Aventurine helps calm and relax fiery emotions, allowing one to be less affected by external influences and to be more in control and at peace within oneself. It provides better focus and concentration and lends the courage needed to take an honest look at how one\u2019s thoughts and actions have affected their current reality, and how best to move forward in improving or continuing those patterns.          <\/p>\n","protected":false},"excerpt":{"rendered":"<p>Necklace with 108 beads of amethyst, blue aventurine &amp; clear quartz, and ohm charm.* <\/p>\n<p>44 cm<br \/>\n<br \/>105g<\/p>\n","protected":false},"featured_media":160852,"template":"","meta":[],"product_brand":[],"product_cat":[359,400],"product_tag":[],"class_list":{"0":"post-160854","1":"product","2":"type-product","3":"status-publish","4":"has-post-thumbnail","6":"product_cat-domnu-en","7":"product_cat-natural-material-necklaces","8":"product_shipping_class-xs-en-2","10":"first","11":"instock","12":"taxable","13":"shipping-taxable","14":"purchasable","15":"product-type-simple"},"_links":{"self":[{"href":"https:\/\/minervashop.eu\/en\/wp-json\/wp\/v2\/product\/160854","targetHints":{"allow":["GET"]}}],"collection":[{"href":"https:\/\/minervashop.eu\/en\/wp-json\/wp\/v2\/product"}],"about":[{"href":"https:\/\/minervashop.eu\/en\/wp-json\/wp\/v2\/types\/product"}],"wp:featuredmedia":[{"embeddable":true,"href":"https:\/\/minervashop.eu\/en\/wp-json\/wp\/v2\/media\/160852"}],"wp:attachment":[{"href":"https:\/\/minervashop.eu\/en\/wp-json\/wp\/v2\/media?parent=160854"}],"wp:term":[{"taxonomy":"product_brand","embeddable":true,"href":"https:\/\/minervashop.eu\/en\/wp-json\/wp\/v2\/product_brand?post=160854"},{"taxonomy":"product_cat","embeddable":true,"href":"https:\/\/minervashop.eu\/en\/wp-json\/wp\/v2\/product_cat?post=160854"},{"taxonomy":"product_tag","embeddable":true,"href":"https:\/\/minervashop.eu\/en\/wp-json\/wp\/v2\/product_tag?post=160854"}],"curies":[{"name":"wp","href":"https:\/\/api.w.org\/{rel}","templated":true}]}}