{"id":161081,"date":"2025-09-05T12:15:48","date_gmt":"2025-09-05T12:15:48","guid":{"rendered":"https:\/\/minervashop.eu\/toode\/ayurveda-fragrance-oil-10-ml\/"},"modified":"2025-09-05T12:15:48","modified_gmt":"2025-09-05T12:15:48","slug":"ayurveda-fragrance-oil-10-ml","status":"publish","type":"product","link":"https:\/\/minervashop.eu\/en\/product\/ayurveda-fragrance-oil-10-ml\/","title":{"rendered":"Ayurveda Fragrance Oil 10 ml"},"content":{"rendered":"","protected":false},"excerpt":{"rendered":"<p>Song of India Natural Ayurvedic l\u00f5hna\u00f5lid on valmistatud puhastest eeterlikest \u00f5lidest, saadud lilledest, juurtest ja puidust. Vananedes aroomid k\u00fcpsevad ja muutuvad tumedamaks, tihedamaks ja annavad meeldivamat l\u00f5hna. <\/p>\n<p><b>kasutamine<\/b><\/p>\n<p>Tupsuta kergelt oma riietele, voodipesule ja kardinatele. L\u00f5hn imendub ja hakkab levima kogu p\u00e4eva jooksul. S\u00e4ilita jahedas, kuivas kohas, eemal otsesest p\u00e4ikesevalgusest.<br \/>\n<strong>koostis: <\/strong>Parf\u00fc\u00fcm (l\u00f5hn), Linalool, Benzyl Salicylate, Benzyl Alcohol, Hexyl Cinnamal, Jasminum Sambac Flower (Jasmiin) ekstrakt, Eugenol, Benzyl Benzoate, Isoeugenol.<\/p>\n","protected":false},"featured_media":151798,"template":"","meta":[],"product_brand":[],"product_cat":[209,178,138],"product_tag":[],"class_list":{"0":"post-161081","1":"product","2":"type-product","3":"status-publish","4":"has-post-thumbnail","6":"product_cat-etheric-oils","7":"product_cat-aroma-blends","8":"product_cat-beloved","9":"product_shipping_class-xs-en-2","11":"first","12":"instock","13":"taxable","14":"shipping-taxable","15":"purchasable","16":"product-type-variable"},"_links":{"self":[{"href":"https:\/\/minervashop.eu\/en\/wp-json\/wp\/v2\/product\/161081","targetHints":{"allow":["GET"]}}],"collection":[{"href":"https:\/\/minervashop.eu\/en\/wp-json\/wp\/v2\/product"}],"about":[{"href":"https:\/\/minervashop.eu\/en\/wp-json\/wp\/v2\/types\/product"}],"wp:featuredmedia":[{"embeddable":true,"href":"https:\/\/minervashop.eu\/en\/wp-json\/wp\/v2\/media\/151798"}],"wp:attachment":[{"href":"https:\/\/minervashop.eu\/en\/wp-json\/wp\/v2\/media?parent=161081"}],"wp:term":[{"taxonomy":"product_brand","embeddable":true,"href":"https:\/\/minervashop.eu\/en\/wp-json\/wp\/v2\/product_brand?post=161081"},{"taxonomy":"product_cat","embeddable":true,"href":"https:\/\/minervashop.eu\/en\/wp-json\/wp\/v2\/product_cat?post=161081"},{"taxonomy":"product_tag","embeddable":true,"href":"https:\/\/minervashop.eu\/en\/wp-json\/wp\/v2\/product_tag?post=161081"}],"curies":[{"name":"wp","href":"https:\/\/api.w.org\/{rel}","templated":true}]}}