{"id":161231,"date":"2026-01-10T10:17:12","date_gmt":"2026-01-10T10:17:12","guid":{"rendered":"https:\/\/minervashop.eu\/toode\/rutilated-quartz-tumbled-stone\/"},"modified":"2026-01-20T11:05:22","modified_gmt":"2026-01-20T11:05:22","slug":"rutilated-quartz-tumbled-stone","status":"publish","type":"product","link":"https:\/\/minervashop.eu\/en\/product\/rutilated-quartz-tumbled-stone\/","title":{"rendered":"Rutilated quartz pack 40 g"},"content":{"rendered":"<div class=\"product-short-description\">\n<p class=\"western\" align=\"justify\">*The characteristics of all mineral stones on our website are not scientifically proven; they are based on experiences of users and gemstone therapists. Any healing properties outlined are in no way meant to replace diagnosis or treatment by a qualified therapist or physician. If in doubt about your health, consult a physician.      Annab energiat.<br \/>\nSoodustab kontsentreerumise tugevdamist: kui tundub, et ei ole olukorrast v\u00e4ljap\u00e4\u00e4su, aitab keskenduda \u00f5ige otsuse otsingule.  Rahustab s\u00fcngeid meeleolusid, on antidepressant. Leevendab hirme, foobiaid ja \u00e4revust, lastes vabaks krampumised ja enesevihkamise. Edendab andestust.<br \/>\nAvab aura, v\u00f5imaldades ravimist.<br \/>\nAbiks terapeutidele ja n\u00f5ustajatele.   Kaitseb ps\u00fc\u00fchilise r\u00fcnde eest.<br \/>\nKEHA: allergia, astma, s\u00fcdameprobleemid.<br \/>\nKrooniliste haiguste puhul ning viljatuse ja impotentsuse korral.<br \/>\nKurnatuse korral.<br \/>\nRavitseb hingamisteid ja bronhiiti, stimuleerib ja tasakaalustab kilpn\u00e4\u00e4ret, t\u00f5rjub parasiite.<br \/>\nStimuleerib rakkude kasvu ja uuenemist ning parandab katkisi kudesid.      Soodustab ilusat kehahoidu.  Normaalse energia taastamiseks v\u00e4he- v\u00f5i liigaktiivsetes piirkondades. Ergutab n\u00e4rvis\u00fcsteemi t\u00f6\u00f6d ja k\u00f5iki aju funktsioone. M\u00fcrgistuse korral neelab elavh\u00f5bedat n\u00e4rvidest, lihastest, verest ja seedekulglast. T\u00f5hus ravija.<br \/>\nPanna kilpn\u00e4\u00e4rme raviks kaelale, s\u00fcdamele harkn\u00e4\u00e4rme jaoks, p\u00e4ikesep\u00f5imikule energia tarvis; k\u00f5rvadele tasakaalustamiseks ja joondamiseks; \u00fcle aura p\u00fchkides saab v\u00e4lja t\u00f5mmata negatiivsust.<br \/>\nMAAGIA: maagia t\u00f5hustamiseks.  <\/p>\n<h3><strong>see more <a href=\"https:\/\/minervashop.eu\/uudised\/naturaalsest-kivist-ehted\/\">here<\/a><\/strong><\/h3>\n<\/div>\n","protected":false},"excerpt":{"rendered":"<p>A\/B quality<\/p>\n<p>pack 40 g stones ca 1 -2 cm<\/p>\n<p>*The characteristics of all mineral stones on our website are not scientifically proven; they are based on experiences of users and gemstone therapists. Any healing properties outlined are in no way meant to replace diagnosis or treatment by a qualified therapist or physician. If in doubt about your health, consult a physician.     <\/p>\n","protected":false},"featured_media":161223,"template":"","meta":[],"product_brand":[],"product_cat":[392],"product_tag":[],"class_list":{"0":"post-161231","1":"product","2":"type-product","3":"status-publish","4":"has-post-thumbnail","6":"product_cat-tumble-stones","7":"product_shipping_class-xs-en-2","9":"first","10":"instock","11":"taxable","12":"shipping-taxable","13":"purchasable","14":"product-type-simple"},"_links":{"self":[{"href":"https:\/\/minervashop.eu\/en\/wp-json\/wp\/v2\/product\/161231","targetHints":{"allow":["GET"]}}],"collection":[{"href":"https:\/\/minervashop.eu\/en\/wp-json\/wp\/v2\/product"}],"about":[{"href":"https:\/\/minervashop.eu\/en\/wp-json\/wp\/v2\/types\/product"}],"wp:featuredmedia":[{"embeddable":true,"href":"https:\/\/minervashop.eu\/en\/wp-json\/wp\/v2\/media\/161223"}],"wp:attachment":[{"href":"https:\/\/minervashop.eu\/en\/wp-json\/wp\/v2\/media?parent=161231"}],"wp:term":[{"taxonomy":"product_brand","embeddable":true,"href":"https:\/\/minervashop.eu\/en\/wp-json\/wp\/v2\/product_brand?post=161231"},{"taxonomy":"product_cat","embeddable":true,"href":"https:\/\/minervashop.eu\/en\/wp-json\/wp\/v2\/product_cat?post=161231"},{"taxonomy":"product_tag","embeddable":true,"href":"https:\/\/minervashop.eu\/en\/wp-json\/wp\/v2\/product_tag?post=161231"}],"curies":[{"name":"wp","href":"https:\/\/api.w.org\/{rel}","templated":true}]}}