{"id":161264,"date":"2025-08-21T08:55:19","date_gmt":"2025-08-21T08:55:19","guid":{"rendered":"https:\/\/minervashop.eu\/toode\/gemstone-tree-rose-quartz\/"},"modified":"2026-01-12T13:10:22","modified_gmt":"2026-01-12T13:10:22","slug":"gemstone-tree-rose-quartz","status":"publish","type":"product","link":"https:\/\/minervashop.eu\/en\/product\/gemstone-tree-rose-quartz\/","title":{"rendered":"Gemstone tree"},"content":{"rendered":"<p class=\"western\" align=\"justify\"><b>ROOSA KVARTS<\/b> on pere ja kodu kaitseks, lisab enesekindlust ning vabastab s\u00fcdamevalust.<br \/>\nSeotud emotsionaalsuse ja armastusega.<br \/>\nTasakaalustab tundeelu ja eemaldab stressi.<br \/>\nRoosa kvartsi vesi on imehea lastele.<br \/>\nViib armastavasse seisundisse, tuletades meelde, et meid armastatakse.<br \/>\nHingehaavade ravitseja.<br \/>\n\u00d5rnuse, tundlikkuse, soojuse ja s\u00f5pruse kivi.<br \/>\nAitab kurbuse, stressi ja pingete korral.<br \/>\nHea \u201eunekivi\u201c, kaitstes \u00f6iste ko\u0161maaride eest.<br \/>\nAitab v\u00f5idelda pimeduse-kartusega.          Efektiivne kriisisituatsioonis. Suurendab empaatiat, aitab leppida muutustega. Leevendab s\u00fcdamevalu, p\u00e4\u00e4stab kurbusest, hirmust ja kurjusest, mis segavad vastu v\u00f5tta armastust.<br \/>\nSobib k\u00f5igile, kes ei ole j\u00f5udnud kohaneda eluga aga ole kogenud armastust.<br \/>\nKa neile, kellele lapsep\u00f5lves pole j\u00e4tkunud hellust ja hoolitsust.<br \/>\nKui suudame armastada endid, siis suudame ka armastada \u00fcmbritsevat.<br \/>\nRavitseb emotsionaalseid haavu ja valu, alustades kibestumuse taandamisega.     Avab s\u00fcdame ilule meie sees ja \u00fcmber. Seotud s\u00f5pruse, armuloitsude, hingelise tasakaalu, \u00fcksildusest vabanemise, edukate kohtuasjade ja iseennast armastama \u00f5ppimisega.<br \/>\nKui amet\u00fcst on vaimule, siis roosa kvarts on s\u00fcdamele.<br \/>\nTa annab enesearmastust, enese heakskiitu ja enda isiklikku kasulikolemise tunnet.   Suurendab igasugust armastust: enda vastu, emaarmastust, hoolimist, headust, platoonilist ja romantilist armastust. Headus: avama s\u00fcdame ja julgustama \u00f5rnusele ja rahule.<br \/>\n\u00d5petab andestamist ja tolerantsi.<br \/>\nVeetlus: kiirgama tingimusteta armastust ja hellust.<br \/>\nAitab tuua positiivset ja \u00f5rna armastust meie ellu.    MAAGIA: Kui surnud s\u00f5ber v\u00f5i sugulane ei lase teil rahulikult elada, kandke kaelas roosat kvartsi.<br \/>\nSee aitab teil vabaneda s\u00fc\u00fctundest.  For the timid and shy, the reality-cutting effects of obsidian are softened by aventurine, rose quartz and chrysocolla. SENSE: sensitivity; helps with sexual difficulties, sheds clear light on personal needs and expectations. BODY: harmonizes the heart, strengthens the sexual organs and fertility. MAAGIA: In the event of family disputes, place pink quartz in the most frequented areas of the living space to transform negative energy into positive. After a traumatic event, such as a break-up or physical assault, place a piece of rose quartz in a cup of tea to help relax and forget the bad. <b>Asterisk<\/b>: <b> Cancer, Capricorn, Taurus, Libra, Aquarius.<\/b>    <\/p>\n<h3 align=\"JUSTIFY\"><strong>loe lisaks <a href=\"https:\/\/minervashop.eu\/uudised\/naturaalsest-kivist-ehted\/\">siit<\/a><\/strong><\/h3>\n<p>kivide t\u00e4hendusi vaata <a href=\"https:\/\/minervashop.eu\/tootekategooria\/naturaalsed-kivid\/\" data-cke-saved-href=\"\/epood\/Trummelkivid\/\">siit<\/a>.<\/p>\n<p style=\"font-weight: 400;\">Gemstone tree with rose quartz leaves, to decorate a room with the healing power of gemstones.   <\/p>\n","protected":false},"excerpt":{"rendered":"<p>large ca 24 x 12 cm<\/p>\n<p>small 18 cm<\/p>\n<p>140g<\/p>\n<p><span lang=\"EN-GB\">Gemstone trees have a symbolic meaning, they connect earth and sky, growth and regeneration.<br \/>Gemstone trees are therefore called Tree of Life.<\/span><\/p>\n<p><span lang=\"EN-GB\">The base is made of neem wood, a tree from the mahogany tree family, native to the Indian subcontinent. It is known for both its pleasant aroma and its medicinal and metaphysical properties, making it a symbol of healing, protection and spiritual growth. Each tree contains a total of 300 stones. (5 stones per branch &#8211; 60 branches).   <em>Three reasons to buy gemstone trees and place them in your living space.<br \/>&#8211; The trees catch the light and activate the gemstones<br \/>&#8211; The trees create excellent Feng Shui energy<br \/>&#8211; The trees are pleasant to look at and calming  <\/em><\/span><\/p>\n","protected":false},"featured_media":161261,"template":"","meta":[],"product_brand":[],"product_cat":[181,358,241],"product_tag":[],"class_list":{"0":"post-161264","1":"product","2":"type-product","3":"status-publish","4":"has-post-thumbnail","6":"product_cat-ceridwen-en","7":"product_cat-rhiannon-en","8":"product_cat-stone-trees","9":"product_shipping_class-s-en","11":"first","12":"instock","13":"taxable","14":"shipping-taxable","15":"purchasable","16":"product-type-variable"},"_links":{"self":[{"href":"https:\/\/minervashop.eu\/en\/wp-json\/wp\/v2\/product\/161264","targetHints":{"allow":["GET"]}}],"collection":[{"href":"https:\/\/minervashop.eu\/en\/wp-json\/wp\/v2\/product"}],"about":[{"href":"https:\/\/minervashop.eu\/en\/wp-json\/wp\/v2\/types\/product"}],"wp:featuredmedia":[{"embeddable":true,"href":"https:\/\/minervashop.eu\/en\/wp-json\/wp\/v2\/media\/161261"}],"wp:attachment":[{"href":"https:\/\/minervashop.eu\/en\/wp-json\/wp\/v2\/media?parent=161264"}],"wp:term":[{"taxonomy":"product_brand","embeddable":true,"href":"https:\/\/minervashop.eu\/en\/wp-json\/wp\/v2\/product_brand?post=161264"},{"taxonomy":"product_cat","embeddable":true,"href":"https:\/\/minervashop.eu\/en\/wp-json\/wp\/v2\/product_cat?post=161264"},{"taxonomy":"product_tag","embeddable":true,"href":"https:\/\/minervashop.eu\/en\/wp-json\/wp\/v2\/product_tag?post=161264"}],"curies":[{"name":"wp","href":"https:\/\/api.w.org\/{rel}","templated":true}]}}