{"id":161313,"date":"2026-01-12T10:54:54","date_gmt":"2026-01-12T10:54:54","guid":{"rendered":"https:\/\/minervashop.eu\/toode\/orgonite-pendant-flower-of-life-amethyst-rock-crystal\/"},"modified":"2026-01-12T10:54:54","modified_gmt":"2026-01-12T10:54:54","slug":"orgonite-pendant-flower-of-life-amethyst-rock-crystal","status":"publish","type":"product","link":"https:\/\/minervashop.eu\/en\/product\/orgonite-pendant-flower-of-life-amethyst-rock-crystal\/","title":{"rendered":"Orgonite pendant Flower of life amethyst\/rock crystal<br>"},"content":{"rendered":"<p align=\"JUSTIFY\"><strong>see more <a href=\"https:\/\/minervashop.eu\/uudised\/naturaalsete-kivide-vagi\/\">here<\/a><\/strong><\/p>\n<p><strong>for stones see <a href=\"https:\/\/minervashop.eu\/en\/product category\/natural-stones\/\">here<\/a><\/strong><\/p>\n<p><strong>for more information <a href=\"https:\/\/minervashop.eu\/uudised\/naturaalsest-kivist-ehted\/\">click here<\/a><\/strong><\/p>\n<div class=\"term-description\">\n<p><strong>Orgon means life energy (chi, ether or prana). Orgonite is a composition of crystal, resin and metal. It protects against harmful (electromagnetic) radiation and other energy pollution. Orgonite has a general relaxing effect and promotes physical and spiritual health.**    <\/strong><\/p>\n<\/div>\n<p class=\"western\" align=\"justify\">Amethyst: This type of crystal is considered as the master healer. It both protects against and purifies negativity. It also offers balance during the state of transition. This stone has purplish color and recounts to the heart chakra. However, not all amethysts have purplish color. Some have bluish-red color, and they are best for enhancing a spiritual and deep connection between the life\u2019s challenges and inner self. The chevron amethyst, on the other hand, helps in peeling away karmic patterns and enhances spiritual vision and intuition. Amethyst is a stone of the mind. It helps to bring calmness and clarity where there is anxiety and confusion. Wear Amethyst if you want to get in touch with your intuition, your feelings, or your values. Amethyst helps one learn of all things spiritual, mystic and psychic. Especially aids sobriety; alcohol, food, sex, and other addictions. Stress: It is very good for overworked, overstressed, or overwhelmed metal states because of it extreme calming mental effects. It is considered an extremely spiritual stone. In the Old Testament, it is written that Aaron, the Jewish High Priest, wore the amethyst in the center of his breastplate, and it was said to induce visions and revelations. Many people sleep with an Amethyst crystal under their pillow for this reason. The Catholic bishop still wears an Amethyst ring on the second finger of his right hand. Addictions: Amethyst comes from a Greek word, amethusos, meaning not drunk. There is a ancient myth about Bacchus turning a young maiden to stone, and in remorse, he poured wine on the statue, staining it purple and creating amethyst. Goblets of Amethyst were said to prevent the drinker from being overwhelmed by the drink\u2019s spirit. Today those trying to overcome addictions, especially alcohol addiction, use the healing powers of Amethyst as an aid. Spirituality: Amethyst fosters healing and selflessness, and is associated with increased nobility, spiritual awareness, meditation, balance, psychic abilities, inner peace, and positive transformation. Some say it should be called the Stone of Transformation. Known also as &#8220;Metamorphosis&#8221;. Star signs: Pisces, Virgo, Sagittarius, Scorpio, Aries     Amet\u00fcst on kainuse s\u00fcmbol, sest amet\u00fcstkannu valatud vesi n\u00e4eb v\u00e4lja nagu vein, ent purju ei tee. A delicate gemstone necklace combining polished 3 mm natural stone beads with a gold-toned sun pendant, representing strength, vitality, and creative energy. Adjustable with a \u00b15 cm extension chain, the necklace offers flexibility and universal fit Amethyst has a spiritual quality that can be used to help tap into higher levels of consciousness. It can serve as a bridge between the physical and ethereal realms. Amethyst has a spiritual quality that can be used to help tap into higher levels of consciousness. It can serve as a bridge between the physical and ethereal realms. Amethyst is a purple-coloured quartz crystal. Purple shades vary from light lavender to deep violet. Amethyst crystals have a spiritual quality to them and can be used to help individuals tap into higher levels of consciousness. It can serve as a bridge between physical and ethereal frequencies, creating an opening for enlightenment. The characteristics of all mineral stones on our website are not scientifically proven; they are based on experiences of users and gemstone therapists. Any healing properties outlined are in no way meant to replace diagnosis or treatment by a qualified therapist or physician. If in doubt about your health, consult a physician.  Amethyst is a purple-coloured quartz crystal. Colours range from light lavender to deep violet. Amethyst crystals possess spiritual properties and can be used to support raising the level of consciousness. They form a bridge between earthly and etheric worlds, opening up to spiritual consciousness.** Please Note: Amethyst is a natural product, so the colour of the beads may vary from light to dark purple. <\/p>\n<p class=\"western\" align=\"justify\"><b>rock crystal <\/b> Rock Crystal: The clear quartz crystal is a conductor of energy, acting both as a transmitter and receiver. If you keep this stone, you will be protected from any outside negative vibrations. This crystal provides harmony and can take good care of your health. Its transparency and clarity gives it a mirror quality through which things can be viewed clearly. The most powerful, versatile multi-purpose healing stone, particular regarding self esteem, and healing the wounds of a neglectful or abusive childhood. This stone will not allow you to wallow in self-pity over that which you can not change! It amplifies the energy of all other stones and increases your emotional energy. I call this the poor mans Diamond, because it is so rich in every way except material value. Amplifies, focuses, stores, transforms, energizes. Perfect for focusing affirmations and prayers. Stimulates psychic perception. Teaches each person at their own level, and at their own speed. Empowers. Attunes to all chakras, all signs, and all numbers. This stone amplifies prayers, wishes and positive visualizations. Keeps you in touch with your spiritual side, and reminds you that you are a spiritual being, having a human experience. All spiritual pursuits can be stimulated and amplified using this stone&#8217;s energy. It helps you to be receptive to higher guidance. Star signs: Pisces, Leo, Capricorn, Taurus, Libra, Aries, Gemini            M\u00e4ekristalli peetakse puhtuse s\u00fcmboliks. Suudab salvestada ja edastada energiat ning seet\u00f5ttu kasutatakse tervendamisel ja mediteerimisel. Sakilise v\u00f5i teravaotsalise tipuga kristalli kasutatakse sujuvama ja harmoonilisema energia saavutamiseks. Pannakse halbade energiav\u00f5ngetega kohtadesse, lastakse veidi aega seista ja negatiivsust endasse koguda, seej\u00e4rel v\u00f5etakse \u00e4ra ja pestakse puhtaks -see parandab paiga energiat. Seotud selguse, tugevuse, eluj\u00f5u, ps\u00fc\u00fchilise tegevuse ja vaimse stimulatsiooniga. Suure kristalli asetamine kolmandale silmale suurendab ps\u00fc\u00fchilisi v\u00f5imeid. M\u00e4ekristallist kuuliga v\u00f5ib p\u00e4ikesekiirega s\u00fc\u00fcdata p\u00fcha tuld &#8211; pange kristallkuul puulaastudele p\u00e4ikese k\u00e4tte. Rock crystal or clear quartz is a powerful healing stone and energiser. It stimulates clear thinking and perception. It supports you to connect with your inner wisdom. Purifies and strengthens both the energetic and physical body, such as the immune system.     VAIM: selgus, neutraalsus; tugevdab isiklikku seisukohta, parandab m\u00e4lu ja tajumisv\u00f5imet; suurendab teadlikkust ja toob m\u00f5tlemisse selgust. \u00d5petab iga\u00fchte tema omal tasandil ja kiirusel. K\u00f5iki vaimseid p\u00fc\u00fcdlusi saab stimuleerida selle kivi energiaga. Aitab olla vastuv\u00f5tlik k\u00f5rgemalt tulevale juhatusele.   KEHA: tugevdab energia liikumist, n\u00e4rve, aju, n\u00e4\u00e4rmeid; kergendab valu ja turset; ravitakse voolmeid, k\u00f5hulahtisust, podagrat, neerukive, vedelikupeetust. M\u00e4ekristallide loomus on kootav. Mees leotatud m\u00e4ekristallid pidavat suurendama piimaeritust. MAAGIA: V\u00f5imas kivi igasuguseks maagiaks \u2013 t\u00f5mbab ligi positiivset energiat, t\u00f5stab enesekindlust ja annab lisaenergiat, kui oled v\u00e4sinud, tunned end kehvalt v\u00f5i taastud haigusest. M\u00e4ekristall suurendab energiat ning t\u00f5mbab t\u00e4helepanu. *Peret\u00fclide korral pane eluruumi k\u00e4idavamatesse kohtadesse m\u00e4ekristall, mis muudab negatiivse energia positiivseks. *Kanna kuldketi otsas selget m\u00e4ekristalli, nii, et see puudutab ihu s\u00fcdame kohal. Kristallist saad j\u00f5udu ja energiat, kuld annab samuti energiat ja annab p\u00e4ikesejumala kaitset. * Kanna kurgut\u0161akra kohal m\u00e4ekristalli \u2013 see aitab t\u00f5sta enesekindlust.<b> * <\/b>lauba vastas hoituna aktiveerib kolmanda silma ning annab m\u00f5tlemiseks loovenergiat. Suurep\u00e4rane palvete ja afirmatsioonide fokusseerimiseks. Stimuleerib ps\u00fc\u00fchilist ettekujutust. V\u00f5imendab palveid, soove ja positiivseid visualisatsioone. Hoiab sind \u00fchenduses sinu vaimse poolega, meenutades sulle, et sa oled vaimne olend f\u00fc\u00fcsilises inimkehas. Kanda iga p\u00e4ev. Puhasta magedas vees ja laadi seda kvartsikuhjas v\u00f5i p\u00e4ikese k\u00e4es.      <b>Supplied with 1 metre waxed cord of 1 mm.<\/b><\/p>\n<div class=\"product-short-description\">\n<p align=\"justify\">The Flower of Life is one of the standard and most powerful symbols in nature, in holy geometry. It is an ancient metaphor for the connection of all life in the Universe. In many cultures this symbol is well known.      <\/p>\n<\/div>\n","protected":false},"excerpt":{"rendered":"<p>Materials: gemstone chips (amethyst and rock crystal), copper, acrylic<\/p>\n<p>4 cm pendant<\/p>\n","protected":false},"featured_media":161312,"template":"","meta":[],"product_brand":[],"product_cat":[186,200],"product_tag":[],"class_list":{"0":"post-161313","1":"product","2":"type-product","3":"status-publish","4":"has-post-thumbnail","6":"product_cat-cord-natural-stone-pendants","7":"product_cat-orgonite-en","8":"product_shipping_class-xs-en-2","10":"first","11":"instock","12":"taxable","13":"shipping-taxable","14":"purchasable","15":"product-type-simple"},"_links":{"self":[{"href":"https:\/\/minervashop.eu\/en\/wp-json\/wp\/v2\/product\/161313","targetHints":{"allow":["GET"]}}],"collection":[{"href":"https:\/\/minervashop.eu\/en\/wp-json\/wp\/v2\/product"}],"about":[{"href":"https:\/\/minervashop.eu\/en\/wp-json\/wp\/v2\/types\/product"}],"wp:featuredmedia":[{"embeddable":true,"href":"https:\/\/minervashop.eu\/en\/wp-json\/wp\/v2\/media\/161312"}],"wp:attachment":[{"href":"https:\/\/minervashop.eu\/en\/wp-json\/wp\/v2\/media?parent=161313"}],"wp:term":[{"taxonomy":"product_brand","embeddable":true,"href":"https:\/\/minervashop.eu\/en\/wp-json\/wp\/v2\/product_brand?post=161313"},{"taxonomy":"product_cat","embeddable":true,"href":"https:\/\/minervashop.eu\/en\/wp-json\/wp\/v2\/product_cat?post=161313"},{"taxonomy":"product_tag","embeddable":true,"href":"https:\/\/minervashop.eu\/en\/wp-json\/wp\/v2\/product_tag?post=161313"}],"curies":[{"name":"wp","href":"https:\/\/api.w.org\/{rel}","templated":true}]}}