{"id":161366,"date":"2026-01-12T12:35:00","date_gmt":"2026-01-12T12:35:00","guid":{"rendered":"https:\/\/minervashop.eu\/toode\/angelite-tumbled-stone-a-quality-piece\/"},"modified":"2026-01-20T09:33:39","modified_gmt":"2026-01-20T09:33:39","slug":"angelite-tumbled-stone-a-quality-piece","status":"publish","type":"product","link":"https:\/\/minervashop.eu\/en\/product\/angelite-tumbled-stone-a-quality-piece\/","title":{"rendered":"Angelite tumbled stone A quality piece<br>"},"content":{"rendered":"<p class=\"western\" align=\"justify\"><b>ANGELIIT<\/b> &#8211; Kergendab teadlikku kontakti inglite maailmaga, v\u00f5imendab telepaatilist sidet. V\u00f5imaldab kehav\u00e4list r\u00e4nnet, s\u00e4ilitades samal ajal kontakti reaalsusega. Pakub kaitset kehale eliksiirina kasutades. Kivi on moodustunud tselestiidist ja omab sellega sarnaseid omadusi. Aitab r\u00e4\u00e4kida mistahes t\u00f5tt. Muudab kaastundlikumaks ja leplikumaks, eriti selle suhtes, mida te muuta ei saa. Leevendab hingevalu ja takistab j\u00f5hkrust. H\u00f5lbustab meelevahelist telepaatilist kontakti. Muundab valu ja korratuse terviklikkuseks ning tervistamiseks, avades tee vaimsele inspiratsioonile. Loob s\u00fcgava rahu- ja rahulikkuse tunde. Kergendab taass\u00fcnni protsessi, stimuleerib tervenemist ja avab ps\u00fc\u00fchilise kanaldamise. <b>Angeliit <\/b>loob headust, \u00f5rnust, kaastunnet, ja mugavustunnet. Aitab tunda kaitseinglite v\u00f5i teiste abiliste alatist l\u00e4hedal olekut. Taastab selguse ja tugevuse, kui tunned end haavatava ja ebakindlana. .**KEHA: Jalataldadele rakendatult avab meridiaanide ummistused ja energiateed. Leevendab kurgup\u00f5letikku, hoiab kilpn\u00e4\u00e4ret ning k\u00f5rvalkilpn\u00e4\u00e4rmeid tasakaalus. Parandab kudesid ja veresooni, tasakaalustades vedelikke f\u00fc\u00fcsilises kehas. V\u00f5ib toimida diureetikumina. Kasulik kaaluj\u00e4lgimisel. PAIGUTAMINE: hoida k\u00e4es v\u00f5i asetage vajalikule kohale kehal. Loob f\u00fc\u00fcsiliselt jahutava efekti ning positiivse tulemuse p\u00f5letikele, vedeliku tasakaalule, tursele, kilpn\u00e4\u00e4rmele, kaela ja k\u00f5ri piirkonnale, kopsudele ja neerudele.                   <\/p>\n","protected":false},"excerpt":{"rendered":"<p>ca 2x 2 cm<\/p>\n<p>size L<\/p>\n","protected":false},"featured_media":161365,"template":"","meta":[],"product_brand":[],"product_cat":[759,359,392],"product_tag":[],"class_list":{"0":"post-161366","1":"product","2":"type-product","3":"status-publish","4":"has-post-thumbnail","6":"product_cat-new-en","7":"product_cat-domnu-en","8":"product_cat-tumble-stones","9":"product_shipping_class-xs-en-2","11":"first","12":"instock","13":"taxable","14":"shipping-taxable","15":"purchasable","16":"product-type-simple"},"_links":{"self":[{"href":"https:\/\/minervashop.eu\/en\/wp-json\/wp\/v2\/product\/161366","targetHints":{"allow":["GET"]}}],"collection":[{"href":"https:\/\/minervashop.eu\/en\/wp-json\/wp\/v2\/product"}],"about":[{"href":"https:\/\/minervashop.eu\/en\/wp-json\/wp\/v2\/types\/product"}],"wp:featuredmedia":[{"embeddable":true,"href":"https:\/\/minervashop.eu\/en\/wp-json\/wp\/v2\/media\/161365"}],"wp:attachment":[{"href":"https:\/\/minervashop.eu\/en\/wp-json\/wp\/v2\/media?parent=161366"}],"wp:term":[{"taxonomy":"product_brand","embeddable":true,"href":"https:\/\/minervashop.eu\/en\/wp-json\/wp\/v2\/product_brand?post=161366"},{"taxonomy":"product_cat","embeddable":true,"href":"https:\/\/minervashop.eu\/en\/wp-json\/wp\/v2\/product_cat?post=161366"},{"taxonomy":"product_tag","embeddable":true,"href":"https:\/\/minervashop.eu\/en\/wp-json\/wp\/v2\/product_tag?post=161366"}],"curies":[{"name":"wp","href":"https:\/\/api.w.org\/{rel}","templated":true}]}}