{"id":161763,"date":"2026-01-20T12:10:20","date_gmt":"2026-01-20T12:10:20","guid":{"rendered":"https:\/\/minervashop.eu\/toode\/bracelet-amethyst-elastic-with-moon-charm\/"},"modified":"2026-01-20T12:10:20","modified_gmt":"2026-01-20T12:10:20","slug":"bracelet-amethyst-elastic-with-moon-charm","status":"publish","type":"product","link":"https:\/\/minervashop.eu\/en\/product\/bracelet-amethyst-elastic-with-moon-charm\/","title":{"rendered":"Bracelet amethyst elastic with moon charm<br>"},"content":{"rendered":"<p align=\"justify\"><strong>The moon is a symbol of hope and inspiration. It is associated with birth, death and resurrection. The invisible side of the moon is associated with occultism. The feminine qualities of the Moon link it to the mother goddess.   <\/strong><\/p>\n<p class=\"western\" align=\"justify\">Gemstone: Amethyst \u2013 spiritual awareness, tranquillity, focus     Amet\u00fcst on kainuse s\u00fcmbol, sest amet\u00fcstkannu valatud vesi n\u00e4eb v\u00e4lja nagu vein, ent purju ei tee. A delicate gemstone necklace combining polished 3 mm natural stone beads with a gold-toned sun pendant, representing strength, vitality, and creative energy. Adjustable with a \u00b15 cm extension chain, the necklace offers flexibility and universal fit Amethyst has a spiritual quality that can be used to help tap into higher levels of consciousness. It can serve as a bridge between the physical and ethereal realms. Amethyst has a spiritual quality that can be used to help tap into higher levels of consciousness. It can serve as a bridge between the physical and ethereal realms. Amethyst is a purple-coloured quartz crystal. Purple shades vary from light lavender to deep violet. Amethyst crystals have a spiritual quality to them and can be used to help individuals tap into higher levels of consciousness. It can serve as a bridge between physical and ethereal frequencies, creating an opening for enlightenment. The characteristics of all mineral stones on our website are not scientifically proven; they are based on experiences of users and gemstone therapists. Any healing properties outlined are in no way meant to replace diagnosis or treatment by a qualified therapist or physician. If in doubt about your health, consult a physician.  Amethyst is a purple-coloured quartz crystal. Colours range from light lavender to deep violet. Amethyst crystals possess spiritual properties and can be used to support raising the level of consciousness. They form a bridge between earthly and etheric worlds, opening up to spiritual consciousness.** Please Note: Amethyst is a natural product, so the colour of the beads may vary from light to dark purple. <\/p>\n","protected":false},"excerpt":{"rendered":"<p>Elastic bracelet made with amethyst beads with metal charm in the shape of a crescent moon.*, 16-19 cm wrist<\/p>\n<p>6 mm beads<\/p>\n","protected":false},"featured_media":161762,"template":"","meta":[],"product_brand":[],"product_cat":[244,647],"product_tag":[],"class_list":{"0":"post-161763","1":"product","2":"type-product","3":"status-publish","4":"has-post-thumbnail","6":"product_cat-round-beads-bracelets","7":"product_cat-moon-and-sun","8":"product_shipping_class-xs-en-2","10":"first","11":"instock","12":"taxable","13":"shipping-taxable","14":"purchasable","15":"product-type-simple"},"_links":{"self":[{"href":"https:\/\/minervashop.eu\/en\/wp-json\/wp\/v2\/product\/161763","targetHints":{"allow":["GET"]}}],"collection":[{"href":"https:\/\/minervashop.eu\/en\/wp-json\/wp\/v2\/product"}],"about":[{"href":"https:\/\/minervashop.eu\/en\/wp-json\/wp\/v2\/types\/product"}],"wp:featuredmedia":[{"embeddable":true,"href":"https:\/\/minervashop.eu\/en\/wp-json\/wp\/v2\/media\/161762"}],"wp:attachment":[{"href":"https:\/\/minervashop.eu\/en\/wp-json\/wp\/v2\/media?parent=161763"}],"wp:term":[{"taxonomy":"product_brand","embeddable":true,"href":"https:\/\/minervashop.eu\/en\/wp-json\/wp\/v2\/product_brand?post=161763"},{"taxonomy":"product_cat","embeddable":true,"href":"https:\/\/minervashop.eu\/en\/wp-json\/wp\/v2\/product_cat?post=161763"},{"taxonomy":"product_tag","embeddable":true,"href":"https:\/\/minervashop.eu\/en\/wp-json\/wp\/v2\/product_tag?post=161763"}],"curies":[{"name":"wp","href":"https:\/\/api.w.org\/{rel}","templated":true}]}}