{"id":161909,"date":"2026-01-22T10:15:34","date_gmt":"2026-01-22T10:15:34","guid":{"rendered":"https:\/\/minervashop.eu\/toode\/lapis-lazuli-spiral-pendant\/"},"modified":"2026-01-22T10:17:42","modified_gmt":"2026-01-22T10:17:42","slug":"lapis-lazuli-spiral-pendant","status":"publish","type":"product","link":"https:\/\/minervashop.eu\/en\/product\/lapis-lazuli-spiral-pendant\/","title":{"rendered":"Lapis lazuli spiral pendant"},"content":{"rendered":"<div id=\"row-1217546949\" class=\"row\">\n<div id=\"col-715220604\" class=\"col small-12 large-12\">\n<div class=\"col-inner\">\n<div class=\"woocommerce-tabs wc-tabs-wrapper container tabbed-content\">\n<div class=\"tab-panels\">\n<div id=\"tab-description\" class=\"woocommerce-Tabs-panel woocommerce-Tabs-panel--description panel entry-content active\" role=\"tabpanel\" aria-labelledby=\"tab-title-description\">\n<p class=\"western\" align=\"justify\"><b>LAPIS LAZULI e. LASURIIT <\/b>-(tumesinine poolv\u00e4\u00e4riskivi); Lasuriit esindab v\u00f5imu, tarkust ja sisemist j\u00f5udu. Soodustab vaimseid v\u00f5imeid ja teadmist. S\u00f5prusekivi. Mesopotaamias s\u00fcmboliseeris see kivim taevast ja seet\u00f5ttu kasutati seda templilagede kaunistamiseks. Egiptuses kaunistas see jumalakujusid, Euroopas leidis kasutust kui ravim kurvameelsuse ja palaviku vastu. Hiinas s\u00fcmboliseeris lasuriit n\u00e4gemist ja ravis silmahaigusi. \u00d5petajate kivi. Seotud selguse, n\u00e4gemuse, armastuse, r\u00f5\u00f5mu, truuduse, m\u00f5istvuse, \u00f5rnuse, ps\u00fc\u00fchilise tegevuse, k\u00f5rgema tarkuse, kosmilise \u00fchenduse ja v\u00f5imega n\u00e4ha tulevikku; Lasuriidist kaelakee peletab lastest hirmu. Tunnete ja m\u00f5istuse liitmiseks kandke lasuriiti s\u00fcdame kohal. Soodustab ausust, siirust, s\u00f5prust ja sotsiaalsust; aitab v\u00e4lja \u00f6elda ja vastu v\u00f5tta t\u00f5de. KEHA: aitab kurgu, k\u00f5ri, h\u00e4\u00e4lepaelte, n\u00e4rvide ja aju probleemide puhul; reguleerib kilpn\u00e4\u00e4ret; ravitakse depressiooni, vaimuhaigust, melanhooliat, korduvat palavikku, paiseid, haavandeid, epilepsiat, ajurabandust ja raskemeelsust; tugevdab silman\u00e4gemist ja s\u00fcdant; hoiab minestamisest ja nuris\u00fcnnitusest; MAAGIA: kandke lasuriiti raseduse viimasel kolmandikul, et tagada lapse \u00f5igeaegne ilmaletulek. Kiviga puudutamine parandab vaimset, f\u00fc\u00fcsilist, spirituaalset, ps\u00fc\u00fchilist ja emotsionaalset seisundit. Tervendamisrituaalil s\u00f5brale. Tugevdab armastajate suhet.             <\/p>\n<\/div>\n<\/div>\n<\/div>\n<\/div>\n<\/div>\n<\/div>\n<div id=\"row-1797170699\" class=\"row\">\n<div id=\"col-669124847\" class=\"col small-12 large-12\">\n<div class=\"col-inner\">\n<div class=\"related related-products-wrapper product-section\"><\/div>\n<\/div>\n<\/div>\n<\/div>\n","protected":false},"excerpt":{"rendered":"<div class=\"product-short-description\">\n<p><strong>see more <a href=\"https:\/\/rnojomku.sendsmaily.net\/templates\/acafb176-ee1f-4e4a-bba3-5c57e9a8e0e3\/html\/\">here<\/a><\/strong><\/p>\n<\/div>\n<div class=\"add-to-cart-container form-normal is-normal\">stainless steel spiral<\/div>\n<div>natural lapis lazuli 5 cm<\/div>\n","protected":false},"featured_media":161906,"template":"","meta":[],"product_brand":[],"product_cat":[359,255,185],"product_tag":[],"class_list":{"0":"post-161909","1":"product","2":"type-product","3":"status-publish","4":"has-post-thumbnail","6":"product_cat-domnu-en","7":"product_cat-silver-color-pendants","8":"product_cat-natural-stone-pendants","9":"product_shipping_class-xs-en-2","11":"first","12":"instock","13":"taxable","14":"shipping-taxable","15":"purchasable","16":"product-type-simple"},"_links":{"self":[{"href":"https:\/\/minervashop.eu\/en\/wp-json\/wp\/v2\/product\/161909","targetHints":{"allow":["GET"]}}],"collection":[{"href":"https:\/\/minervashop.eu\/en\/wp-json\/wp\/v2\/product"}],"about":[{"href":"https:\/\/minervashop.eu\/en\/wp-json\/wp\/v2\/types\/product"}],"wp:featuredmedia":[{"embeddable":true,"href":"https:\/\/minervashop.eu\/en\/wp-json\/wp\/v2\/media\/161906"}],"wp:attachment":[{"href":"https:\/\/minervashop.eu\/en\/wp-json\/wp\/v2\/media?parent=161909"}],"wp:term":[{"taxonomy":"product_brand","embeddable":true,"href":"https:\/\/minervashop.eu\/en\/wp-json\/wp\/v2\/product_brand?post=161909"},{"taxonomy":"product_cat","embeddable":true,"href":"https:\/\/minervashop.eu\/en\/wp-json\/wp\/v2\/product_cat?post=161909"},{"taxonomy":"product_tag","embeddable":true,"href":"https:\/\/minervashop.eu\/en\/wp-json\/wp\/v2\/product_tag?post=161909"}],"curies":[{"name":"wp","href":"https:\/\/api.w.org\/{rel}","templated":true}]}}