{"id":161919,"date":"2026-01-22T10:24:10","date_gmt":"2026-01-22T10:24:10","guid":{"rendered":"https:\/\/minervashop.eu\/toode\/amethyst-donut-metal-hook-pendant\/"},"modified":"2026-01-22T10:24:10","modified_gmt":"2026-01-22T10:24:10","slug":"amethyst-donut-metal-hook-pendant","status":"publish","type":"product","link":"https:\/\/minervashop.eu\/en\/product\/amethyst-donut-metal-hook-pendant\/","title":{"rendered":"Amethyst donut metal hook pendant"},"content":{"rendered":"<div id=\"row-1572929746\" class=\"row\">\n<div id=\"col-1496217445\" class=\"col small-12 large-12\">\n<div class=\"col-inner\">\n<div class=\"woocommerce-tabs wc-tabs-wrapper container tabbed-content\">\n<div class=\"tab-panels\">\n<div id=\"tab-description\" class=\"woocommerce-Tabs-panel woocommerce-Tabs-panel--description panel entry-content active\" role=\"tabpanel\" aria-labelledby=\"tab-title-description\">\n<p class=\"western\" align=\"justify\">Gemstone: Amethyst \u2013 spiritual awareness, tranquillity, focus     Amet\u00fcst on kainuse s\u00fcmbol, sest amet\u00fcstkannu valatud vesi n\u00e4eb v\u00e4lja nagu vein, ent purju ei tee. A delicate gemstone necklace combining polished 3 mm natural stone beads with a gold-toned sun pendant, representing strength, vitality, and creative energy. Adjustable with a \u00b15 cm extension chain, the necklace offers flexibility and universal fit Amethyst has a spiritual quality that can be used to help tap into higher levels of consciousness. It can serve as a bridge between the physical and ethereal realms. Amethyst has a spiritual quality that can be used to help tap into higher levels of consciousness. It can serve as a bridge between the physical and ethereal realms. Amethyst is a purple-coloured quartz crystal. Purple shades vary from light lavender to deep violet. Amethyst crystals have a spiritual quality to them and can be used to help individuals tap into higher levels of consciousness. It can serve as a bridge between physical and ethereal frequencies, creating an opening for enlightenment. The characteristics of all mineral stones on our website are not scientifically proven; they are based on experiences of users and gemstone therapists. Any healing properties outlined are in no way meant to replace diagnosis or treatment by a qualified therapist or physician. If in doubt about your health, consult a physician.  Amethyst is a purple-coloured quartz crystal. Colours range from light lavender to deep violet. Amethyst crystals possess spiritual properties and can be used to support raising the level of consciousness. They form a bridge between earthly and etheric worlds, opening up to spiritual consciousness.** Please Note: Amethyst is a natural product, so the colour of the beads may vary from light to dark purple. <\/p>\n<\/div>\n<\/div>\n<\/div>\n<\/div>\n<\/div>\n<\/div>\n<div id=\"row-153665754\" class=\"row\">\n<div id=\"col-428484174\" class=\"col small-12 large-12\">\n<div class=\"col-inner\">\n<div class=\"related related-products-wrapper product-section\"><\/div>\n<\/div>\n<\/div>\n<\/div>\n","protected":false},"excerpt":{"rendered":"<div class=\"product-short-description\">\n<p><strong>vaata lisa <a href=\"https:\/\/rnojomku.sendsmaily.net\/templates\/acafb176-ee1f-4e4a-bba3-5c57e9a8e0e3\/html\/\">siit<\/a><\/strong><\/p>\n<p>amethyst donut 4 cm<\/p>\n<\/div>\n","protected":false},"featured_media":161913,"template":"","meta":[],"product_brand":[],"product_cat":[255,185],"product_tag":[],"class_list":{"0":"post-161919","1":"product","2":"type-product","3":"status-publish","4":"has-post-thumbnail","6":"product_cat-silver-color-pendants","7":"product_cat-natural-stone-pendants","8":"product_shipping_class-xs-en-2","10":"first","11":"instock","12":"taxable","13":"shipping-taxable","14":"purchasable","15":"product-type-variable"},"_links":{"self":[{"href":"https:\/\/minervashop.eu\/en\/wp-json\/wp\/v2\/product\/161919","targetHints":{"allow":["GET"]}}],"collection":[{"href":"https:\/\/minervashop.eu\/en\/wp-json\/wp\/v2\/product"}],"about":[{"href":"https:\/\/minervashop.eu\/en\/wp-json\/wp\/v2\/types\/product"}],"wp:featuredmedia":[{"embeddable":true,"href":"https:\/\/minervashop.eu\/en\/wp-json\/wp\/v2\/media\/161913"}],"wp:attachment":[{"href":"https:\/\/minervashop.eu\/en\/wp-json\/wp\/v2\/media?parent=161919"}],"wp:term":[{"taxonomy":"product_brand","embeddable":true,"href":"https:\/\/minervashop.eu\/en\/wp-json\/wp\/v2\/product_brand?post=161919"},{"taxonomy":"product_cat","embeddable":true,"href":"https:\/\/minervashop.eu\/en\/wp-json\/wp\/v2\/product_cat?post=161919"},{"taxonomy":"product_tag","embeddable":true,"href":"https:\/\/minervashop.eu\/en\/wp-json\/wp\/v2\/product_tag?post=161919"}],"curies":[{"name":"wp","href":"https:\/\/api.w.org\/{rel}","templated":true}]}}