{"id":162081,"date":"2026-01-23T12:35:38","date_gmt":"2026-01-23T12:35:38","guid":{"rendered":"https:\/\/minervashop.eu\/toode\/wooden-beads-aries-keychain\/"},"modified":"2026-01-23T12:35:38","modified_gmt":"2026-01-23T12:35:38","slug":"wooden-beads-aries-keychain","status":"publish","type":"product","link":"https:\/\/minervashop.eu\/en\/product\/wooden-beads-aries-keychain\/","title":{"rendered":"Wooden beads Aries keychain"},"content":{"rendered":"","protected":false},"excerpt":{"rendered":"<div class=\"product-short-description\">\n<p>talisman hobuse aastaks roti aastal s\u00fcndinule, et hoida eemale \u00f5nnetused ja negatiivsed s\u00fcndmused.<\/p>\n<\/div>\n<div class=\"add-to-cart-container form-normal is-normal\"><\/div>\n","protected":false},"featured_media":162079,"template":"","meta":[],"product_brand":[],"product_cat":[394,460,202],"product_tag":[],"class_list":{"0":"post-162081","1":"product","2":"type-product","3":"status-publish","4":"has-post-thumbnail","6":"product_cat-artha-en","7":"product_cat-zodiac","8":"product_cat-keyrings","9":"product_shipping_class-xs-en-2","11":"first","12":"instock","13":"taxable","14":"shipping-taxable","15":"purchasable","16":"product-type-simple"},"_links":{"self":[{"href":"https:\/\/minervashop.eu\/en\/wp-json\/wp\/v2\/product\/162081","targetHints":{"allow":["GET"]}}],"collection":[{"href":"https:\/\/minervashop.eu\/en\/wp-json\/wp\/v2\/product"}],"about":[{"href":"https:\/\/minervashop.eu\/en\/wp-json\/wp\/v2\/types\/product"}],"wp:featuredmedia":[{"embeddable":true,"href":"https:\/\/minervashop.eu\/en\/wp-json\/wp\/v2\/media\/162079"}],"wp:attachment":[{"href":"https:\/\/minervashop.eu\/en\/wp-json\/wp\/v2\/media?parent=162081"}],"wp:term":[{"taxonomy":"product_brand","embeddable":true,"href":"https:\/\/minervashop.eu\/en\/wp-json\/wp\/v2\/product_brand?post=162081"},{"taxonomy":"product_cat","embeddable":true,"href":"https:\/\/minervashop.eu\/en\/wp-json\/wp\/v2\/product_cat?post=162081"},{"taxonomy":"product_tag","embeddable":true,"href":"https:\/\/minervashop.eu\/en\/wp-json\/wp\/v2\/product_tag?post=162081"}],"curies":[{"name":"wp","href":"https:\/\/api.w.org\/{rel}","templated":true}]}}