{"id":162122,"date":"2026-01-23T12:56:54","date_gmt":"2026-01-23T12:56:54","guid":{"rendered":"https:\/\/minervashop.eu\/toode\/golden-horse-lucky-coin\/"},"modified":"2026-03-11T09:44:30","modified_gmt":"2026-03-11T09:44:30","slug":"golden-horse-lucky-coin","status":"publish","type":"product","link":"https:\/\/minervashop.eu\/en\/product\/golden-horse-lucky-coin\/","title":{"rendered":"Golden horse lucky coin"},"content":{"rendered":"","protected":false},"excerpt":{"rendered":"<p>kanna \u00f5nneraha rahakotis, kassas ja endaga kaasas v\u00f5i pane k\u00fclluse nurka<\/p>\n<p>plastic container, metal coin<\/p>\n","protected":false},"featured_media":162095,"template":"","meta":[],"product_brand":[],"product_cat":[759,358,115,102],"product_tag":[],"class_list":{"0":"post-162122","1":"product","2":"type-product","3":"status-publish","4":"has-post-thumbnail","6":"product_cat-new-en","7":"product_cat-rhiannon-en","8":"product_cat-other-products","9":"product_cat-unicorn-and-horses","10":"product_shipping_class-xs-en-2","12":"first","13":"instock","14":"taxable","15":"shipping-taxable","16":"purchasable","17":"product-type-variable"},"_links":{"self":[{"href":"https:\/\/minervashop.eu\/en\/wp-json\/wp\/v2\/product\/162122","targetHints":{"allow":["GET"]}}],"collection":[{"href":"https:\/\/minervashop.eu\/en\/wp-json\/wp\/v2\/product"}],"about":[{"href":"https:\/\/minervashop.eu\/en\/wp-json\/wp\/v2\/types\/product"}],"wp:featuredmedia":[{"embeddable":true,"href":"https:\/\/minervashop.eu\/en\/wp-json\/wp\/v2\/media\/162095"}],"wp:attachment":[{"href":"https:\/\/minervashop.eu\/en\/wp-json\/wp\/v2\/media?parent=162122"}],"wp:term":[{"taxonomy":"product_brand","embeddable":true,"href":"https:\/\/minervashop.eu\/en\/wp-json\/wp\/v2\/product_brand?post=162122"},{"taxonomy":"product_cat","embeddable":true,"href":"https:\/\/minervashop.eu\/en\/wp-json\/wp\/v2\/product_cat?post=162122"},{"taxonomy":"product_tag","embeddable":true,"href":"https:\/\/minervashop.eu\/en\/wp-json\/wp\/v2\/product_tag?post=162122"}],"curies":[{"name":"wp","href":"https:\/\/api.w.org\/{rel}","templated":true}]}}