{"id":162566,"date":"2026-01-30T09:51:33","date_gmt":"2026-01-30T09:51:33","guid":{"rendered":"https:\/\/minervashop.eu\/?post_type=product&#038;p=162566"},"modified":"2026-02-03T11:58:58","modified_gmt":"2026-02-03T11:58:58","slug":"laatse-luliga-hobedane-roostevaba-teras-kaelakett-42mm-x-66cm","status":"publish","type":"product","link":"https:\/\/minervashop.eu\/en\/toode\/laatse-luliga-hobedane-roostevaba-teras-kaelakett-42mm-x-66cm\/","title":{"rendered":"L\u00e4\u00e4tse l\u00fcliga h\u00f5bedane roostevaba teras kaelakett 4,2mm x 66cm"},"content":{"rendered":"","protected":false},"excerpt":{"rendered":"","protected":false},"featured_media":162575,"template":"","meta":[],"product_brand":[],"product_cat":[175],"product_tag":[],"class_list":{"0":"post-162566","1":"product","2":"type-product","3":"status-publish","4":"has-post-thumbnail","6":"product_cat-hobedased-ketid","7":"product_shipping_class-xs","9":"first","10":"outofstock","11":"taxable","12":"shipping-taxable","13":"purchasable","14":"product-type-simple"},"_links":{"self":[{"href":"https:\/\/minervashop.eu\/en\/wp-json\/wp\/v2\/product\/162566","targetHints":{"allow":["GET"]}}],"collection":[{"href":"https:\/\/minervashop.eu\/en\/wp-json\/wp\/v2\/product"}],"about":[{"href":"https:\/\/minervashop.eu\/en\/wp-json\/wp\/v2\/types\/product"}],"wp:featuredmedia":[{"embeddable":true,"href":"https:\/\/minervashop.eu\/en\/wp-json\/wp\/v2\/media\/162575"}],"wp:attachment":[{"href":"https:\/\/minervashop.eu\/en\/wp-json\/wp\/v2\/media?parent=162566"}],"wp:term":[{"taxonomy":"product_brand","embeddable":true,"href":"https:\/\/minervashop.eu\/en\/wp-json\/wp\/v2\/product_brand?post=162566"},{"taxonomy":"product_cat","embeddable":true,"href":"https:\/\/minervashop.eu\/en\/wp-json\/wp\/v2\/product_cat?post=162566"},{"taxonomy":"product_tag","embeddable":true,"href":"https:\/\/minervashop.eu\/en\/wp-json\/wp\/v2\/product_tag?post=162566"}],"curies":[{"name":"wp","href":"https:\/\/api.w.org\/{rel}","templated":true}]}}