{"id":162769,"date":"2026-02-03T15:04:23","date_gmt":"2026-02-03T15:04:23","guid":{"rendered":"https:\/\/minervashop.eu\/?post_type=product&#038;p=162769"},"modified":"2026-03-18T15:48:17","modified_gmt":"2026-03-18T15:48:17","slug":"varviliste-sulgedega-unepuudjaga-kaelaripats-ketiga","status":"publish","type":"product","link":"https:\/\/minervashop.eu\/en\/toode\/varviliste-sulgedega-unepuudjaga-kaelaripats-ketiga\/","title":{"rendered":"V\u00e4rviliste sulgedega unep\u00fc\u00fcdjaga kaelaripats ketiga"},"content":{"rendered":"","protected":false},"excerpt":{"rendered":"<p>roostevaba teras kett, naturaalsed v\u00e4rvitud suled<\/p>\n<p>kett 3 mm x 60 cm<\/p>\n<p>ripats ca 10 x 7 cm<\/p>\n","protected":false},"featured_media":162778,"template":"","meta":[],"product_brand":[],"product_cat":[207,487,225],"product_tag":[],"class_list":{"0":"post-162769","1":"product","2":"type-product","3":"status-publish","4":"has-post-thumbnail","6":"product_cat-hobedased-kaelaripatsid","7":"product_cat-muust-materjalist-kaelaripatsid","8":"product_cat-unepuudjad","9":"product_shipping_class-xs","11":"first","12":"instock","13":"taxable","14":"shipping-taxable","15":"purchasable","16":"product-type-simple"},"_links":{"self":[{"href":"https:\/\/minervashop.eu\/en\/wp-json\/wp\/v2\/product\/162769","targetHints":{"allow":["GET"]}}],"collection":[{"href":"https:\/\/minervashop.eu\/en\/wp-json\/wp\/v2\/product"}],"about":[{"href":"https:\/\/minervashop.eu\/en\/wp-json\/wp\/v2\/types\/product"}],"wp:featuredmedia":[{"embeddable":true,"href":"https:\/\/minervashop.eu\/en\/wp-json\/wp\/v2\/media\/162778"}],"wp:attachment":[{"href":"https:\/\/minervashop.eu\/en\/wp-json\/wp\/v2\/media?parent=162769"}],"wp:term":[{"taxonomy":"product_brand","embeddable":true,"href":"https:\/\/minervashop.eu\/en\/wp-json\/wp\/v2\/product_brand?post=162769"},{"taxonomy":"product_cat","embeddable":true,"href":"https:\/\/minervashop.eu\/en\/wp-json\/wp\/v2\/product_cat?post=162769"},{"taxonomy":"product_tag","embeddable":true,"href":"https:\/\/minervashop.eu\/en\/wp-json\/wp\/v2\/product_tag?post=162769"}],"curies":[{"name":"wp","href":"https:\/\/api.w.org\/{rel}","templated":true}]}}