{"id":162852,"date":"2026-02-07T10:06:39","date_gmt":"2026-02-07T10:06:39","guid":{"rendered":"https:\/\/minervashop.eu\/toode\/yellow-gold-plated-zirconia-zodiac-pendant-necklace\/"},"modified":"2026-02-07T10:06:39","modified_gmt":"2026-02-07T10:06:39","slug":"yellow-gold-plated-zirconia-zodiac-pendant-necklace","status":"publish","type":"product","link":"https:\/\/minervashop.eu\/en\/product\/yellow-gold-plated-zirconia-zodiac-pendant-necklace\/","title":{"rendered":"Yellow gold plated zirconia zodiac pendant necklace"},"content":{"rendered":"<p><strong>Virgo 24. august \u2013 23 september <\/strong><br \/>\nelement \u2013 maa, valitsev planeet \u2013 Merkuur, omadus \u2013 muutlik <strong>Neitsid <\/strong>on sodiaagi \u00fcks k\u00f5ige arusaamatumaid m\u00e4rke. Inimesed arvavad, et nad on norivad, kriitiliselt meelestatud ja valivad. Seda on nad seet\u00f5ttu, et soovivad k\u00f5iges t\u00e4iuslikkust. See on m\u00e4rk puhtusearmastusest, kuigi paljudel Neitsitel on t\u00fclgastavad magamistoad, riided p\u00f5randal laiali. Nad on \u00e4\u00e4rmiselt uudishimulikud ja omavad kohutavalt palju aega puhkamiseks. Neitsid on fantastilised s\u00f5brad. V\u00e4ikseima kriisi saabudes on Neitsil olukord kontrolli all v\u00e4hem kui 30 sekundiga. Nad on alati tegevuses, sest neile meeldib \u00f5ppida v\u00f5imalikult palju enne kui taas startida. Nad on t\u00f6\u00f6l parimad, mist\u00f5ttu nad saavad alati k\u00f5ige igavamad ametid.        <\/p>\n<p><strong>Scales 24. september \u2013 23. oktoober <\/strong><br \/>\nElement \u2013 \u00f5hk, valitsev planeet \u2013 Veenus omadus \u2013 kardinaalne <strong>Kaalud<\/strong> on emotsionaalselt impulsiivsed ja nad armastavad olla armunud. Tegelikult nad muutuvad \u00fcsna depressiivseks, kui nad tunnevad end mitte ihaldatud olevat. Neid tuntakse ka \u201claiskade Kaaludena\u201d, sest neile ei meeldi otsuseid teha. Nad on \u00f5nnelikud, kui saavad koos vooluga edasi minna. Nad on fantastiliselt ilusad. Inimesed teevad nende heaks mida iganes. Nad on s\u00fcdamlikud, kaastundlikud ja v\u00e4ga huvitatud inimestest. Neile meeldib meelelahutus ja palju toitu, mist\u00f5ttu nad on alati dieedil. Nad on ka maailma k\u00f5ige suuremad kulutajad.        <\/p>\n<p><strong>21.03-20.04 J\u00e4\u00e4r <\/strong>Element \u2013 tuli, valitsev planeet \u2013 Marss. Omadus \u2013 Kardinal J\u00e4\u00e4rad loomana on otsusekindlad. Miski ei peata neid tegutsemast, sama on ka inimesega J\u00e4\u00e4ra t\u00e4htkujust. Neil on kuhjadena f\u00fc\u00fcsilist energiat ja nad on v\u00e4ga konkurentsiv\u00f5imelised. Nad peavad k\u00f5ikjal esimesed olema. Kui nad seda ei saavuta, siis nad n\u00e4itavad, et sa teaksid, kui halvad kaotajad nad on. \u00c4ra kunagi \u00fctle J\u00e4\u00e4rale, et ta eksib. Ta muutub ohtlikuks. Ta on fantastiline kaaslane, suurep\u00e4rane juht ja hea poliitik. Talle meeldib juhendada ja organiseerida rohkem kui vaja. \u00c4ra kunagi ignoreeri seda, kuna tema ego saab tugevalt kahjustada ja see ei ole meeldiv vaatepilt. See k\u00f5ik ei ole halb \u2013 nad on s\u00f5bralikud, lahked ja helded ja kindlasti meeldivad Amburi t\u00e4htkujus s\u00fcndinutele           <\/p>\n<p><strong>Amburid 23. november \u2013 21 detsember  <\/strong>on nalja armastajad, helded ja \u00e4\u00e4rmiselt s\u00f5bralikud. V\u00e4ga harva nad valetavad. Tegelikult on nad nii avatud, et kogu maailm teab, millega nad tegelevad. Neil on imetlusv\u00e4\u00e4rne intuitsioon. Nad on v\u00e4ga targad, sest nad on v\u00e4ga huvitatud k\u00f5igest. Nad v\u00f5ivad olla natuke tahumatud ja seda seep\u00e4rast, et nad on v\u00e4ga ausad, \u00f6eldes t\u00e4pselt seda, mida nad m\u00f5tlevad. Nad armastavad reisida, kiireid autosid ja hobusega ratsutamist. Samuti meeldib neile raha kulutada, seega peaks ta v\u00e4ltima krediitkaarti.<br \/>\nelement \u2013 tuli valitsev planeet \u2013 Jupiter omadus- muutlik       <\/p>\n<p><strong>21.04 \u2013 20.05 S\u00f5nn <\/strong>Element \u2013 Maa, valitsev planeet \u2013 Veenus, Omadus \u2013 Kindel<br \/>\nS\u00f5nnidest on raske aru saada. See, mida sa n\u00e4ed, seda ka saad. Nad tahavad k\u00f5ike omada, enamasti toitu. Nad tahavad endale isegi teise taldrikul olevat, sest neile on oma k\u00f5ht v\u00e4ga t\u00e4htis. Nad ei tee kunagi midagi kiiresti. Sa ei taba kunagi S\u00f5nni tegemas j\u00e4rsku otsust. Nad vihkavad muutusi, eriti suhetes, sest nad on v\u00e4ga lojaalsed. Nad on \u00e4\u00e4rmiselt atraktiivsed ja loovad. Nad armastavad lilli, muusikat ja ooperit. Nad on parimad kaaslased!         <\/p>\n<p><strong>Gemini 21. mai \u2013 21. juuni  <\/strong><br \/>\nelement : \u00f5hk, valitsev planeet \u2013 Merkuur Omadus: muutuv Kaksikutel on h\u00e4mmastav aju. Ta suudab salvestada andmeid \u2013 seda on raske uskuda. Paljud inimesed arvavad, et nad r\u00e4\u00e4givad m\u00f5ttetusi \u2013 seda seet\u00f5ttu, et nende m\u00f5te jookseb kiiremini kui nad suudavad r\u00e4\u00e4kida. Kaksikud on suuremeelsed, s\u00fcdamlikud ja impulsiivsed. Neile ei meeldi lihtsalt ringi j\u00f5lkuda. Igavus ja l\u00f5\u00f5gastumine hirmutab neid. Tegutsemata muutuvad nad hulluks. Nad sobivad lastega, sest nad ei saa kunagi t\u00e4iskasvanuks. Kui sul on Kaksikutest s\u00f5ber, ei ole sul kunagi igav. Neile meeldib olla austatud \u2013 see on raske, sest nad on v\u00e4ga muutlikud. Tegelikult nad kalduvad kaotama oma m\u00f5ttek\u00e4iku lause pealt. Nad on ka naljahambad, kuid v\u00f5ivad ka v\u00e4ga vihastuda, kui keegi \u00fcritab tema kulul nalja teha.           <\/p>\n","protected":false},"excerpt":{"rendered":"<p>gold plated copper, zirconia<\/p>\n<p>chain 40 cm<\/p>\n","protected":false},"featured_media":162823,"template":"","meta":[],"product_brand":[],"product_cat":[257,460],"product_tag":[],"class_list":{"0":"post-162852","1":"product","2":"type-product","3":"status-publish","4":"has-post-thumbnail","6":"product_cat-golden-pendants","7":"product_cat-zodiac","8":"product_shipping_class-xs-en-2","10":"first","11":"instock","12":"taxable","13":"shipping-taxable","14":"purchasable","15":"product-type-variable"},"_links":{"self":[{"href":"https:\/\/minervashop.eu\/en\/wp-json\/wp\/v2\/product\/162852","targetHints":{"allow":["GET"]}}],"collection":[{"href":"https:\/\/minervashop.eu\/en\/wp-json\/wp\/v2\/product"}],"about":[{"href":"https:\/\/minervashop.eu\/en\/wp-json\/wp\/v2\/types\/product"}],"wp:featuredmedia":[{"embeddable":true,"href":"https:\/\/minervashop.eu\/en\/wp-json\/wp\/v2\/media\/162823"}],"wp:attachment":[{"href":"https:\/\/minervashop.eu\/en\/wp-json\/wp\/v2\/media?parent=162852"}],"wp:term":[{"taxonomy":"product_brand","embeddable":true,"href":"https:\/\/minervashop.eu\/en\/wp-json\/wp\/v2\/product_brand?post=162852"},{"taxonomy":"product_cat","embeddable":true,"href":"https:\/\/minervashop.eu\/en\/wp-json\/wp\/v2\/product_cat?post=162852"},{"taxonomy":"product_tag","embeddable":true,"href":"https:\/\/minervashop.eu\/en\/wp-json\/wp\/v2\/product_tag?post=162852"}],"curies":[{"name":"wp","href":"https:\/\/api.w.org\/{rel}","templated":true}]}}