{"id":163492,"date":"2026-02-20T10:35:08","date_gmt":"2026-02-20T10:35:08","guid":{"rendered":"https:\/\/minervashop.eu\/?post_type=product&#038;p=163492"},"modified":"2026-03-18T14:39:38","modified_gmt":"2026-03-18T14:39:38","slug":"magevee-parlitega-pronks-liilia-krooni-ripatsiga-kaelehe","status":"publish","type":"product","link":"https:\/\/minervashop.eu\/en\/toode\/magevee-parlitega-pronks-liilia-krooni-ripatsiga-kaelehe\/","title":{"rendered":"Magevee p\u00e4rlitega pronks Liilia krooni ripatsiga kaelehe"},"content":{"rendered":"<div id=\"row-609851100\" class=\"row\">\n<div id=\"col-2054789490\" class=\"col small-12 large-12\">\n<div class=\"col-inner\">\n<div class=\"woocommerce-tabs wc-tabs-wrapper container tabbed-content\">\n<div class=\"tab-panels\">\n<div id=\"tab-description\" class=\"woocommerce-Tabs-panel woocommerce-Tabs-panel--description panel entry-content active\" role=\"tabpanel\" aria-labelledby=\"tab-title-description\">\n<p><b>P\u00c4RL<\/b> \u2013 P\u00e4rl on ilu ja t\u00e4iuslikkuse s\u00fcmbol, armastuse juveel. P\u00e4rl on jumalate pisar. P\u00e4rlid s\u00fcmboliseerivad kuningav\u00f5imu, \u00f5iglust, tarkust. Kui teemant on kalliskivide kuningas, siis p\u00e4rl on kuninganna. P\u00e4rlid on juunis s\u00fcndinute kalliskivid ja neid kingitakse 30. pulma-aastap\u00e4eval. Seostub naiselikkuse vallaga \u2013 Kuu, vooruslikkuse, kannatlikkuse ja puhtusega. P\u00e4rlid kukuvad maa peale, kui taevased draakonid v\u00f5itlevad. Kandke p\u00e4rlit, kui palute Isiselt \u00f5nnistust. P\u00e4rlid s\u00fcmboliseerivad pisaraid ja naiselikku voorust. Seotud soodsa saatuse, karskuse, tundeselguse, mere v\u00e4e, armuloitsude, rahaloitsude ja hingej\u00f5u taastamisega. Mageveep\u00e4rlid aitavad teil ennast armastama \u00f5ppida ja armastust vastu v\u00f5tta. KEHA: seedeh\u00e4ired ja nakkused; toniseeriv m\u00f5ju;<\/p>\n<\/div>\n<\/div>\n<\/div>\n<\/div>\n<\/div>\n<\/div>\n","protected":false},"excerpt":{"rendered":"<p>akr\u00fc\u00fcl helmed, metallisulam,\u00a0 pol\u00fcester pael\u00a0 mm , metall haak kinnitus, naturaalsed magevee p\u00e4rlid<\/p>\n<p>ripats 80 x 35 mm<\/p>\n<p>paelad 60 cm<\/p>\n","protected":false},"featured_media":163497,"template":"","meta":[],"product_brand":[],"product_cat":[261,391],"product_tag":[],"class_list":{"0":"post-163492","1":"product","2":"type-product","3":"status-publish","4":"has-post-thumbnail","6":"product_cat-brigitta","7":"product_cat-naturaalsest-materjalist-kaelakeed","8":"product_shipping_class-xs","10":"first","11":"instock","12":"taxable","13":"shipping-taxable","14":"purchasable","15":"product-type-simple"},"_links":{"self":[{"href":"https:\/\/minervashop.eu\/en\/wp-json\/wp\/v2\/product\/163492","targetHints":{"allow":["GET"]}}],"collection":[{"href":"https:\/\/minervashop.eu\/en\/wp-json\/wp\/v2\/product"}],"about":[{"href":"https:\/\/minervashop.eu\/en\/wp-json\/wp\/v2\/types\/product"}],"wp:featuredmedia":[{"embeddable":true,"href":"https:\/\/minervashop.eu\/en\/wp-json\/wp\/v2\/media\/163497"}],"wp:attachment":[{"href":"https:\/\/minervashop.eu\/en\/wp-json\/wp\/v2\/media?parent=163492"}],"wp:term":[{"taxonomy":"product_brand","embeddable":true,"href":"https:\/\/minervashop.eu\/en\/wp-json\/wp\/v2\/product_brand?post=163492"},{"taxonomy":"product_cat","embeddable":true,"href":"https:\/\/minervashop.eu\/en\/wp-json\/wp\/v2\/product_cat?post=163492"},{"taxonomy":"product_tag","embeddable":true,"href":"https:\/\/minervashop.eu\/en\/wp-json\/wp\/v2\/product_tag?post=163492"}],"curies":[{"name":"wp","href":"https:\/\/api.w.org\/{rel}","templated":true}]}}