{"id":163532,"date":"2026-02-21T09:42:47","date_gmt":"2026-02-21T09:42:47","guid":{"rendered":"https:\/\/minervashop.eu\/toode\/holy-lama-chakra-soap-100g\/"},"modified":"2026-03-04T10:07:40","modified_gmt":"2026-03-04T10:07:40","slug":"holy-lama-chakra-soap-100g","status":"publish","type":"product","link":"https:\/\/minervashop.eu\/en\/product\/holy-lama-chakra-soap-100g\/","title":{"rendered":"Holy Lama chakra soap 100g"},"content":{"rendered":"<p>Each soap is linked to one of the seven chakras: the body\u2019s energy centres<\/p>\n<p>Each soap is linked to one of the seven chakras: the body\u2019s energy centres. The solar plexus chakra is associated with personal power, self-confidence, and purposeful action. This soap supports clarity, motivation, and inner strength. <\/p>\n<p>Cocos Nucifera (Virgin Coconut) Oil*, Aqua*, Sodium Hydroxide*, Mentha Spicata Herb (Spearmint) Oil*, Cymbopogon Citratus Leaf (Lemongrass) Oil*, Lavandula Angustifolia (Lavender) Oil*, Acid Yellow 36 (CI 13065), Linalool**, Citral**, Limonene**<\/p>\n<p>Sakraal t\u0161akra on seotud loovuse, emotsionide ja elur\u00f5\u00f5muga. See seep aitab tasakaalustada, muutuda, luua h\u00e4id suhteid.<br \/>\nCocos Nucifera (Virgin Coconut) Oil*, Aqua*, Sodium Hydroxide*, Citrus Aurantium Leaf (Petitgrain) Oil*, Jasminum Officinale (Jasmine) Flower Oil*, Foeniculum Vulgare Fruit (Fennel Seed) Oil*, Acid Orange 7 (CI 15510), Linalool**, Geraniol**, Limonene**, Citral** <\/p>\n<p>Kroont\u0161akra esindab spirituaalset \u00fchendumist, k\u00f5rgemat teadvust ja \u00fchtsust Universumiga. Seep toetab meeleselgust, sisemist rahu ja eesm\u00e4rgi tunnetust. <\/p>\n<p>Cocos Nucifera (Virgin Coconut) Oil*, Aqua*, Sodium Hydroxide*, Vetiveria Zizanioides (Vetiver) Root Oil*, Cedrus Deodara (Cedar) Wood Oil*, Rosa Centifolia Flower (Rose) Oil*, Basic Violet 1 (CI 42535), Linalool**, Geraniol**, Citronellol**<\/p>\n<p>Juurt\u0161akra on seostatud maandusega, stabiilsusega ja \u00fchendusega f\u00fc\u00fcsilise maailmaga. See seep aitab toetada tasakaalu ja joondust f\u00fc\u00fcsiliselt ja energeetiliselt. <\/p>\n<p>K\u00f5ri t\u0161akrat seostatakse suhtlemise, enesev\u00e4ljenduse ja t\u00f5ega. See seep toetab selget k\u00f5net, loovat v\u00e4ljendusviisi ja aktiivset kuulamist. <\/p>\n<p>S\u00fcdame t\u0161akrat seostatakse armastuse, kaastunde ja emotsionaalsusega. See seep toetab harmooniat, sisemist rahu ja t\u00e4henduslikke suhteid. <\/p>\n<p><b>koostis &#8211; <\/b>Cocos Nucifera (Virgin Coconut) Oil*, Aqua*, Sodium Hydroxide*, Pelargonium Graveolens (Geranium) Leaf Oil*, Citrus Aurantium Bergamia Fruit (Bergamot) Oil*, Eucalyptus Globulus (Eucalyptus) Leaf Oil*, Acid Blue 3 (CI 42051), Limonene**, Citronellol**, Geraniol**, Linalool**, Eugenol**, Citral**<\/p>\n<p>The third eye chakra is associated with intuition, inner wisdom and spiritual insight. This soap supports clarity, trust in one\u2019s instincts, and mental calm. <\/p>\n<p>Cocos Nucifera (Virgin Coconut) Oil*, Aqua*, Sodium Hydroxide*, Lavandula Angustifolia (Lavender) Oil*, Citrus Limon (Lemon) Peel Oil*, Jasminum Officinale (Jasmine) Flower Oil*, Manganese Violet (CI 77742), Linalool**,<\/p>\n<p>Holy Lama products are predominantly made from natural ingredients, avoiding the use of harsh chemicals or synthetics. Their body care products are vegan, GMO free, handmade and not tested on animals. <\/p>\n<p>*koostisained looduslikku p\u00e4ritolu. **v\u00f5ib sisaldada allergeene <\/p>\n","protected":false},"excerpt":{"rendered":"<p>The Chakra soaps skin care and shower soaps support the balancing and alignment of the seven chakras in the body. The chakras are the seven energy centres in the body believed to regulate our physical, emotional and spiritual well-being. <\/p>\n<p><strong>see annex <span style=\"color: #33cccc;\"><a style=\"color: #33cccc;\" href=\"https:\/\/rnojomku.sendsmaily.net\/templates\/ecf3332f-9eed-4892-b19d-dca55d2a20fc\/html\/\">here<\/a><\/span><\/strong><\/p>\n","protected":false},"featured_media":163681,"template":"","meta":[],"product_brand":[],"product_cat":[759,119],"product_tag":[],"class_list":{"0":"post-163532","1":"product","2":"type-product","3":"status-publish","4":"has-post-thumbnail","6":"product_cat-new-en","7":"product_cat-soaps","8":"product_shipping_class-s-en","10":"first","11":"instock","12":"taxable","13":"shipping-taxable","14":"purchasable","15":"product-type-variable"},"_links":{"self":[{"href":"https:\/\/minervashop.eu\/en\/wp-json\/wp\/v2\/product\/163532","targetHints":{"allow":["GET"]}}],"collection":[{"href":"https:\/\/minervashop.eu\/en\/wp-json\/wp\/v2\/product"}],"about":[{"href":"https:\/\/minervashop.eu\/en\/wp-json\/wp\/v2\/types\/product"}],"wp:featuredmedia":[{"embeddable":true,"href":"https:\/\/minervashop.eu\/en\/wp-json\/wp\/v2\/media\/163681"}],"wp:attachment":[{"href":"https:\/\/minervashop.eu\/en\/wp-json\/wp\/v2\/media?parent=163532"}],"wp:term":[{"taxonomy":"product_brand","embeddable":true,"href":"https:\/\/minervashop.eu\/en\/wp-json\/wp\/v2\/product_brand?post=163532"},{"taxonomy":"product_cat","embeddable":true,"href":"https:\/\/minervashop.eu\/en\/wp-json\/wp\/v2\/product_cat?post=163532"},{"taxonomy":"product_tag","embeddable":true,"href":"https:\/\/minervashop.eu\/en\/wp-json\/wp\/v2\/product_tag?post=163532"}],"curies":[{"name":"wp","href":"https:\/\/api.w.org\/{rel}","templated":true}]}}