{"id":163571,"date":"2026-02-21T10:48:19","date_gmt":"2026-02-21T10:48:19","guid":{"rendered":"https:\/\/minervashop.eu\/toode\/blue-aventurine-quartz-tumble-stone-piece\/"},"modified":"2026-03-06T12:12:28","modified_gmt":"2026-03-06T12:12:28","slug":"blue-aventurine-quartz-tumble-stone-piece","status":"publish","type":"product","link":"https:\/\/minervashop.eu\/en\/product\/blue-aventurine-quartz-tumble-stone-piece\/","title":{"rendered":"Blue aventurine, quartz pack 40g"},"content":{"rendered":"<div id=\"row-730857538\" class=\"row\">\n<div id=\"col-650820030\" class=\"col small-12 large-12\">\n<div class=\"col-inner\">\n<div class=\"woocommerce-tabs wc-tabs-wrapper container tabbed-content\">\n<div class=\"tab-panels\">\n<div id=\"tab-description\" class=\"woocommerce-Tabs-panel woocommerce-Tabs-panel--description panel entry-content active\" role=\"tabpanel\" aria-labelledby=\"tab-title-description\">\n<p class=\"western\" align=\"justify\"><b>Aventurine helps you to make your dreams come true. It stimulates deciscion making, enthusiastic effort and creativity. <\/b> \u2013 Sisemise j\u00f5u ja enesedistsipliini kivi.<br \/>\nSuurendab mehelikku energiat nii meestes kui naistes. Aitab v\u00f5tta vastutuse elu, suhtumise ja eesm\u00e4rgi ees. Rahustab emotsioone, l\u00f5dvestab, aitab s\u00e4ilitada enesekontrolli ja hingerahu. Aitab anda hinnangut oma m\u00f5tetele ja tegudele ning siis edasi elada, otsustades, kas muuta oma k\u00e4itumist v\u00f5i elada edasi endiselt. Abistab teisteni j\u00f5udmisel ja vaigistab hirmu. Meelt rahustades aitab teil aru saada oma vaimsest loomusest ja inspireerib lootust. Aitab rahustada ja l\u00f5\u00f5gastada keevalisi emotsioone, hoides eemal v\u00e4listest m\u00f5jutustest ning hoida kontrolli ja rahu iseendaga. Annab parema fokusseerituse ja kontsentreerituse ning viib vajaliku ausa julguseni n\u00e4ha, kuidas on meie m\u00f5tted ja tegevus m\u00f5jutanud meie reaalset elu ning kuidas paremini liikuda edasi, parandades ja j\u00e4tkates neid mustreid. KEHA: Kasulik \u00fclakeha elunditele. Puhastab vereringet ja tugevdab immuuns\u00fcsteemi.          <\/p>\n<\/div>\n<\/div>\n<\/div>\n<\/div>\n<\/div>\n<\/div>\n<div id=\"row-422512688\" class=\"row\">\n<div id=\"col-2109278778\" class=\"col small-12 large-12\">\n<div class=\"col-inner\">\n<div class=\"related related-products-wrapper product-section\"><\/div>\n<\/div>\n<\/div>\n<\/div>\n","protected":false},"excerpt":{"rendered":"<p>AB quality<\/p>\n<p>pack 40 g tubled stones 0,8-20 mm<\/p>\n","protected":false},"featured_media":163568,"template":"","meta":[],"product_brand":[],"product_cat":[759,359,392],"product_tag":[],"class_list":{"0":"post-163571","1":"product","2":"type-product","3":"status-publish","4":"has-post-thumbnail","6":"product_cat-new-en","7":"product_cat-domnu-en","8":"product_cat-tumble-stones","9":"product_shipping_class-xs-en-2","11":"first","12":"instock","13":"taxable","14":"shipping-taxable","15":"purchasable","16":"product-type-simple"},"_links":{"self":[{"href":"https:\/\/minervashop.eu\/en\/wp-json\/wp\/v2\/product\/163571","targetHints":{"allow":["GET"]}}],"collection":[{"href":"https:\/\/minervashop.eu\/en\/wp-json\/wp\/v2\/product"}],"about":[{"href":"https:\/\/minervashop.eu\/en\/wp-json\/wp\/v2\/types\/product"}],"wp:featuredmedia":[{"embeddable":true,"href":"https:\/\/minervashop.eu\/en\/wp-json\/wp\/v2\/media\/163568"}],"wp:attachment":[{"href":"https:\/\/minervashop.eu\/en\/wp-json\/wp\/v2\/media?parent=163571"}],"wp:term":[{"taxonomy":"product_brand","embeddable":true,"href":"https:\/\/minervashop.eu\/en\/wp-json\/wp\/v2\/product_brand?post=163571"},{"taxonomy":"product_cat","embeddable":true,"href":"https:\/\/minervashop.eu\/en\/wp-json\/wp\/v2\/product_cat?post=163571"},{"taxonomy":"product_tag","embeddable":true,"href":"https:\/\/minervashop.eu\/en\/wp-json\/wp\/v2\/product_tag?post=163571"}],"curies":[{"name":"wp","href":"https:\/\/api.w.org\/{rel}","templated":true}]}}