{"id":163593,"date":"2026-02-21T11:34:09","date_gmt":"2026-02-21T11:34:09","guid":{"rendered":"https:\/\/minervashop.eu\/toode\/aquatine-calcite-rough-stone-piece\/"},"modified":"2026-03-02T15:41:43","modified_gmt":"2026-03-02T15:41:43","slug":"aquatine-calcite-rough-stone-piece","status":"publish","type":"product","link":"https:\/\/minervashop.eu\/en\/product\/aquatine-calcite-rough-stone-piece\/","title":{"rendered":"Aquatine calcite rough stone piece"},"content":{"rendered":"<div id=\"row-369159024\" class=\"row\">\n<div id=\"col-254106947\" class=\"col small-12 large-12\">\n<div class=\"col-inner\">\n<div class=\"woocommerce-tabs wc-tabs-wrapper container tabbed-content\">\n<div class=\"tab-panels\">\n<div id=\"tab-description\" class=\"woocommerce-Tabs-panel woocommerce-Tabs-panel--description panel entry-content active\" role=\"tabpanel\" aria-labelledby=\"tab-title-description\">\n<p class=\"western\" align=\"justify\"><b>KALTSIIT<\/b>\u2013 enesekindlus; suurendab oma v\u00f5imetele vastavalt enesest lugupidamist ja eneseusaldust; soodustab optimismi, sattumata ebareaalsusesse. KEHA: kiirendab seedimist ja sidekudede, veresoonte ning naha tervenemist. Kaltsiit on kasulik sooltele, kuna see m\u00f5jub positiivselt soolefloorale ja soole aktiivsusele. Kristallivesi on v\u00e4ga hea laisale soolestikule, k\u00f5hukinnisusele, k\u00f5hulahtisusele ja puhitusele. V\u00e4ldib auto-toksifikatsiooni l\u00e4bi fermentatsiooni ja lagunemise. Erinevat v\u00e4rvi kaltsiitidel on antud lisa-efekti: <i><b>rohelisel<\/b><\/i> on detoksifitseeriv omadus, <i><b>kollane<\/b><\/i> tugevdab seedimist. Kaitsev kivi, annab kehale energiat. MAAGIA: kaaslase s\u00f5ltuvust tekitavate manipulatsioonide korral annab enesekindlust ning aitab vabastada negatiivsetest m\u00f5tetest ja vabastab depressioonist, <i><b>punane<\/b><\/i> toetab vereringet, <i><b>pruun<\/b><\/i> parandab j\u00e4\u00e4kide eemaldamist. Puhastunud soolestik viib spirituaalse puhtuseni ning toetab sisemist tugevust ja stabiilsust, samuti tugevat arengut igal tasemel. <i><b>Must<\/b><\/i><i> kaltsiit<\/i> \u2013 on rekordiomanik tagasikulgemises ja m\u00e4lestuste taasomandamises, nii, et mineviku saaks vabaks lasta.<br \/>\nToob hinge p\u00e4rast traumat v\u00f5i stressi tagasi kehasse, leevendab depressiooni ja on kasulik kaaslane pimedas hinge\u00f6\u00f6s.         Toob hinge p\u00e4rast traumat v\u00f5i stressi tagasi kehasse, leevendab depressiooni ja on kasulik kaaslane pimedas hinge\u00f6\u00f6s. <i><b>blue calcite<\/b><\/i><b> <\/b>\u2013 kosumis- ja l\u00f5\u00f5gastuskivi. Alandab verer\u00f5hku ja lahustab valu. Vabastab negatiivsetest emotsioonidest. Kurgut\u0161akral kasutades aitab selgust tuua suhtluses. Reguleerib vee tasakaalu.    <b> <\/b>This is a natural product so colour, shape and size may vary and differ from the picture shown.  <\/p>\n<\/div>\n<\/div>\n<\/div>\n<\/div>\n<\/div>\n<\/div>\n<div id=\"row-1888523357\" class=\"row\">\n<div id=\"col-1368545384\" class=\"col small-12 large-12\">\n<div class=\"col-inner\">\n<div class=\"related related-products-wrapper product-section\"><\/div>\n<\/div>\n<\/div>\n<\/div>\n","protected":false},"excerpt":{"rendered":"<p>Brazil<\/p>\n<p>large ca 5-7 cm<\/p>\n<p>small ca 3-5 cm<\/p>\n<p><i><b>blue calcite<\/b><\/i><b> <\/b>\u2013 kosumis- ja l\u00f5\u00f5gastuskivi. Alandab verer\u00f5hku ja lahustab valu. Vabastab negatiivsetest emotsioonidest. Kurgut\u0161akral kasutades aitab selgust tuua suhtluses. Reguleerib vee tasakaalu.    <b> <\/b>This is a natural product so colour, shape and size may vary and differ from the picture shown.  <\/p>\n","protected":false},"featured_media":163915,"template":"","meta":[],"product_brand":[],"product_cat":[759,359,107],"product_tag":[],"class_list":{"0":"post-163593","1":"product","2":"type-product","3":"status-publish","4":"has-post-thumbnail","6":"product_cat-new-en","7":"product_cat-domnu-en","8":"product_cat-rough-stones","9":"product_shipping_class-xs-en-2","11":"first","12":"instock","13":"taxable","14":"shipping-taxable","15":"purchasable","16":"product-type-variable"},"_links":{"self":[{"href":"https:\/\/minervashop.eu\/en\/wp-json\/wp\/v2\/product\/163593","targetHints":{"allow":["GET"]}}],"collection":[{"href":"https:\/\/minervashop.eu\/en\/wp-json\/wp\/v2\/product"}],"about":[{"href":"https:\/\/minervashop.eu\/en\/wp-json\/wp\/v2\/types\/product"}],"wp:featuredmedia":[{"embeddable":true,"href":"https:\/\/minervashop.eu\/en\/wp-json\/wp\/v2\/media\/163915"}],"wp:attachment":[{"href":"https:\/\/minervashop.eu\/en\/wp-json\/wp\/v2\/media?parent=163593"}],"wp:term":[{"taxonomy":"product_brand","embeddable":true,"href":"https:\/\/minervashop.eu\/en\/wp-json\/wp\/v2\/product_brand?post=163593"},{"taxonomy":"product_cat","embeddable":true,"href":"https:\/\/minervashop.eu\/en\/wp-json\/wp\/v2\/product_cat?post=163593"},{"taxonomy":"product_tag","embeddable":true,"href":"https:\/\/minervashop.eu\/en\/wp-json\/wp\/v2\/product_tag?post=163593"}],"curies":[{"name":"wp","href":"https:\/\/api.w.org\/{rel}","templated":true}]}}