{"id":163596,"date":"2025-09-05T09:25:24","date_gmt":"2025-09-05T09:25:24","guid":{"rendered":"https:\/\/minervashop.eu\/toode\/meditation-shawl-200x80-cm\/"},"modified":"2025-09-05T09:25:24","modified_gmt":"2025-09-05T09:25:24","slug":"meditation-shawl-200x80-cm","status":"publish","type":"product","link":"https:\/\/minervashop.eu\/en\/product\/meditation-shawl-200x80-cm\/","title":{"rendered":"Meditation shawl 200&#215;80 cm"},"content":{"rendered":"<p>Suur sall meditatsiooniks v\u00f5i tekiks, et tunneksid end mugavalt ja sisemiselt keskendunud, sest tekk s\u00fcmboliseerib ajutist eemalolekut v\u00e4lismaailmast meditatsiooni ajal. See sall on hea kaitse k\u00fclma eest, mis t\u00f5useb p\u00f5randast. See on vajalik ese regulaarsele mediteerijale ja kindlasti ka algajale. Salli saad kasutada ka \u00f5lar\u00e4tina v\u00f5i kodus m\u00f5nusalt puhates ja lemmiktegevusega tegeledes.   <\/p>\n","protected":false},"excerpt":{"rendered":"<p>70% acrylic wool<br \/>\n30% cotton<\/p>\n<p>soft, lightwheight and warm<\/p>\n","protected":false},"featured_media":151751,"template":"","meta":[],"product_brand":[],"product_cat":[759,670,343,325,247],"product_tag":[],"class_list":{"0":"post-163596","1":"product","2":"type-product","3":"status-publish","4":"has-post-thumbnail","6":"product_cat-new-en","7":"product_cat-sale","8":"product_cat-banbha-en","9":"product_cat-ker-en","10":"product_cat-shawls","11":"product_shipping_class-xs-en-2","13":"first","14":"instock","15":"sale","16":"taxable","17":"shipping-taxable","18":"purchasable","19":"product-type-variable"},"_links":{"self":[{"href":"https:\/\/minervashop.eu\/en\/wp-json\/wp\/v2\/product\/163596","targetHints":{"allow":["GET"]}}],"collection":[{"href":"https:\/\/minervashop.eu\/en\/wp-json\/wp\/v2\/product"}],"about":[{"href":"https:\/\/minervashop.eu\/en\/wp-json\/wp\/v2\/types\/product"}],"wp:featuredmedia":[{"embeddable":true,"href":"https:\/\/minervashop.eu\/en\/wp-json\/wp\/v2\/media\/151751"}],"wp:attachment":[{"href":"https:\/\/minervashop.eu\/en\/wp-json\/wp\/v2\/media?parent=163596"}],"wp:term":[{"taxonomy":"product_brand","embeddable":true,"href":"https:\/\/minervashop.eu\/en\/wp-json\/wp\/v2\/product_brand?post=163596"},{"taxonomy":"product_cat","embeddable":true,"href":"https:\/\/minervashop.eu\/en\/wp-json\/wp\/v2\/product_cat?post=163596"},{"taxonomy":"product_tag","embeddable":true,"href":"https:\/\/minervashop.eu\/en\/wp-json\/wp\/v2\/product_tag?post=163596"}],"curies":[{"name":"wp","href":"https:\/\/api.w.org\/{rel}","templated":true}]}}