{"id":163602,"date":"2026-02-21T11:43:04","date_gmt":"2026-02-21T11:43:04","guid":{"rendered":"https:\/\/minervashop.eu\/toode\/pyramide-candle\/"},"modified":"2026-03-12T08:55:33","modified_gmt":"2026-03-12T08:55:33","slug":"pyramide-candle","status":"publish","type":"product","link":"https:\/\/minervashop.eu\/en\/product\/pyramide-candle\/","title":{"rendered":"Pyramide candle"},"content":{"rendered":"<p>L\u00f5hnata fair trade p\u00fcramiidi kujuga k\u00fc\u00fcnal, valmistatud taastuvast palmikiu vahast, toodetud keskkonnas\u00f5bralikult., l\u00f5hnata<br \/>\nBoth the candle and packaging are produced in an environmentally friendly way.<\/p>\n<p><b>Attention!<br \/>Place out of reach of children and pets.<br \/>Do not place in a drafty spot, this will shorten the burning time.<br \/>Do not leave a burning candle unattended.<br \/>Place on a heat resistant surface. <\/b>Instructions for use<br \/>Burn at least one hour per inch of candle diameter each time the candle is lit to ensure the best burning efficiency.<br \/>Do not burn longer than 4 hours at any one time.<br \/>Trim wick to \u00bc\u201d (0.5 cm) each time you light the candle.<br \/>Discontinue use when \u00bd\u201d (1.3 cm) wax remains in bottom. <\/p>\n<p>About the product<br \/>100% natural vegetable stearin candle from sustainable farming<br \/>Unscented<br \/>Burning time 20 &#8211; 24 hours<br \/>No smoke, stable flame, cotton wick   <\/p>\n<p>Handmade and fair trade from Indonesia<\/p>\n<p>Made from RSPO certified palm wax, from the kernel of the palm fruit. A 100% vegetable wax from sustainable agriculture. Little smoke, with cotton wick. Handmade in Indonesia by a WFTO certified Fairtrade company, providing a job for as many people as possible. About eighty percent of the employees is female. The packaging is made from recycled paper. A sincere and colourful candle, with an eye for the welfare of our planet and its inhabitants. <\/p>\n<p><em>In many traditions in our world, lighting a candle implies a sacred act, which means more than words can say; it is all about gratefulness. From time immemorial, man has been lighting candles in sacred places. Perhaps you would like to start or end your day with this simple ritual &#8211; the lighting of a candle with attention for yourself and others.    <\/em><\/p>\n<div class=\"product-short-description\">\n<div class=\"product-short-description\">\n<p><strong>see more <a href=\"https:\/\/rnojomku.sendsmaily.net\/templates\/ecf3332f-9eed-4892-b19d-dca55d2a20fc\/html\/\">here<\/a><\/strong><\/p>\n<\/div>\n<\/div>\n<div class=\"add-to-cart-container form-normal is-normal\"><\/div>\n","protected":false},"excerpt":{"rendered":"<p>21 x 6 cm<\/p>\n<h3><strong>see more <a href=\"https:\/\/minervashop.eu\/uudised\/ruumide-lohnastamine\/\">here<\/a><\/strong><\/h3>\n","protected":false},"featured_media":163666,"template":"","meta":[],"product_brand":[],"product_cat":[759,670,349,359,325,358],"product_tag":[],"class_list":{"0":"post-163602","1":"product","2":"type-product","3":"status-publish","4":"has-post-thumbnail","6":"product_cat-new-en","7":"product_cat-sale","8":"product_cat-odorless-candles","9":"product_cat-domnu-en","10":"product_cat-ker-en","11":"product_cat-rhiannon-en","12":"product_shipping_class-s-en","14":"first","15":"instock","16":"sale","17":"taxable","18":"shipping-taxable","19":"purchasable","20":"product-type-variable"},"_links":{"self":[{"href":"https:\/\/minervashop.eu\/en\/wp-json\/wp\/v2\/product\/163602","targetHints":{"allow":["GET"]}}],"collection":[{"href":"https:\/\/minervashop.eu\/en\/wp-json\/wp\/v2\/product"}],"about":[{"href":"https:\/\/minervashop.eu\/en\/wp-json\/wp\/v2\/types\/product"}],"wp:featuredmedia":[{"embeddable":true,"href":"https:\/\/minervashop.eu\/en\/wp-json\/wp\/v2\/media\/163666"}],"wp:attachment":[{"href":"https:\/\/minervashop.eu\/en\/wp-json\/wp\/v2\/media?parent=163602"}],"wp:term":[{"taxonomy":"product_brand","embeddable":true,"href":"https:\/\/minervashop.eu\/en\/wp-json\/wp\/v2\/product_brand?post=163602"},{"taxonomy":"product_cat","embeddable":true,"href":"https:\/\/minervashop.eu\/en\/wp-json\/wp\/v2\/product_cat?post=163602"},{"taxonomy":"product_tag","embeddable":true,"href":"https:\/\/minervashop.eu\/en\/wp-json\/wp\/v2\/product_tag?post=163602"}],"curies":[{"name":"wp","href":"https:\/\/api.w.org\/{rel}","templated":true}]}}